{"id":69658,"date":"2026-04-20T12:45:24","date_gmt":"2026-04-20T10:45:24","guid":{"rendered":"https:\/\/casana.nl\/?post_type=product&#038;p=69658"},"modified":"2026-04-23T10:19:32","modified_gmt":"2026-04-23T08:19:32","slug":"villa-4-chambres-piscine-privee-en-totana-2","status":"publish","type":"product","link":"https:\/\/casana.nl\/fr\/vente\/villa-4-chambres-piscine-privee-en-totana-2\/","title":{"rendered":"Villa 4 chambres piscine priv\u00e9e en Totana"},"content":{"rendered":"<p>Situ\u00e9e dans le prestigieux quartier de Carivete, pr\u00e8s de Totana, cette magnifique villa, exceptionnellement spacieuse, allie confort, intimit\u00e9 et beaut\u00e9 naturelle. Avec une surface habitable de 218m\u00b2, cette propri\u00e9t\u00e9 offre tout le confort souhait\u00e9, que ce soit pour une r\u00e9sidence principale ou une luxueuse maison de vacances.<\/p>\n<p>La villa dispose de quatre chambres spacieuses et de trois salles de bains \u00e9l\u00e9gantes, offrant un espace g\u00e9n\u00e9reux pour la famille et les invit\u00e9s. \u00c0 l&rsquo;int\u00e9rieur, vous d\u00e9couvrirez un int\u00e9rieur chaleureux et soign\u00e9, avec des ventilateurs de plafond et une chemin\u00e9e accueillante, id\u00e9ale pour les chaudes soir\u00e9es d&rsquo;\u00e9t\u00e9 comme pour les douces soir\u00e9es d&rsquo;hiver. La propri\u00e9t\u00e9 est vendue partiellement meubl\u00e9 avec tout l&rsquo;\u00e9lectrom\u00e9nager inclus. L&rsquo;impressionnant terrain de 7.680m\u00b2 est partiellement cl\u00f4tur\u00e9 et garantit une intimit\u00e9 et une tranquillit\u00e9 maximales. Vous pourrez y profiter d&rsquo;un magnifique jardin paysager arbor\u00e9, compos\u00e9 de plantes m\u00e9diterran\u00e9ennes, de fleurs color\u00e9es et d&rsquo;arbres majestueux qui cr\u00e9ent une atmosph\u00e8re idyllique. Les vastes terrasses offrent de nombreuses possibilit\u00e9s de d\u00e9tente et de profiter du plein air. Le joyau de cette villa est sans conteste sa grande piscine priv\u00e9e, \u00e9quip\u00e9e de jets et d&rsquo;une douche ext\u00e9rieure, id\u00e9ale pour se rafra\u00eechir lors des chaudes journ\u00e9es d&rsquo;\u00e9t\u00e9. L&rsquo;espace ext\u00e9rieur comprend \u00e9galement une cuisine d&rsquo;\u00e9t\u00e9 conviviale, une pergola et une spacieuse v\u00e9randa. Des commodit\u00e9s pratiques telles qu&rsquo;un abri voiture compl\u00e8tent ce bien, tandis que le magnifique balcon offre une vue imprenable sur les environs.<\/p>\n<p>Cette maison cl\u00e9 en main allie luxe, espace et un emplacement exceptionnel dans une r\u00e9gion r\u00e9put\u00e9e pour sa tranquillit\u00e9, sa nature \u00e9poustouflante et son histoire, \u00e0 proximit\u00e9 de La Bastida, un site remarquable de l&rsquo;\u00e2ge du bronze. Une occasion unique de devenir propri\u00e9taire d&rsquo;une villa exclusive dans un emplacement de choix&nbsp;; une visite vous convaincra.<\/p>\n<p>Totana: Ce village espagnol typique et plein de charme compte environ 30 000 habitants. Avec ses rues commer\u00e7antes pittoresques, son march\u00e9, son aire de jeux pour enfants et ses places anim\u00e9es bord\u00e9es de bars et de restaurants, le village est situ\u00e9 juste \u00e0 c\u00f4t\u00e9 de la magnifique r\u00e9serve naturelle de la Sierra Espu\u00f1a. Outre son cadre naturel exceptionnel, Totana permet de rejoindre la c\u00f4te espagnole en seulement 30 minutes. Le long de la c\u00f4te, vous d\u00e9couvrirez de magnifiques plages de sable fin et de superbes criques. Si vous visitez cette belle r\u00e9gion, ne manquez pas de d\u00e9couvrir les grandes villes comme Lorca, Murcie et Carthag\u00e8ne, et de fl\u00e2ner dans l&rsquo;un des authentiques petits villages espagnols.<\/p>\n","protected":false},"excerpt":{"rendered":"<p>Situ\u00e9e dans le prestigieux quartier de Carivete, pr\u00e8s de Totana, cette magnifique villa, exceptionnellement spacieuse, allie confort, intimit\u00e9 et beaut\u00e9<\/p>\n","protected":false},"featured_media":69649,"template":"","meta":{"_acf_changed":false,"ngg_post_thumbnail":0},"product_brand":[],"product_cat":[151,154],"product_tag":[],"class_list":{"0":"post-69658","1":"product","2":"type-product","3":"status-publish","4":"has-post-thumbnail","6":"product_cat-fincas-fr-fr-fr-fr","7":"product_cat-villas-chalets-fr-fr-fr","9":"first","10":"instock","11":"shipping-taxable","12":"purchasable","13":"product-type-simple"},"acf":[],"_links":{"self":[{"href":"https:\/\/casana.nl\/fr\/wp-json\/wp\/v2\/product\/69658","targetHints":{"allow":["GET"]}}],"collection":[{"href":"https:\/\/casana.nl\/fr\/wp-json\/wp\/v2\/product"}],"about":[{"href":"https:\/\/casana.nl\/fr\/wp-json\/wp\/v2\/types\/product"}],"wp:featuredmedia":[{"embeddable":true,"href":"https:\/\/casana.nl\/fr\/wp-json\/wp\/v2\/media\/69649"}],"wp:attachment":[{"href":"https:\/\/casana.nl\/fr\/wp-json\/wp\/v2\/media?parent=69658"}],"wp:term":[{"taxonomy":"product_brand","embeddable":true,"href":"https:\/\/casana.nl\/fr\/wp-json\/wp\/v2\/product_brand?post=69658"},{"taxonomy":"product_cat","embeddable":true,"href":"https:\/\/casana.nl\/fr\/wp-json\/wp\/v2\/product_cat?post=69658"},{"taxonomy":"product_tag","embeddable":true,"href":"https:\/\/casana.nl\/fr\/wp-json\/wp\/v2\/product_tag?post=69658"}],"curies":[{"name":"wp","href":"https:\/\/api.w.org\/{rel}","templated":true}]}}