{"id":69447,"date":"2026-04-16T15:16:39","date_gmt":"2026-04-16T13:16:39","guid":{"rendered":"https:\/\/casana.nl\/?post_type=product&#038;p=69447"},"modified":"2026-04-28T10:34:57","modified_gmt":"2026-04-28T08:34:57","slug":"villa-4-chambres-piscine-privee-en-totana","status":"publish","type":"product","link":"https:\/\/casana.nl\/fr\/vente\/villa-4-chambres-piscine-privee-en-totana\/","title":{"rendered":"Villa 4 chambres piscine priv\u00e9e en Totana"},"content":{"rendered":"<p>Cette impressionnante villa \u00e0 vendre \u00e0 Totana repr\u00e9sente une opportunit\u00e9 unique pour ceux qui recherchent espace, tranquillit\u00e9 et qualit\u00e9 de vie dans un cadre naturel privil\u00e9gi\u00e9. Sur un terrain de 5.347m\u00b2, jouxtant la maison sont cultiv\u00e9s des fruits et l\u00e9gumes. Une surface habitable de 409m\u00b2, la propri\u00e9t\u00e9 offre espace et confort dans chaque recoin. R\u00e9partie sur trois niveaux, elle comprend quatre chambres, trois salles de bains compl\u00e8tes, une grande cuisine enti\u00e8rement \u00e9quip\u00e9e, une salle \u00e0 manger lumineuse et des espaces de vie chaleureux. \u00c0 l&rsquo;ext\u00e9rieur, la maison dispose d&rsquo;un jardin priv\u00e9 arbor\u00e9 de diff\u00e9rentes essences, d&rsquo;une piscine priv\u00e9e, d&rsquo;une terrasse ensoleill\u00e9e et d&rsquo;un patio, id\u00e9al pour profiter du climat m\u00e9diterran\u00e9en tout au long de l&rsquo;ann\u00e9e. Elle est \u00e9quip\u00e9e de panneaux solaires, d&rsquo;un syst\u00e8me d&rsquo;eau potable et d&rsquo;irrigation par transfert, ainsi que d&rsquo;un monte-escalier pour les personnes \u00e0 mobilit\u00e9 r\u00e9duite, garantissant confort, fonctionnalit\u00e9 et accessibilit\u00e9. Situ\u00e9e dans un quartier calme, au sein d&rsquo;un site exceptionnellement bien pr\u00e9serv\u00e9, la propri\u00e9t\u00e9 est parfaite pour y vivre \u00e0 l&rsquo;ann\u00e9e ou comme r\u00e9sidence secondaire dans un environnement paisible et exclusif. Une villa de caract\u00e8re, pr\u00eate \u00e0 vous accueillir d\u00e8s le premier jour. \u00c0 quelques pas du village de Totana, en plein c\u0153ur des fincas espagnoles. Facile d&rsquo;acc\u00e8s, ce terrain est \u00e9galement proche d&rsquo;Alhama de Murcia et de la liaison avec Murcie centre ville.<\/p>\n<p>Le village de Totana est situ\u00e9 au pied du Parc Naturel de la Sierra Espu\u00f1a. Le village compte plusieurs commerces, dont un supermarch\u00e9, quelques bars et une mairie. Il est r\u00e9put\u00e9 pour ses f\u00eates r\u00e9gionales. Il se situe \u00e0 40 km de Murcie et \u00e0 seulement 30 minutes de Mazarr\u00f3n et de ses superbes plages.<\/p>\n","protected":false},"excerpt":{"rendered":"<p>Cette impressionnante villa \u00e0 vendre \u00e0 Totana repr\u00e9sente une opportunit\u00e9 unique pour ceux qui recherchent espace, tranquillit\u00e9 et qualit\u00e9 de<\/p>\n","protected":false},"featured_media":69274,"template":"","meta":{"_acf_changed":false,"ngg_post_thumbnail":0},"product_brand":[],"product_cat":[151,154],"product_tag":[],"class_list":{"0":"post-69447","1":"product","2":"type-product","3":"status-publish","4":"has-post-thumbnail","6":"product_cat-fincas-fr-fr-fr-fr","7":"product_cat-villas-chalets-fr-fr-fr","9":"first","10":"instock","11":"shipping-taxable","12":"purchasable","13":"product-type-simple"},"acf":[],"_links":{"self":[{"href":"https:\/\/casana.nl\/fr\/wp-json\/wp\/v2\/product\/69447","targetHints":{"allow":["GET"]}}],"collection":[{"href":"https:\/\/casana.nl\/fr\/wp-json\/wp\/v2\/product"}],"about":[{"href":"https:\/\/casana.nl\/fr\/wp-json\/wp\/v2\/types\/product"}],"wp:featuredmedia":[{"embeddable":true,"href":"https:\/\/casana.nl\/fr\/wp-json\/wp\/v2\/media\/69274"}],"wp:attachment":[{"href":"https:\/\/casana.nl\/fr\/wp-json\/wp\/v2\/media?parent=69447"}],"wp:term":[{"taxonomy":"product_brand","embeddable":true,"href":"https:\/\/casana.nl\/fr\/wp-json\/wp\/v2\/product_brand?post=69447"},{"taxonomy":"product_cat","embeddable":true,"href":"https:\/\/casana.nl\/fr\/wp-json\/wp\/v2\/product_cat?post=69447"},{"taxonomy":"product_tag","embeddable":true,"href":"https:\/\/casana.nl\/fr\/wp-json\/wp\/v2\/product_tag?post=69447"}],"curies":[{"name":"wp","href":"https:\/\/api.w.org\/{rel}","templated":true}]}}