{"id":69258,"date":"2026-04-22T12:51:01","date_gmt":"2026-04-22T10:51:01","guid":{"rendered":"https:\/\/casana.nl\/?post_type=product&#038;p=69258"},"modified":"2026-04-22T12:51:46","modified_gmt":"2026-04-22T10:51:46","slug":"nouvelle-construction-villas-de-luxe-residencial-las-cicas-3-chambres-piscine-privee-au-mazarron-country-club","status":"publish","type":"product","link":"https:\/\/casana.nl\/fr\/vente\/nouvelle-construction-villas-de-luxe-residencial-las-cicas-3-chambres-piscine-privee-au-mazarron-country-club\/","title":{"rendered":"Nouvelle construction villas de luxe Residencial Las Cicas 3 chambres piscine priv\u00e9e au Mazarron Country Club"},"content":{"rendered":"<p>D\u00e9couvrez ces trois superbes maisons neuves et modernes, situ\u00e9es au sein du prestigieux Mazarr\u00f3n Country Club, dans le charmant quartier r\u00e9sidentiel de Las Cicas. 3 chambres et 2 salle de bains. Alliant design \u00e9pur\u00e9 et fonctionnalit\u00e9, ces maisons spacieuses s&rsquo;\u00e9tendent sur trois niveaux et offrent un cadre de vie confortable et luxueux.<\/p>\n<p>Chaque maison dispose de grands espaces de vie lumineux, con\u00e7us pour optimiser la lumi\u00e8re naturelle et cr\u00e9er une atmosph\u00e8re chaleureuse et accueillante. L&rsquo;architecture moderne est sublim\u00e9e par de g\u00e9n\u00e9reuses terrasses, un solarium privatif et une piscine priv\u00e9e, id\u00e9aux pour se d\u00e9tendre et profiter du soleil espagnol. R\u00e9sidentiel de Las Cicas vous offre bien plus qu&rsquo;une simple maison: un style de vie unique. Ici, modernit\u00e9, d\u00e9tente, luxe et ambiance m\u00e9diterran\u00e9enne ensoleill\u00e9e se conjuguent harmonieusement.<\/p>\n<p>&nbsp;Prix a partir de \u20ac325.000,- Cl\u00e9 en main 2027.<\/p>\n<p><b>Mazarr\u00f3n Country Club<\/b>: Ce complexe est tr\u00e8s bien situ\u00e9 et enti\u00e8rement \u00e9quip\u00e9. Id\u00e9alement situ\u00e9 dans le complexe avec des piscines ext\u00e9rieures communes, supermarch\u00e9 et un restaurant espagnol. Il y a aussi de bonnes nouvelles pour les amateurs de golf, car le terrain de golf de Camposol est \u00e0 5 minutes en voiture.<\/p>\n<p><b>Environs:<\/b>&nbsp;Le centre de Mazarr\u00f3n est \u00e0 cinq minutes et dix minutes vous pouvez vous d\u00e9tendre sur la plage de Bolnuevo ou Puerto de Mazarron et vous verrez de belles baies le long de la c\u00f4te. Pour avoir une bonne impression de l\u2019environnement, visitez principalement la Sierra Espu\u00f1a, cette magnifique r\u00e9serve naturelle est \u00e0 environ 20 minutes du Mazarr\u00f3n Country Club.<\/p>\n","protected":false},"excerpt":{"rendered":"<p>D\u00e9couvrez ces trois superbes maisons neuves et modernes, situ\u00e9es au sein du prestigieux Mazarr\u00f3n Country Club, dans le charmant quartier<\/p>\n","protected":false},"featured_media":69225,"template":"","meta":{"_acf_changed":false,"ngg_post_thumbnail":0},"product_brand":[],"product_cat":[153,154,155],"product_tag":[],"class_list":{"0":"post-69258","1":"product","2":"type-product","3":"status-publish","4":"has-post-thumbnail","6":"product_cat-nouvelles-constructions-fr-fr-fr","7":"product_cat-villas-chalets-fr-fr-fr","8":"product_cat-villas-mazarron-country-club-fr-fr-fr","10":"first","11":"instock","12":"shipping-taxable","13":"purchasable","14":"product-type-simple"},"acf":[],"_links":{"self":[{"href":"https:\/\/casana.nl\/fr\/wp-json\/wp\/v2\/product\/69258","targetHints":{"allow":["GET"]}}],"collection":[{"href":"https:\/\/casana.nl\/fr\/wp-json\/wp\/v2\/product"}],"about":[{"href":"https:\/\/casana.nl\/fr\/wp-json\/wp\/v2\/types\/product"}],"wp:featuredmedia":[{"embeddable":true,"href":"https:\/\/casana.nl\/fr\/wp-json\/wp\/v2\/media\/69225"}],"wp:attachment":[{"href":"https:\/\/casana.nl\/fr\/wp-json\/wp\/v2\/media?parent=69258"}],"wp:term":[{"taxonomy":"product_brand","embeddable":true,"href":"https:\/\/casana.nl\/fr\/wp-json\/wp\/v2\/product_brand?post=69258"},{"taxonomy":"product_cat","embeddable":true,"href":"https:\/\/casana.nl\/fr\/wp-json\/wp\/v2\/product_cat?post=69258"},{"taxonomy":"product_tag","embeddable":true,"href":"https:\/\/casana.nl\/fr\/wp-json\/wp\/v2\/product_tag?post=69258"}],"curies":[{"name":"wp","href":"https:\/\/api.w.org\/{rel}","templated":true}]}}