{"id":69208,"date":"2026-04-01T11:32:09","date_gmt":"2026-04-01T09:32:09","guid":{"rendered":"https:\/\/casana.nl\/?post_type=product&#038;p=69208"},"modified":"2026-04-01T11:39:09","modified_gmt":"2026-04-01T09:39:09","slug":"villa-type-capricho-2-chambres-jacuzzi-au-mazarron-country-club","status":"publish","type":"product","link":"https:\/\/casana.nl\/fr\/vente\/villa-type-capricho-2-chambres-jacuzzi-au-mazarron-country-club\/","title":{"rendered":"Villa type Capricho 2 chambres jacuzzi au Mazarr\u00f3n Country Club"},"content":{"rendered":"<p>Cette magnifique villa de type Capricho, enti\u00e8rement r\u00e9nov\u00e9e, est le choix id\u00e9al pour ceux qui recherchent confort, style et durabilit\u00e9 dans un havre de paix, sans faire de compromis sur le luxe. Avec ses deux chambres spacieuses, sa 2 salles de bains moderne et son beau jardin bien entretenu, c&rsquo;est l&rsquo;endroit parfait pour profiter du plein air et du climat m\u00e9diterran\u00e9en.<\/p>\n<p>D\u00e8s l&rsquo;entr\u00e9e, vous serez s\u00e9duit par un int\u00e9rieur lumineux et spacieux. La cuisine moderne est \u00e9quip\u00e9e d&rsquo;appareils \u00e9lectrom\u00e9nagers int\u00e9gr\u00e9s. La maison dispose \u00e9galement de la climatisation pour un confort optimal en toute saison, et d&rsquo;un po\u00eale \u00e0 granul\u00e9s \u00e9cologique qui garantit une ambiance chaleureuse et \u00e9co\u00e9nerg\u00e9tique durant l&rsquo;hiver. La villa comprend deux chambres charmantes o\u00f9 vous pourrez profiter du calme et de l&rsquo;intimit\u00e9. Les salles de bains moderne est \u00e9l\u00e9gante et fonctionnelle.<\/p>\n<p>P\u00e9n\u00e9trez dans le jardin et d\u00e9couvrez une oasis de verdure et de tranquillit\u00e9. Ce jardin, en plus d&rsquo;\u00eatre magnifique, offre un vaste espace pour se d\u00e9tendre et se divertir, tout en profitant du jacuzzi. Profitez du soleil sur la terrasse ensoleill\u00e9e, avec la possibilit\u00e9 d&rsquo;y am\u00e9nager une piscine priv\u00e9e. Le stationnement n&rsquo;est pas un probl\u00e8me, car la villa dispose d&rsquo;une place de parking priv\u00e9e et d&rsquo;un garage. De plus, le syst\u00e8me de filtration d&rsquo;eau garantit une eau toujours d&rsquo;une qualit\u00e9 optimale, tandis que le syst\u00e8me solaire pour l&rsquo;eau chaude constitue une solution durable et \u00e9conomique pour r\u00e9duire votre consommation d&rsquo;\u00e9nergie.<\/p>\n<p>Que vous recherchiez une r\u00e9sidence secondaire ou principale, c&rsquo;est ici que vous pouvez r\u00e9aliser votre r\u00eave. Ne manquez pas cette opportunit\u00e9 et contactez-nous rapidement pour plus d&rsquo;informations ou pour organiser une visite.<\/p>\n<p><b>Mazarr\u00f3n Country Club<\/b>: Ce complexe est tr\u00e8s bien situ\u00e9 et enti\u00e8rement \u00e9quip\u00e9. Id\u00e9alement situ\u00e9 dans le complexe avec des piscines ext\u00e9rieures communes, supermarch\u00e9 et un restaurant espagnol. Il y a aussi de bonnes nouvelles pour les amateurs de golf, car le terrain de golf de Camposol est \u00e0 5 minutes en voiture.<\/p>\n<p><b>Environs:<\/b>&nbsp;Le centre de Mazarr\u00f3n est \u00e0 cinq minutes et dix minutes vous pouvez vous d\u00e9tendre sur la plage de Bolnuevo ou Puerto de Mazarron et vous verrez de belles baies le long de la c\u00f4te. Pour avoir une bonne impression de l\u2019environnement, visitez principalement la Sierra Espu\u00f1a, cette magnifique r\u00e9serve naturelle est \u00e0 environ 20 minutes du Mazarr\u00f3n Country Club.<\/p>\n","protected":false},"excerpt":{"rendered":"<p>Cette magnifique villa de type Capricho, enti\u00e8rement r\u00e9nov\u00e9e, est le choix id\u00e9al pour ceux qui recherchent confort, style et durabilit\u00e9<\/p>\n","protected":false},"featured_media":69200,"template":"","meta":{"_acf_changed":false,"ngg_post_thumbnail":0},"product_brand":[],"product_cat":[154,155],"product_tag":[],"class_list":{"0":"post-69208","1":"product","2":"type-product","3":"status-publish","4":"has-post-thumbnail","6":"product_cat-villas-chalets-fr-fr-fr","7":"product_cat-villas-mazarron-country-club-fr-fr-fr","9":"first","10":"instock","11":"shipping-taxable","12":"purchasable","13":"product-type-simple"},"acf":[],"_links":{"self":[{"href":"https:\/\/casana.nl\/fr\/wp-json\/wp\/v2\/product\/69208","targetHints":{"allow":["GET"]}}],"collection":[{"href":"https:\/\/casana.nl\/fr\/wp-json\/wp\/v2\/product"}],"about":[{"href":"https:\/\/casana.nl\/fr\/wp-json\/wp\/v2\/types\/product"}],"wp:featuredmedia":[{"embeddable":true,"href":"https:\/\/casana.nl\/fr\/wp-json\/wp\/v2\/media\/69200"}],"wp:attachment":[{"href":"https:\/\/casana.nl\/fr\/wp-json\/wp\/v2\/media?parent=69208"}],"wp:term":[{"taxonomy":"product_brand","embeddable":true,"href":"https:\/\/casana.nl\/fr\/wp-json\/wp\/v2\/product_brand?post=69208"},{"taxonomy":"product_cat","embeddable":true,"href":"https:\/\/casana.nl\/fr\/wp-json\/wp\/v2\/product_cat?post=69208"},{"taxonomy":"product_tag","embeddable":true,"href":"https:\/\/casana.nl\/fr\/wp-json\/wp\/v2\/product_tag?post=69208"}],"curies":[{"name":"wp","href":"https:\/\/api.w.org\/{rel}","templated":true}]}}