{"id":69055,"date":"2026-03-31T13:41:51","date_gmt":"2026-03-31T11:41:51","guid":{"rendered":"https:\/\/casana.nl\/?post_type=product&#038;p=69055"},"modified":"2026-04-09T11:51:21","modified_gmt":"2026-04-09T09:51:21","slug":"villa-type-capricho-2-chambres-piscine-privee-au-mazarron-country-club-7","status":"publish","type":"product","link":"https:\/\/casana.nl\/fr\/vente\/villa-type-capricho-2-chambres-piscine-privee-au-mazarron-country-club-7\/","title":{"rendered":"Villa type Capricho 2 chambres piscine priv\u00e9e au Mazarr\u00f3n Country Club"},"content":{"rendered":"<p>D\u00e9couvrez cette belle villa de type Capricho, situ\u00e9e dans le prestigieux complexe Mazarr\u00f3n Country Club. Cette maison pleine de charme comprend 2 chambres, 1 salle de bain et une piscine priv\u00e9e, ce qui en fait le choix id\u00e9al pour ceux qui recherchent calme, confort et une authentique exp\u00e9rience de la vie \u00e0 la campagne espagnole.<\/p>\n<p>La villa est \u00e9quip\u00e9e de la climatisation et d&rsquo;une eco-pellet chemin\u00e9e chaleureuse, vous permettant de profiter d&rsquo;une agr\u00e9able temp\u00e9rature int\u00e9rieure tout au long de l&rsquo;ann\u00e9e. La cuisine spacieuse, dot\u00e9e d&rsquo;appareils \u00e9lectrom\u00e9nagers int\u00e9gr\u00e9s. Situ\u00e9 sur un terrain g\u00e9n\u00e9reux de 300m\u00b2, cette propri\u00e9t\u00e9 offre une vue imprenable sur l&rsquo;avant, vous permettant de profiter pleinement de votre intimit\u00e9 et de la nature environnante. Dans le jardin, vous trouverez une piscine priv\u00e9e, id\u00e9ale pour se rafra\u00eechir lors des chaudes journ\u00e9es d&rsquo;\u00e9t\u00e9. La terrasse ensoleill\u00e9e invite \u00e0 la d\u00e9tente, tandis que le jardin soign\u00e9 cr\u00e9e une atmosph\u00e8re verdoyante et sereine.<\/p>\n<p>Cette villa est vendue meubl\u00e9e, \u00e9lectrom\u00e9nager compris, et dispose \u00e9galement d&rsquo;un garage spacieux. En bref, une magnifique maison dans un quartier calme et recherch\u00e9, id\u00e9ale comme r\u00e9sidence principale, secondaire ou investissement.<\/p>\n<p>Mazarr\u00f3n Country Club: Situ\u00e9 au c\u0153ur du complexe, le Country Club propose de superbes piscines ext\u00e9rieures, un supermarch\u00e9 Spar et un restaurant espagnol. Le golf de Camposol est \u00e0 seulement cinq minutes en voiture.<\/p>\n<p>Environment: Le centre de Mazarr\u00f3n est accessible en 5 minutes, et les plages de Bolnuevo et de Puerto de Mazarr\u00f3n en 10 minutes. En longeant la c\u00f4te, vous d\u00e9couvrirez de magnifiques criques et de charmantes petites plages o\u00f9 se baigner et profiter du soleil. Pour appr\u00e9cier pleinement la r\u00e9gion, ne manquez pas de visiter la Sierra Espu\u00f1a, cette superbe r\u00e9serve naturelle situ\u00e9e \u00e0 environ 20 minutes en voiture.<\/p>\n","protected":false},"excerpt":{"rendered":"<p>D\u00e9couvrez cette belle villa de type Capricho, situ\u00e9e dans le prestigieux complexe Mazarr\u00f3n Country Club. Cette maison pleine de charme<\/p>\n","protected":false},"featured_media":68966,"template":"","meta":{"_acf_changed":false,"ngg_post_thumbnail":0},"product_brand":[],"product_cat":[154,155],"product_tag":[],"class_list":{"0":"post-69055","1":"product","2":"type-product","3":"status-publish","4":"has-post-thumbnail","6":"product_cat-villas-chalets-fr-fr-fr","7":"product_cat-villas-mazarron-country-club-fr-fr-fr","9":"first","10":"instock","11":"shipping-taxable","12":"purchasable","13":"product-type-simple"},"acf":[],"_links":{"self":[{"href":"https:\/\/casana.nl\/fr\/wp-json\/wp\/v2\/product\/69055","targetHints":{"allow":["GET"]}}],"collection":[{"href":"https:\/\/casana.nl\/fr\/wp-json\/wp\/v2\/product"}],"about":[{"href":"https:\/\/casana.nl\/fr\/wp-json\/wp\/v2\/types\/product"}],"wp:featuredmedia":[{"embeddable":true,"href":"https:\/\/casana.nl\/fr\/wp-json\/wp\/v2\/media\/68966"}],"wp:attachment":[{"href":"https:\/\/casana.nl\/fr\/wp-json\/wp\/v2\/media?parent=69055"}],"wp:term":[{"taxonomy":"product_brand","embeddable":true,"href":"https:\/\/casana.nl\/fr\/wp-json\/wp\/v2\/product_brand?post=69055"},{"taxonomy":"product_cat","embeddable":true,"href":"https:\/\/casana.nl\/fr\/wp-json\/wp\/v2\/product_cat?post=69055"},{"taxonomy":"product_tag","embeddable":true,"href":"https:\/\/casana.nl\/fr\/wp-json\/wp\/v2\/product_tag?post=69055"}],"curies":[{"name":"wp","href":"https:\/\/api.w.org\/{rel}","templated":true}]}}