{"id":68637,"date":"2026-03-23T13:56:49","date_gmt":"2026-03-23T12:56:49","guid":{"rendered":"https:\/\/casana.nl\/?post_type=product&#038;p=68637"},"modified":"2026-03-24T18:08:23","modified_gmt":"2026-03-24T17:08:23","slug":"villa-de-plage-2-chambres-a-cote-de-lorca-en-puntas-de-calnegre","status":"publish","type":"product","link":"https:\/\/casana.nl\/fr\/vente\/villa-de-plage-2-chambres-a-cote-de-lorca-en-puntas-de-calnegre\/","title":{"rendered":"Villa de plage 2 chambres a cote de Lorca en Puntas de Calnegre"},"content":{"rendered":"<p>Maison de p\u00eacheur unique en bord de mer \u00e0 Puntas de Calnegre. Vous r\u00eavez de vivre sur la plage? Cette maison de p\u00eacheur de 73m\u00b2, enti\u00e8rement r\u00e9nov\u00e9e et situ\u00e9e dans la charmante station baln\u00e9aire de Puntas de Calnegre, vous offre une opportunit\u00e9 exceptionnelle. Gr\u00e2ce \u00e0 son emplacement privil\u00e9gi\u00e9 en bord de mer, vous profiterez chaque jour de levers et couchers de soleil \u00e0 couper le souffle. Le salon chaleureux offre une vue imprenable sur la mer M\u00e9diterran\u00e9e et est l&rsquo;endroit id\u00e9al pour se d\u00e9tendre. La cuisine est enti\u00e8rement \u00e9quip\u00e9e, parfaite pour un usage quotidien comme pour des d\u00eeners conviviaux.<\/p>\n<p>La maison comprend deux chambres confortables et une salle de bain soign\u00e9e, rendant l&rsquo;espace \u00e0 la fois pratique et agr\u00e9able. L&rsquo;un des atouts majeurs est la terrasse : entour\u00e9e de deux c\u00f4t\u00e9s, elle vous permet de profiter du soleil et de la vie en plein air \u00e0 l&rsquo;abri des intemp\u00e9ries tout au long de l&rsquo;ann\u00e9e. Un portail priv\u00e9 vous donne un acc\u00e8s direct \u00e0 la plage, faisant de la mer votre jardin. Un lieu unique pour ceux qui recherchent la tranquillit\u00e9, la nature et une exp\u00e9rience de vie baln\u00e9aire incomparable.<\/p>\n<p>Puntas de Calnegre: Les plages et les criques de Puntas de Calnegre forment un lieu magique, un joyau encore m\u00e9connu de la Costa Calida. Plages et criques immacul\u00e9es. Un magnifique sentier de randonn\u00e9e. Un trajet en voiture le long de la c\u00f4te vaut \u00e9galement le d\u00e9tour. D\u00e9couvrez cette superbe r\u00e9gion et visitez les grandes villes comme Murcie et Carthag\u00e8ne. Mais les grandes villes ne sont pas les seules \u00e0 m\u00e9riter une visite ; fl\u00e2nez aussi dans les ruelles des authentiques villages espagnols.<\/p>\n<p>Regarde le video de cette unique maison de plage:<\/p>\n<p><iframe loading=\"lazy\" title=\"Spanish house, beach Puntas de Calnegre, Playas de Lorca #puntasdecalnegre #costacalidabeachhouse\" width=\"422\" height=\"750\" src=\"https:\/\/www.youtube.com\/embed\/5fx_JOsg798?feature=oembed\" frameborder=\"0\" allow=\"accelerometer; autoplay; clipboard-write; encrypted-media; gyroscope; picture-in-picture; web-share\" referrerpolicy=\"strict-origin-when-cross-origin\" allowfullscreen><\/iframe><\/p>\n","protected":false},"excerpt":{"rendered":"<p>Maison de p\u00eacheur unique en bord de mer \u00e0 Puntas de Calnegre. Vous r\u00eavez de vivre sur la plage? Cette<\/p>\n","protected":false},"featured_media":68578,"template":"","meta":{"_acf_changed":false,"ngg_post_thumbnail":0},"product_brand":[],"product_cat":[154],"product_tag":[],"class_list":{"0":"post-68637","1":"product","2":"type-product","3":"status-publish","4":"has-post-thumbnail","6":"product_cat-villas-chalets-fr-fr-fr","8":"first","9":"instock","10":"shipping-taxable","11":"purchasable","12":"product-type-simple"},"acf":[],"_links":{"self":[{"href":"https:\/\/casana.nl\/fr\/wp-json\/wp\/v2\/product\/68637","targetHints":{"allow":["GET"]}}],"collection":[{"href":"https:\/\/casana.nl\/fr\/wp-json\/wp\/v2\/product"}],"about":[{"href":"https:\/\/casana.nl\/fr\/wp-json\/wp\/v2\/types\/product"}],"wp:featuredmedia":[{"embeddable":true,"href":"https:\/\/casana.nl\/fr\/wp-json\/wp\/v2\/media\/68578"}],"wp:attachment":[{"href":"https:\/\/casana.nl\/fr\/wp-json\/wp\/v2\/media?parent=68637"}],"wp:term":[{"taxonomy":"product_brand","embeddable":true,"href":"https:\/\/casana.nl\/fr\/wp-json\/wp\/v2\/product_brand?post=68637"},{"taxonomy":"product_cat","embeddable":true,"href":"https:\/\/casana.nl\/fr\/wp-json\/wp\/v2\/product_cat?post=68637"},{"taxonomy":"product_tag","embeddable":true,"href":"https:\/\/casana.nl\/fr\/wp-json\/wp\/v2\/product_tag?post=68637"}],"curies":[{"name":"wp","href":"https:\/\/api.w.org\/{rel}","templated":true}]}}