{"id":68538,"date":"2026-03-20T07:59:44","date_gmt":"2026-03-20T06:59:44","guid":{"rendered":"https:\/\/casana.nl\/?post_type=product&#038;p=68538"},"modified":"2026-03-20T10:59:23","modified_gmt":"2026-03-20T09:59:23","slug":"finca-2-chambres-piscine-privee-a-cote-de-aledo-murcia","status":"publish","type":"product","link":"https:\/\/casana.nl\/fr\/vente\/finca-2-chambres-piscine-privee-a-cote-de-aledo-murcia\/","title":{"rendered":"Finca 2 chambres piscine priv\u00e9e a c\u00f4t\u00e9 de Aledo Murcia"},"content":{"rendered":"<p>Une belle finca, situ\u00e9e \u00e0 la p\u00e9riph\u00e9rie du village d\u2019Aledo. Le terrain est situ\u00e9 au pied de la belle nature de la Sierra Espuna. Le terrain se compose de trois parcelles d\u2019une superficie totale de 26.000m2. Le 1er et le 2\u00e8me terrain sont enti\u00e8rement cl\u00f4tur\u00e9s. La maison a une surface habitable de 121m2.<\/p>\n<p>Par un double portail, vous entrez dans la propri\u00e9t\u00e9 avec une all\u00e9e menant \u00e0 la finca avec une piscine priv\u00e9e et une grande terrasse. Il y a un spacieux salon ouvert, une salle \u00e0 manger, une cuisine avec une grande chemin\u00e9e int\u00e9gr\u00e9e. Adjacent au salon se trouvent deux chambres. Les deux chambres ont des toilettes priv\u00e9es, une douche et un lavabo. Sur le terrain, vous trouverez un studio avec un canap\u00e9-lit et un lavabo qui peut \u00eatre utilis\u00e9 comme 3\u00e8me chambre. Il existe \u00e9galement des \u00e9curies, compos\u00e9es de 3 \u00e9l\u00e9ments. Cette finca vaut le d\u00e9tour car elle offre de nombreuses possibilit\u00e9s.<\/p>\n<p>Le village d\u2019Aledo est \u00e0 15 minutes, Lorca et Totana sont \u00e0 25 minutes en voiture. Aledo est situ\u00e9 dans la zone du parc national de la Sierra Espu\u00f1a. C\u2019est un petit village de moins de 1000 habitants, couronn\u00e9 par un beau ch\u00e2teau et une forteresse. Il dispose de nombreux magasins, supermarch\u00e9s, bars et de la mairie. Le village est c\u00e9l\u00e8bre pour ses festivals dans la r\u00e9gion.<\/p>\n","protected":false},"excerpt":{"rendered":"<p>Une belle finca, situ\u00e9e \u00e0 la p\u00e9riph\u00e9rie du village d\u2019Aledo. Le terrain est situ\u00e9 au pied de la belle nature<\/p>\n","protected":false},"featured_media":68385,"template":"","meta":{"_acf_changed":false,"ngg_post_thumbnail":0},"product_brand":[],"product_cat":[151],"product_tag":[],"class_list":{"0":"post-68538","1":"product","2":"type-product","3":"status-publish","4":"has-post-thumbnail","6":"product_cat-fincas-fr-fr-fr-fr","8":"first","9":"instock","10":"shipping-taxable","11":"purchasable","12":"product-type-simple"},"acf":[],"_links":{"self":[{"href":"https:\/\/casana.nl\/fr\/wp-json\/wp\/v2\/product\/68538","targetHints":{"allow":["GET"]}}],"collection":[{"href":"https:\/\/casana.nl\/fr\/wp-json\/wp\/v2\/product"}],"about":[{"href":"https:\/\/casana.nl\/fr\/wp-json\/wp\/v2\/types\/product"}],"wp:featuredmedia":[{"embeddable":true,"href":"https:\/\/casana.nl\/fr\/wp-json\/wp\/v2\/media\/68385"}],"wp:attachment":[{"href":"https:\/\/casana.nl\/fr\/wp-json\/wp\/v2\/media?parent=68538"}],"wp:term":[{"taxonomy":"product_brand","embeddable":true,"href":"https:\/\/casana.nl\/fr\/wp-json\/wp\/v2\/product_brand?post=68538"},{"taxonomy":"product_cat","embeddable":true,"href":"https:\/\/casana.nl\/fr\/wp-json\/wp\/v2\/product_cat?post=68538"},{"taxonomy":"product_tag","embeddable":true,"href":"https:\/\/casana.nl\/fr\/wp-json\/wp\/v2\/product_tag?post=68538"}],"curies":[{"name":"wp","href":"https:\/\/api.w.org\/{rel}","templated":true}]}}