{"id":68318,"date":"2026-03-17T13:55:53","date_gmt":"2026-03-17T12:55:53","guid":{"rendered":"https:\/\/casana.nl\/?post_type=product&#038;p=68318"},"modified":"2026-03-25T08:50:37","modified_gmt":"2026-03-25T07:50:37","slug":"villa-type-capricho-2-chambres-piscine-privee-au-mazarron-country-club-6","status":"publish","type":"product","link":"https:\/\/casana.nl\/fr\/vente\/villa-type-capricho-2-chambres-piscine-privee-au-mazarron-country-club-6\/","title":{"rendered":"Villa type Capricho 2 chambres piscine priv\u00e9e au Mazarron Country Club"},"content":{"rendered":"<p>D\u00e9couvrez cette charmante villa Capricho au sein du prestigieux Mazarr\u00f3n Country Club, une demeure id\u00e9ale pour ceux qui recherchent calme, confort et l&rsquo;authentique art de vivre \u00e0 la campagne espagnole.<\/p>\n<p>Cette villa pleine de charme, avec ses 2 chambres et sa salle de bain, offre une parfaite harmonie entre int\u00e9rieur et ext\u00e9rieur. Lumineuse et confortable, elle b\u00e9n\u00e9ficie d&rsquo;une situation privil\u00e9gi\u00e9e sur un terrain de 399m2, une belle vue d\u00e9gag\u00e9e \u00e0 l&rsquo;avant de la maison vous permettant de profiter pleinement de votre intimit\u00e9 et de la nature environnante. \u00c0 l&rsquo;ext\u00e9rieur, vous trouverez une piscine priv\u00e9e, id\u00e9ale pour se rafra\u00eechir durant les chaudes journ\u00e9es d&rsquo;\u00e9t\u00e9 espagnoles. La terrasse ensoleill\u00e9e invite \u00e0 la d\u00e9tente, tandis que le jardin soign\u00e9 cr\u00e9e une atmosph\u00e8re agr\u00e9able et verdoyante. Pour des soir\u00e9es conviviales en famille ou entre amis, une pergola avec barbecue est \u00e0 votre disposition, parfaite pour de longs d\u00eeners en plein air et pour profiter du climat m\u00e9diterran\u00e9en.<\/p>\n<p>En r\u00e9sum\u00e9, une magnifique maison dans un quartier calme et recherch\u00e9, id\u00e9ale comme r\u00e9sidence principale, maison de vacances ou investissement.<\/p>\n<p>Vendu partiellement meublee inclus produits \u00e9lectrom\u00e9nag\u00e8re<\/p>\n<p><b>Mazarr\u00f3n Country Club<\/b>: Ce complexe est tr\u00e8s bien situ\u00e9 et enti\u00e8rement \u00e9quip\u00e9. Id\u00e9alement situ\u00e9 dans le complexe avec des piscines ext\u00e9rieures communes, supermarch\u00e9 et un restaurant espagnol. Il y a aussi de bonnes nouvelles pour les amateurs de golf, car le terrain de golf de Camposol est \u00e0 5 minutes en voiture.<\/p>\n<p><b>Environs:<\/b>&nbsp;Le centre de Mazarr\u00f3n est \u00e0 cinq minutes et dix minutes vous pouvez vous d\u00e9tendre sur la plage de Bolnuevo ou Puerto de Mazarron et vous verrez de belles baies le long de la c\u00f4te. Pour avoir une bonne impression de l\u2019environnement, visitez principalement la Sierra Espu\u00f1a, cette magnifique r\u00e9serve naturelle est \u00e0 environ 20 minutes du Mazarr\u00f3n Country Club.<\/p>\n","protected":false},"excerpt":{"rendered":"<p>D\u00e9couvrez cette charmante villa Capricho au sein du prestigieux Mazarr\u00f3n Country Club, une demeure id\u00e9ale pour ceux qui recherchent calme,<\/p>\n","protected":false},"featured_media":68174,"template":"","meta":{"_acf_changed":false,"ngg_post_thumbnail":0},"product_brand":[],"product_cat":[154,155],"product_tag":[],"class_list":{"0":"post-68318","1":"product","2":"type-product","3":"status-publish","4":"has-post-thumbnail","6":"product_cat-villas-chalets-fr-fr-fr","7":"product_cat-villas-mazarron-country-club-fr-fr-fr","9":"first","10":"instock","11":"shipping-taxable","12":"purchasable","13":"product-type-simple"},"acf":[],"_links":{"self":[{"href":"https:\/\/casana.nl\/fr\/wp-json\/wp\/v2\/product\/68318","targetHints":{"allow":["GET"]}}],"collection":[{"href":"https:\/\/casana.nl\/fr\/wp-json\/wp\/v2\/product"}],"about":[{"href":"https:\/\/casana.nl\/fr\/wp-json\/wp\/v2\/types\/product"}],"wp:featuredmedia":[{"embeddable":true,"href":"https:\/\/casana.nl\/fr\/wp-json\/wp\/v2\/media\/68174"}],"wp:attachment":[{"href":"https:\/\/casana.nl\/fr\/wp-json\/wp\/v2\/media?parent=68318"}],"wp:term":[{"taxonomy":"product_brand","embeddable":true,"href":"https:\/\/casana.nl\/fr\/wp-json\/wp\/v2\/product_brand?post=68318"},{"taxonomy":"product_cat","embeddable":true,"href":"https:\/\/casana.nl\/fr\/wp-json\/wp\/v2\/product_cat?post=68318"},{"taxonomy":"product_tag","embeddable":true,"href":"https:\/\/casana.nl\/fr\/wp-json\/wp\/v2\/product_tag?post=68318"}],"curies":[{"name":"wp","href":"https:\/\/api.w.org\/{rel}","templated":true}]}}