{"id":68041,"date":"2026-03-12T10:20:01","date_gmt":"2026-03-12T09:20:01","guid":{"rendered":"https:\/\/casana.nl\/?post_type=product&#038;p=68041"},"modified":"2026-03-12T10:20:54","modified_gmt":"2026-03-12T09:20:54","slug":"nouvelle-construction-villas-jumelee-4-chambres-piscine-privee-en-aguilas","status":"publish","type":"product","link":"https:\/\/casana.nl\/fr\/vente\/nouvelle-construction-villas-jumelee-4-chambres-piscine-privee-en-aguilas\/","title":{"rendered":"Nouvelle construction villas jumel\u00e9e 4 chambres piscine priv\u00e9e en Aguilas"},"content":{"rendered":"<p>Residencial Amaz\u00f3nico est un projet exclusif de maisons modernes \u00e0 \u00c1guilas, situ\u00e9 dans le quartier r\u00e9sidentiel de Los Jardines, l&rsquo;un des plus calmes et pris\u00e9s de la ville. Ce projet propose des villas jumel\u00e9es contemporaines de 4 chambres et 3 salles de bains.<\/p>\n<p>Les maisons offrent une surface habitable d&rsquo;environ 188 m\u00b2.<\/p>\n<p>Le rez-de-chauss\u00e9e comprend un spectaculaire espace de vie ouvert avec salle \u00e0 manger et de grandes baies vitr\u00e9es donnant directement sur un jardin privatif de 66 m\u00b2 agr\u00e9ment\u00e9 d&rsquo;une piscine. Les \u00e9tages sup\u00e9rieurs abritent quatre chambres spacieuses et lumineuses. Les maisons disposent \u00e9galement de trois salles de bains compl\u00e8tes aux finitions luxueuses, modernes et fonctionnelles.<\/p>\n<p>Chaque maison b\u00e9n\u00e9ficie \u00e9galement d&rsquo;une grande cuisine fonctionnelle, d&rsquo;un jardin privatif, d&rsquo;une piscine priv\u00e9e et d&rsquo;une place de parking, offrant un cadre de vie exclusif dans un quartier r\u00e9sidentiel s\u00e9curis\u00e9. Residencial Amaz\u00f3nico repr\u00e9sente une opportunit\u00e9 unique d&rsquo;acqu\u00e9rir une maison neuve \u00e0 \u00c1guilas, au design moderne, avec piscine priv\u00e9e et espaces ext\u00e9rieurs spacieux, dans l&rsquo;un des meilleurs quartiers r\u00e9sidentiels de la Costa C\u00e1lida.<\/p>\n<p>Prix a partir de: \u20ac399&nbsp;000,-<\/p>\n<p>\u00c1guilas, Murcia, offre de nombreux espaces verts, des \u00e9coles, des supermarch\u00e9s, des centres de sant\u00e9 et toutes les commodit\u00e9s \u00e0 proximit\u00e9 imm\u00e9diate, ainsi qu\u2019un excellent acc\u00e8s au centre-ville et aux grands axes routiers.<\/p>\n","protected":false},"excerpt":{"rendered":"<p>Residencial Amaz\u00f3nico est un projet exclusif de maisons modernes \u00e0 \u00c1guilas, situ\u00e9 dans le quartier r\u00e9sidentiel de Los Jardines, l&rsquo;un<\/p>\n","protected":false},"featured_media":68007,"template":"","meta":{"_acf_changed":false,"ngg_post_thumbnail":0},"product_brand":[],"product_cat":[153,154],"product_tag":[],"class_list":{"0":"post-68041","1":"product","2":"type-product","3":"status-publish","4":"has-post-thumbnail","6":"product_cat-nouvelles-constructions-fr-fr-fr","7":"product_cat-villas-chalets-fr-fr-fr","9":"first","10":"instock","11":"shipping-taxable","12":"purchasable","13":"product-type-simple"},"acf":[],"_links":{"self":[{"href":"https:\/\/casana.nl\/fr\/wp-json\/wp\/v2\/product\/68041","targetHints":{"allow":["GET"]}}],"collection":[{"href":"https:\/\/casana.nl\/fr\/wp-json\/wp\/v2\/product"}],"about":[{"href":"https:\/\/casana.nl\/fr\/wp-json\/wp\/v2\/types\/product"}],"wp:featuredmedia":[{"embeddable":true,"href":"https:\/\/casana.nl\/fr\/wp-json\/wp\/v2\/media\/68007"}],"wp:attachment":[{"href":"https:\/\/casana.nl\/fr\/wp-json\/wp\/v2\/media?parent=68041"}],"wp:term":[{"taxonomy":"product_brand","embeddable":true,"href":"https:\/\/casana.nl\/fr\/wp-json\/wp\/v2\/product_brand?post=68041"},{"taxonomy":"product_cat","embeddable":true,"href":"https:\/\/casana.nl\/fr\/wp-json\/wp\/v2\/product_cat?post=68041"},{"taxonomy":"product_tag","embeddable":true,"href":"https:\/\/casana.nl\/fr\/wp-json\/wp\/v2\/product_tag?post=68041"}],"curies":[{"name":"wp","href":"https:\/\/api.w.org\/{rel}","templated":true}]}}