{"id":67976,"date":"2026-03-06T09:21:34","date_gmt":"2026-03-06T08:21:34","guid":{"rendered":"https:\/\/casana.nl\/?post_type=product&#038;p=67976"},"modified":"2026-04-14T08:45:34","modified_gmt":"2026-04-14T06:45:34","slug":"villa-type-paraiso-3-chambres-piscine-privee-au-mazarron-country-club-2","status":"publish","type":"product","link":"https:\/\/casana.nl\/fr\/vente\/villa-type-paraiso-3-chambres-piscine-privee-au-mazarron-country-club-2\/","title":{"rendered":"Villa type Paraiso 3 chambres piscine priv\u00e9e au Mazarr\u00f3n Country Club"},"content":{"rendered":"<p>Au sein du prestigieux Mazarr\u00f3n Country Club, nous vous pr\u00e9sentons cette superbe villa type Paraiso, parfaitement entretenue et situ\u00e9e sur un vaste terrain offrant une intimit\u00e9 totale. La propri\u00e9t\u00e9 comprend 3 chambres et 2 salles de bains et allie \u00e0 merveille confort, espace et charme m\u00e9diterran\u00e9en.<\/p>\n<p>L&rsquo;entr\u00e9e m\u00e8ne \u00e0 un s\u00e9jour\/salle \u00e0 manger lumineux et a\u00e9r\u00e9, agr\u00e9ment\u00e9 d&rsquo;une chemin\u00e9e et d&rsquo;une climatisation r\u00e9versible pour un confort optimal en toute saison. Ce qui rend cette propri\u00e9t\u00e9 si exceptionnelle, ce sont ses terrasses et son magnifique jardin paysager avec une grande piscine priv\u00e9e, un lieu parfait pour se d\u00e9tendre ou recevoir. La cuisine est enti\u00e8rement \u00e9quip\u00e9e d&rsquo;appareils modernes et offre tout le confort n\u00e9cessaire au quotidien. Au rez-de-chauss\u00e9e, vous trouverez deux chambres confortables avec placards int\u00e9gr\u00e9s et une salle de bains compl\u00e8te. L&rsquo;escalier du s\u00e9jour m\u00e8ne au premier \u00e9tage, o\u00f9 se trouve une spacieuse suite parentale, \u00e9galement \u00e9quip\u00e9e de placards int\u00e9gr\u00e9s, d&rsquo;une salle de bains privative et d&rsquo;un acc\u00e8s \u00e0 un grand balcon offrant une vue imprenable sur les environs et le complexe. Un grand parking\/carport.<\/p>\n<p>Cette villa est vendue meubl\u00e9e, \u00e9lectrom\u00e9nager compris. Pr\u00eate \u00e0 emm\u00e9nager, elle est id\u00e9ale comme r\u00e9sidence principale, maison de vacances ou investissement. Une visite s&rsquo;impose&nbsp;: vous serez conquis par l&rsquo;espace, le confort et l&#8217;emplacement de cette magnifique villa.<\/p>\n<p>&nbsp;<b>Mazarr\u00f3n Country Club<\/b>: Ce complexe est tr\u00e8s bien situ\u00e9 et enti\u00e8rement \u00e9quip\u00e9. Id\u00e9alement situ\u00e9 dans le complexe avec des piscines ext\u00e9rieures communes, supermarch\u00e9 et un restaurant espagnol. Il y a aussi de bonnes nouvelles pour les amateurs de golf, car le terrain de golf de Camposol est \u00e0 5 minutes en voiture.<\/p>\n<p><b>Environs:<\/b>&nbsp;Le centre de Mazarr\u00f3n est \u00e0 cinq minutes et dix minutes vous pouvez vous d\u00e9tendre sur la plage de Bolnuevo ou Puerto de Mazarron et vous verrez de belles baies le long de la c\u00f4te. Pour avoir une bonne impression de l\u2019environnement, visitez principalement la Sierra Espu\u00f1a, cette magnifique r\u00e9serve naturelle est \u00e0 environ 20 minutes du Mazarr\u00f3n Country Club.<\/p>\n","protected":false},"excerpt":{"rendered":"<p>Au sein du prestigieux Mazarr\u00f3n Country Club, nous vous pr\u00e9sentons cette superbe villa type Paraiso, parfaitement entretenue et situ\u00e9e sur<\/p>\n","protected":false},"featured_media":68083,"template":"","meta":{"_acf_changed":false,"ngg_post_thumbnail":0},"product_brand":[],"product_cat":[154,155],"product_tag":[],"class_list":{"0":"post-67976","1":"product","2":"type-product","3":"status-publish","4":"has-post-thumbnail","6":"product_cat-villas-chalets-fr-fr-fr","7":"product_cat-villas-mazarron-country-club-fr-fr-fr","9":"first","10":"instock","11":"shipping-taxable","12":"product-type-simple"},"acf":[],"_links":{"self":[{"href":"https:\/\/casana.nl\/fr\/wp-json\/wp\/v2\/product\/67976","targetHints":{"allow":["GET"]}}],"collection":[{"href":"https:\/\/casana.nl\/fr\/wp-json\/wp\/v2\/product"}],"about":[{"href":"https:\/\/casana.nl\/fr\/wp-json\/wp\/v2\/types\/product"}],"wp:featuredmedia":[{"embeddable":true,"href":"https:\/\/casana.nl\/fr\/wp-json\/wp\/v2\/media\/68083"}],"wp:attachment":[{"href":"https:\/\/casana.nl\/fr\/wp-json\/wp\/v2\/media?parent=67976"}],"wp:term":[{"taxonomy":"product_brand","embeddable":true,"href":"https:\/\/casana.nl\/fr\/wp-json\/wp\/v2\/product_brand?post=67976"},{"taxonomy":"product_cat","embeddable":true,"href":"https:\/\/casana.nl\/fr\/wp-json\/wp\/v2\/product_cat?post=67976"},{"taxonomy":"product_tag","embeddable":true,"href":"https:\/\/casana.nl\/fr\/wp-json\/wp\/v2\/product_tag?post=67976"}],"curies":[{"name":"wp","href":"https:\/\/api.w.org\/{rel}","templated":true}]}}