{"id":66947,"date":"2026-01-28T09:55:28","date_gmt":"2026-01-28T08:55:28","guid":{"rendered":"https:\/\/casana.nl\/?post_type=product&#038;p=66947"},"modified":"2026-03-17T10:41:42","modified_gmt":"2026-03-17T09:41:42","slug":"villa-type-capricho-2-chambres-piscine-privee-au-mazarron-country-club-4","status":"publish","type":"product","link":"https:\/\/casana.nl\/fr\/vente\/villa-type-capricho-2-chambres-piscine-privee-au-mazarron-country-club-4\/","title":{"rendered":"Villa type Capricho 2 chambres piscine priv\u00e9e au Mazarr\u00f3n Country Club"},"content":{"rendered":"<p>Cette villa Capricho, parfaitement entretenue, comprend 2 chambres, chambre dans la tour, 2 salles de bains et une piscine priv\u00e9e. Situ\u00e9 sur un terrain spacieux (expos\u00e9 au sud) de 580m2 en bordure du magnifique Mazarr\u00f3n Country Club.<\/p>\n<p>L&rsquo;entr\u00e9e principale m\u00e8ne \u00e0 une cuisine ouverte sur le s\u00e9jour, agr\u00e9ment\u00e9e d&rsquo;un coin repas circulaire et d&rsquo;une chemin\u00e9e \u00e0 granul\u00e9s \u00e9cologique. La cuisine, enti\u00e8rement \u00e9quip\u00e9e, s&rsquo;ouvre sur une terrasse\/v\u00e9randa couverte attenante, donnant sur le jardin et la piscine priv\u00e9e. Cette derni\u00e8re est entour\u00e9e d&rsquo;une jolie cl\u00f4ture et de gazon synth\u00e9tique, id\u00e9ale pour la s\u00e9curit\u00e9 des jeunes enfants. Deux chambres avec placards int\u00e9gr\u00e9s et une salle de bains sont accessibles depuis le s\u00e9jour. La villa est enti\u00e8rement climatis\u00e9e et \u00e9quip\u00e9e de ventilateurs de plafond.<\/p>\n<p>\u00c0 l&rsquo;ext\u00e9rieur, une cuisine d&rsquo;\u00e9t\u00e9 couverte et enti\u00e8rement \u00e9quip\u00e9e comprend un barbecue. Un escalier fixe, situ\u00e9 sur le c\u00f4t\u00e9 de la villa, m\u00e8ne \u00e0 la terrasse sur le toit offrant une vue imprenable. La chambre de la tour est actuellement utilis\u00e9e comme chambre suppl\u00e9mentaire. Le carport est \u00e9quip\u00e9 d&rsquo;un portail automatique. Le magnifique jardin b\u00e9n\u00e9ficie d&rsquo;un syst\u00e8me d&rsquo;arrosage automatique.<\/p>\n<p>La villa est vendue partiellement meubl\u00e9e, \u00e9lectrom\u00e9nager inclus. \u00c0 visiter absolument!<\/p>\n<p><b>Mazarr\u00f3n Country Club<\/b>: Ce complexe est tr\u00e8s bien situ\u00e9 et enti\u00e8rement \u00e9quip\u00e9. Id\u00e9alement situ\u00e9 dans le complexe avec des piscines ext\u00e9rieures communes, supermarch\u00e9 et un restaurant espagnol. Il y a aussi de bonnes nouvelles pour les amateurs de golf, car le terrain de golf de Camposol est \u00e0 5 minutes en voiture.<\/p>\n<p><b>Environs:<\/b>&nbsp;Le centre de Mazarr\u00f3n est \u00e0 cinq minutes et dix minutes vous pouvez vous d\u00e9tendre sur la plage de Bolnuevo ou Puerto de Mazarron et vous verrez de belles baies le long de la c\u00f4te. Pour avoir une bonne impression de l\u2019environnement, visitez principalement la Sierra Espu\u00f1a, cette magnifique r\u00e9serve naturelle est \u00e0 environ 20 minutes du Mazarr\u00f3n Country Club.<\/p>\n","protected":false},"excerpt":{"rendered":"<p>Cette villa Capricho, parfaitement entretenue, comprend 2 chambres, chambre dans la tour, 2 salles de bains et une piscine priv\u00e9e.<\/p>\n","protected":false},"featured_media":66848,"template":"","meta":{"_acf_changed":false,"ngg_post_thumbnail":0},"product_brand":[],"product_cat":[154,155],"product_tag":[],"class_list":{"0":"post-66947","1":"product","2":"type-product","3":"status-publish","4":"has-post-thumbnail","6":"product_cat-villas-chalets-fr-fr-fr","7":"product_cat-villas-mazarron-country-club-fr-fr-fr","9":"first","10":"instock","11":"shipping-taxable","12":"product-type-simple"},"acf":[],"_links":{"self":[{"href":"https:\/\/casana.nl\/fr\/wp-json\/wp\/v2\/product\/66947","targetHints":{"allow":["GET"]}}],"collection":[{"href":"https:\/\/casana.nl\/fr\/wp-json\/wp\/v2\/product"}],"about":[{"href":"https:\/\/casana.nl\/fr\/wp-json\/wp\/v2\/types\/product"}],"wp:featuredmedia":[{"embeddable":true,"href":"https:\/\/casana.nl\/fr\/wp-json\/wp\/v2\/media\/66848"}],"wp:attachment":[{"href":"https:\/\/casana.nl\/fr\/wp-json\/wp\/v2\/media?parent=66947"}],"wp:term":[{"taxonomy":"product_brand","embeddable":true,"href":"https:\/\/casana.nl\/fr\/wp-json\/wp\/v2\/product_brand?post=66947"},{"taxonomy":"product_cat","embeddable":true,"href":"https:\/\/casana.nl\/fr\/wp-json\/wp\/v2\/product_cat?post=66947"},{"taxonomy":"product_tag","embeddable":true,"href":"https:\/\/casana.nl\/fr\/wp-json\/wp\/v2\/product_tag?post=66947"}],"curies":[{"name":"wp","href":"https:\/\/api.w.org\/{rel}","templated":true}]}}