{"id":66660,"date":"2026-01-16T11:01:43","date_gmt":"2026-01-16T10:01:43","guid":{"rendered":"https:\/\/casana.nl\/?post_type=product&#038;p=66660"},"modified":"2026-03-03T10:07:08","modified_gmt":"2026-03-03T09:07:08","slug":"villa-type-lotus-3-chambres-piscine-privee-en-fuente-alamo-de-murcia-los-altos-de-las-palas","status":"publish","type":"product","link":"https:\/\/casana.nl\/fr\/vente\/villa-type-lotus-3-chambres-piscine-privee-en-fuente-alamo-de-murcia-los-altos-de-las-palas\/","title":{"rendered":"Villa type Lotus 3 chambres piscine priv\u00e9e en Fuente Alamo de Murcia Los Altos de Las Palas"},"content":{"rendered":"<p>Cette villa Lotus, superbement entretenue, est situ\u00e9e dans le quartier pris\u00e9 de Los Altos de Las Palas et comprend 3 chambres spacieuses, 2 salles de bains modernes et une piscine priv\u00e9e. Elle fait partie d&rsquo;un complexe r\u00e9sidentiel r\u00e9cemment r\u00e9nov\u00e9 et parfaitement int\u00e9gr\u00e9 au voisinage.<\/p>\n<p>Cette villa, con\u00e7ue pour un confort optimal et des prestations de haute qualit\u00e9, r\u00e9pond aux plus hautes exigences. Le spacieux et lumineux s\u00e9jour\/salle \u00e0 manger, climatis\u00e9 et agr\u00e9ment\u00e9 d&rsquo;une chemin\u00e9e, offre une vue imprenable sur la piscine priv\u00e9e et le jardin paysager avec sa terrasse couverte. \u00c0 gauche de cette terrasse se trouve le local technique, et \u00e0 l&rsquo;arri\u00e8re, un grand d\u00e9barras. La maison comprend \u00e9galement des v\u00e9randas couvertes, une buanderie ext\u00e9rieure pratique, des placards int\u00e9gr\u00e9s, un coin repas convivial et des terrasses \u00e0 l&rsquo;avant.<\/p>\n<p>Construite en 2009, la villa a \u00e9t\u00e9 enti\u00e8rement r\u00e9nov\u00e9e depuis. Un parking est disponible sur place. Vendue enti\u00e8rement meubl\u00e9e et \u00e9quip\u00e9e d&rsquo;\u00e9lectrom\u00e9nager haut de gamme, elle est pr\u00eate \u00e0 vous accueillir.<\/p>\n<p>Los Altos de Las Palas est nich\u00e9 au pied d&rsquo;un impressionnant massif montagneux qui s\u00e9pare le village de la c\u00f4te et est entour\u00e9 de fermes traditionnelles. Ce magnifique complexe r\u00e9sidentiel offre toutes les commodit\u00e9s n\u00e9cessaires et allie tranquillit\u00e9, espace et nature au confort moderne. Gr\u00e2ce \u00e0 sa situation id\u00e9ale, vous acc\u00e9dez rapidement \u00e0 l&rsquo;autoroute et aux plages de Mazarr\u00f3n, aux commerces et restaurants de Carthag\u00e8ne, ainsi qu&rsquo;au golf d&rsquo;Hacienda el \u00c1lamo. Le complexe comprend \u00e9galement des espaces communs avec zones de d\u00e9tente et plusieurs piscines.<\/p>\n","protected":false},"excerpt":{"rendered":"<p>Cette villa Lotus, superbement entretenue, est situ\u00e9e dans le quartier pris\u00e9 de Los Altos de Las Palas et comprend 3<\/p>\n","protected":false},"featured_media":66652,"template":"","meta":{"_acf_changed":false,"ngg_post_thumbnail":0},"product_brand":[],"product_cat":[154],"product_tag":[],"class_list":{"0":"post-66660","1":"product","2":"type-product","3":"status-publish","4":"has-post-thumbnail","6":"product_cat-villas-chalets-fr-fr-fr","8":"first","9":"instock","10":"shipping-taxable","11":"purchasable","12":"product-type-simple"},"acf":[],"_links":{"self":[{"href":"https:\/\/casana.nl\/fr\/wp-json\/wp\/v2\/product\/66660","targetHints":{"allow":["GET"]}}],"collection":[{"href":"https:\/\/casana.nl\/fr\/wp-json\/wp\/v2\/product"}],"about":[{"href":"https:\/\/casana.nl\/fr\/wp-json\/wp\/v2\/types\/product"}],"wp:featuredmedia":[{"embeddable":true,"href":"https:\/\/casana.nl\/fr\/wp-json\/wp\/v2\/media\/66652"}],"wp:attachment":[{"href":"https:\/\/casana.nl\/fr\/wp-json\/wp\/v2\/media?parent=66660"}],"wp:term":[{"taxonomy":"product_brand","embeddable":true,"href":"https:\/\/casana.nl\/fr\/wp-json\/wp\/v2\/product_brand?post=66660"},{"taxonomy":"product_cat","embeddable":true,"href":"https:\/\/casana.nl\/fr\/wp-json\/wp\/v2\/product_cat?post=66660"},{"taxonomy":"product_tag","embeddable":true,"href":"https:\/\/casana.nl\/fr\/wp-json\/wp\/v2\/product_tag?post=66660"}],"curies":[{"name":"wp","href":"https:\/\/api.w.org\/{rel}","templated":true}]}}