{"id":66542,"date":"2026-01-16T10:19:39","date_gmt":"2026-01-16T09:19:39","guid":{"rendered":"https:\/\/casana.nl\/?post_type=product&#038;p=66542"},"modified":"2026-01-16T11:29:33","modified_gmt":"2026-01-16T10:29:33","slug":"villa-type-paraiso-3-chambres-piscine-privee-au-mazarron-country-club","status":"publish","type":"product","link":"https:\/\/casana.nl\/fr\/vente\/villa-type-paraiso-3-chambres-piscine-privee-au-mazarron-country-club\/","title":{"rendered":"Villa type Paraiso 3 chambres piscine priv\u00e9e au Mazarr\u00f3n Country Club"},"content":{"rendered":"<p>Cette superbe villa type Paraiso, parfaitement entretenue, comprend 3 chambres et 2 salles de bains au Mazarr\u00f3n Country Club.<\/p>\n<p>L&rsquo;entr\u00e9e donne sur un vaste s\u00e9jour\/salle \u00e0 manger dot\u00e9 d&rsquo;une chemin\u00e9e et de la climatisation r\u00e9versible. Le s\u00e9jour s&rsquo;ouvre sur la terrasse, un magnifique jardin et une grande piscine priv\u00e9e. La cuisine est enti\u00e8rement \u00e9quip\u00e9e d&rsquo;appareils modernes. Au rez-de-chauss\u00e9e, vous trouverez 2 chambres avec placards int\u00e9gr\u00e9s et une salle de bains. L&rsquo;escalier du s\u00e9jour m\u00e8ne au premier \u00e9tage, qui comprend une chambre spacieuse avec placards int\u00e9gr\u00e9s, une salle de bains luxueuse et un grand balcon offrant une vue imprenable sur le Country Club.<\/p>\n<p>Un grand parking est disponible sur le c\u00f4t\u00e9 de la maison.<\/p>\n<p>Cette villa est vendue meubl\u00e9e, \u00e9lectrom\u00e9nager inclus, m\u00e9rite d&rsquo;\u00eatre visit\u00e9e.<\/p>\n<p>Mazarr\u00f3n Country Club : Situ\u00e9 au c\u0153ur du complexe, le club propose de magnifiques piscines ext\u00e9rieures, un supermarch\u00e9 et un restaurant espagnol. Le golf de Camposol est \u00e0 seulement cinq minutes en voiture. Aux alentours : Le centre de Mazarr\u00f3n est \u00e0 seulement cinq minutes, et en dix minutes, vous pourrez profiter de la plage de Bolnuevo ou du port de Mazarr\u00f3n. En longeant la c\u00f4te, vous d\u00e9couvrirez de magnifiques criques et de petites plages id\u00e9ales pour la baignade et le farniente au soleil. Pour appr\u00e9cier pleinement la r\u00e9gion, ne manquez pas de visiter la Sierra Espu\u00f1a ; cette superbe r\u00e9serve naturelle se trouve \u00e0 environ 20 minutes en voiture.<\/p>\n","protected":false},"excerpt":{"rendered":"<p>Cette superbe villa type Paraiso, parfaitement entretenue, comprend 3 chambres et 2 salles de bains au Mazarr\u00f3n Country Club. L&rsquo;entr\u00e9e<\/p>\n","protected":false},"featured_media":66457,"template":"","meta":{"_acf_changed":false,"ngg_post_thumbnail":0},"product_brand":[],"product_cat":[154,155],"product_tag":[],"class_list":{"0":"post-66542","1":"product","2":"type-product","3":"status-publish","4":"has-post-thumbnail","6":"product_cat-villas-chalets-fr-fr-fr","7":"product_cat-villas-mazarron-country-club-fr-fr-fr","9":"first","10":"instock","11":"shipping-taxable","12":"purchasable","13":"product-type-simple"},"acf":[],"_links":{"self":[{"href":"https:\/\/casana.nl\/fr\/wp-json\/wp\/v2\/product\/66542","targetHints":{"allow":["GET"]}}],"collection":[{"href":"https:\/\/casana.nl\/fr\/wp-json\/wp\/v2\/product"}],"about":[{"href":"https:\/\/casana.nl\/fr\/wp-json\/wp\/v2\/types\/product"}],"wp:featuredmedia":[{"embeddable":true,"href":"https:\/\/casana.nl\/fr\/wp-json\/wp\/v2\/media\/66457"}],"wp:attachment":[{"href":"https:\/\/casana.nl\/fr\/wp-json\/wp\/v2\/media?parent=66542"}],"wp:term":[{"taxonomy":"product_brand","embeddable":true,"href":"https:\/\/casana.nl\/fr\/wp-json\/wp\/v2\/product_brand?post=66542"},{"taxonomy":"product_cat","embeddable":true,"href":"https:\/\/casana.nl\/fr\/wp-json\/wp\/v2\/product_cat?post=66542"},{"taxonomy":"product_tag","embeddable":true,"href":"https:\/\/casana.nl\/fr\/wp-json\/wp\/v2\/product_tag?post=66542"}],"curies":[{"name":"wp","href":"https:\/\/api.w.org\/{rel}","templated":true}]}}