{"id":66367,"date":"2026-01-15T17:26:23","date_gmt":"2026-01-15T16:26:23","guid":{"rendered":"https:\/\/casana.nl\/?post_type=product&#038;p=66367"},"modified":"2026-01-15T17:27:16","modified_gmt":"2026-01-15T16:27:16","slug":"bungalow-2-chambres-au-mazarron-country-club-6","status":"publish","type":"product","link":"https:\/\/casana.nl\/fr\/vente\/bungalow-2-chambres-au-mazarron-country-club-6\/","title":{"rendered":"Bungalow 2 chambres au Mazarron Country Club"},"content":{"rendered":"<p>Charmant bungalow de deux chambres situ\u00e9 sur un terrain d&rsquo;angle spacieux, dans une rue calme et agr\u00e9able offrant une vue magnifique. Le jardin propose de nombreux espaces de d\u00e9tente, au soleil comme \u00e0 l&rsquo;ombre. La maison dispose d&rsquo;une cuisine neuve et enti\u00e8rement \u00e9quip\u00e9e, ainsi que de la climatisation. Gr\u00e2ce \u00e0 son abondance de lumi\u00e8re naturelle, le bungalow offre une sensation d&rsquo;espace. En excellent \u00e9tat, ce bungalow unique est disponible imm\u00e9diatement. \u00c0 visiter absolument.<\/p>\n<p>Vendu meubl\u00e9 et \u00e9quip\u00e9.<\/p>\n<p>Mazarr\u00f3n Country Club: Au c\u0153ur du complexe, vous trouverez de superbes piscines ext\u00e9rieures, des courts de tennis et un restaurant. Le golf de Camposol est \u00e0 cinq minutes en voiture.<\/p>\n<p>Situation: Le centre de Mazarr\u00f3n est \u00e0 seulement 5 minutes, et la plage de Bolnuevo ou Puerto de Mazarr\u00f3n sont accessibles en dix minutes. En longeant la c\u00f4te, vous d\u00e9couvrirez de magnifiques criques et de petites plages id\u00e9ales pour la baignade et le farniente. Pour appr\u00e9cier pleinement la r\u00e9gion, ne manquez pas de visiter la Sierra Espu\u00f1a, cette magnifique r\u00e9serve naturelle situ\u00e9e \u00e0 environ 20 minutes en voiture.<\/p>\n","protected":false},"excerpt":{"rendered":"<p>Charmant bungalow de deux chambres situ\u00e9 sur un terrain d&rsquo;angle spacieux, dans une rue calme et agr\u00e9able offrant une vue<\/p>\n","protected":false},"featured_media":66273,"template":"","meta":{"_acf_changed":false,"ngg_post_thumbnail":0},"product_brand":[],"product_cat":[154,155],"product_tag":[],"class_list":{"0":"post-66367","1":"product","2":"type-product","3":"status-publish","4":"has-post-thumbnail","6":"product_cat-villas-chalets-fr-fr-fr","7":"product_cat-villas-mazarron-country-club-fr-fr-fr","9":"first","10":"instock","11":"shipping-taxable","12":"product-type-simple"},"acf":[],"_links":{"self":[{"href":"https:\/\/casana.nl\/fr\/wp-json\/wp\/v2\/product\/66367","targetHints":{"allow":["GET"]}}],"collection":[{"href":"https:\/\/casana.nl\/fr\/wp-json\/wp\/v2\/product"}],"about":[{"href":"https:\/\/casana.nl\/fr\/wp-json\/wp\/v2\/types\/product"}],"wp:featuredmedia":[{"embeddable":true,"href":"https:\/\/casana.nl\/fr\/wp-json\/wp\/v2\/media\/66273"}],"wp:attachment":[{"href":"https:\/\/casana.nl\/fr\/wp-json\/wp\/v2\/media?parent=66367"}],"wp:term":[{"taxonomy":"product_brand","embeddable":true,"href":"https:\/\/casana.nl\/fr\/wp-json\/wp\/v2\/product_brand?post=66367"},{"taxonomy":"product_cat","embeddable":true,"href":"https:\/\/casana.nl\/fr\/wp-json\/wp\/v2\/product_cat?post=66367"},{"taxonomy":"product_tag","embeddable":true,"href":"https:\/\/casana.nl\/fr\/wp-json\/wp\/v2\/product_tag?post=66367"}],"curies":[{"name":"wp","href":"https:\/\/api.w.org\/{rel}","templated":true}]}}