{"id":66258,"date":"2026-01-08T12:57:46","date_gmt":"2026-01-08T11:57:46","guid":{"rendered":"https:\/\/casana.nl\/?post_type=product&#038;p=66258"},"modified":"2026-01-30T11:13:52","modified_gmt":"2026-01-30T10:13:52","slug":"villas-neuves-individuelles-ou-jumelees-avec-piscine-privee-a-la-pinilla-murcia","status":"publish","type":"product","link":"https:\/\/casana.nl\/fr\/vente\/villas-neuves-individuelles-ou-jumelees-avec-piscine-privee-a-la-pinilla-murcia\/","title":{"rendered":"Villas neuves individuelles ou jumel\u00e9es avec piscine priv\u00e9e \u00e0 La Pinilla, Murcia"},"content":{"rendered":"<p>Casa\u00f1a est fi\u00e8re de vous pr\u00e9senter ce tout nouveau projet r\u00e9sidentiel \u00e0 La Pinilla, id\u00e9alement situ\u00e9 au c\u0153ur de Campo de Cartagena, \u00e0 proximit\u00e9 de la ville portuaire historique de Carthag\u00e8ne. Une opportunit\u00e9 unique d&rsquo;investir dans le confort, la qualit\u00e9 et l&rsquo;authentique art de vivre espagnol.<\/p>\n<p>Le projet sera r\u00e9alis\u00e9 en deux phases. La premi\u00e8re phase comprend 177 maisons, suivie d&rsquo;une seconde phase de 150 maisons suppl\u00e9mentaires. Toutes les types de maisons (Cadiz, Ronda, Sevilla, Granada en Cordoba) seront construites avec des mat\u00e9riaux \u00e9cologiques, alliant durabilit\u00e9 et efficacit\u00e9 \u00e9nerg\u00e9tique \u00e0 une int\u00e9gration harmonieuse dans le paysage naturel environnant.<\/p>\n<p>Vous avez le choix entre diff\u00e9rents types de maisons: villas individuelles ou jumel\u00e9es de 2 ou 3 chambres. Toutes les maisons disposent de 2 salles de bains modernes, d&rsquo;une piscine priv\u00e9e et d&rsquo;une spacieuse terrasse privative sur le toit, id\u00e9ale pour profiter du soleil et de la vue tout au long de l&rsquo;ann\u00e9e.<\/p>\n<p>Prix \u00e0 partir de \u20ac193.750,- a \u20ac391.628,- en fonction du type de villa et de la superficie en m\u00b2.<\/p>\n<p>La Pinilla est un village espagnol paisible et authentique situ\u00e9 dans la commune de Fuente \u00c1lamo, dans la province de Murcie. La r\u00e9gion est r\u00e9put\u00e9e pour son climat m\u00e9diterran\u00e9en, caract\u00e9ris\u00e9 par de faibles pr\u00e9cipitations et un ensoleillement g\u00e9n\u00e9reux. En f\u00e9vrier, la floraison des amandiers attire de nombreux amoureux de la nature qui appr\u00e9cient les magnifiques sentiers de randonn\u00e9e sillonnant ce paysage unique. Gr\u00e2ce \u00e0 sa situation centrale, Carthag\u00e8ne, o\u00f9 se m\u00ealent culture, gastronomie et histoire, est \u00e0 seulement 10 minutes. Le prestigieux golf d&rsquo;Hacienda del \u00c1lamo se trouve \u00e9galement \u00e0 proximit\u00e9, id\u00e9al pour les passionn\u00e9s de golf et ceux qui recherchent un s\u00e9jour de d\u00e9tente haut de gamme.<\/p>\n<p>Contactez-nous d\u00e8s aujourd&rsquo;hui pour plus d&rsquo;informations ou pour v\u00e9rifier les disponibilit\u00e9s.<\/p>\n<p><iframe loading=\"lazy\" title=\"New build villa type C\u00f3rdoba with 3 bedrooms private pool in La Pinilla\" width=\"500\" height=\"281\" src=\"https:\/\/www.youtube.com\/embed\/6bppxHxuDdU?feature=oembed\" frameborder=\"0\" allow=\"accelerometer; autoplay; clipboard-write; encrypted-media; gyroscope; picture-in-picture; web-share\" referrerpolicy=\"strict-origin-when-cross-origin\" allowfullscreen><\/iframe><\/p>\n","protected":false},"excerpt":{"rendered":"<p>Casa\u00f1a est fi\u00e8re de vous pr\u00e9senter ce tout nouveau projet r\u00e9sidentiel \u00e0 La Pinilla, id\u00e9alement situ\u00e9 au c\u0153ur de Campo<\/p>\n","protected":false},"featured_media":66254,"template":"","meta":{"_acf_changed":false,"ngg_post_thumbnail":0},"product_brand":[],"product_cat":[153,154],"product_tag":[],"class_list":{"0":"post-66258","1":"product","2":"type-product","3":"status-publish","4":"has-post-thumbnail","6":"product_cat-nouvelles-constructions-fr-fr-fr","7":"product_cat-villas-chalets-fr-fr-fr","9":"first","10":"instock","11":"shipping-taxable","12":"purchasable","13":"product-type-simple"},"acf":[],"_links":{"self":[{"href":"https:\/\/casana.nl\/fr\/wp-json\/wp\/v2\/product\/66258","targetHints":{"allow":["GET"]}}],"collection":[{"href":"https:\/\/casana.nl\/fr\/wp-json\/wp\/v2\/product"}],"about":[{"href":"https:\/\/casana.nl\/fr\/wp-json\/wp\/v2\/types\/product"}],"wp:featuredmedia":[{"embeddable":true,"href":"https:\/\/casana.nl\/fr\/wp-json\/wp\/v2\/media\/66254"}],"wp:attachment":[{"href":"https:\/\/casana.nl\/fr\/wp-json\/wp\/v2\/media?parent=66258"}],"wp:term":[{"taxonomy":"product_brand","embeddable":true,"href":"https:\/\/casana.nl\/fr\/wp-json\/wp\/v2\/product_brand?post=66258"},{"taxonomy":"product_cat","embeddable":true,"href":"https:\/\/casana.nl\/fr\/wp-json\/wp\/v2\/product_cat?post=66258"},{"taxonomy":"product_tag","embeddable":true,"href":"https:\/\/casana.nl\/fr\/wp-json\/wp\/v2\/product_tag?post=66258"}],"curies":[{"name":"wp","href":"https:\/\/api.w.org\/{rel}","templated":true}]}}