{"id":60918,"date":"2025-03-18T11:05:12","date_gmt":"2025-03-18T10:06:38","guid":{"rendered":"https:\/\/casana.nl\/?post_type=product&#038;p=60918"},"modified":"2025-03-18T11:06:38","modified_gmt":"2025-03-18T10:06:38","slug":"nouvelle-construction-36-appartements-de-luxe-2-ou-3-chambres-a-aguilas","status":"publish","type":"product","link":"https:\/\/casana.nl\/fr\/vente\/nouvelle-construction-36-appartements-de-luxe-2-ou-3-chambres-a-aguilas\/","title":{"rendered":"Nouvelle construction 36 appartements de luxe 2 ou 3 chambres \u00e0 Aguilas"},"content":{"rendered":"<p>C&rsquo;est un luxueux residence de 36 appartements, r\u00e9partis sur 4 blocs, avec 2 piscines communes, situ\u00e9 \u00e0 800 m\u00e8tres de la mer \u00e0 \u00c1guilas, Murcie.<\/p>\n<p>Chaque appartement est con\u00e7u dans un souci de confort, de fonctionnalit\u00e9 et de luxe. Pour ceux qui recherchent un appartement confortable mais spacieux, il existe des options de deux chambres et deux salles de bains, parfaites pour les couples ou les petites familles. Ces appartements offrent une excellente combinaison de vie int\u00e9rieure et ext\u00e9rieure, id\u00e9ale pour profiter du soleil espagnol et du climat agr\u00e9able.<\/p>\n<p>Ce complexe exclusif d&rsquo;appartements de 2 et 3 chambres et 2 salles de bains offre un garage commun avec place de parking et d\u00e9barras pour chaque maison. Les appartements disposent d&rsquo;une cuisine et d&rsquo;une salle de bains enti\u00e8rement \u00e9quip\u00e9es et d&rsquo;une pr\u00e9-installation pour la climatisation. Les chambres disposent d&rsquo;armoires encastr\u00e9es et de volets \u00e9lectriques et chaque bloc dispose d&rsquo;un ascenseur.<\/p>\n<p>Le complexe est situ\u00e9 \u00e0 proximit\u00e9 des plages de Playa del Hornillo et Playa Amarilla \u00e0 Aguilas, proche de toutes commodit\u00e9s, de l&rsquo;a\u00e9roport international de Corvera \u00e0 60 minutes et de l&rsquo;a\u00e9roport d&rsquo;Alicante \u00e0 2 heures. Il y a de nombreux terrains de golf \u00e0 proximit\u00e9 ainsi que de nombreuses attractions touristiques, comme la c\u00e9l\u00e8bre Pulpi Geode, les plus grandes grottes de cristal du monde.<\/p>\n<p>Cl\u00e9 pr\u00eate septembre 2026.<\/p>\n<p>Tarifs des appartements :<\/p>\n<p><span class=\"Apple-converted-space\">&nbsp;<\/span>Appartement avec terrasse avec 2 chambres et 2 salles de bain : \u00e0 partir de \u20ac267 000,-<\/p>\n<p><span class=\"Apple-converted-space\">&nbsp;<\/span>Appartement avec terrasse avec 3 chambres et 2 salles de bain : \u00e0 partir de \u20ac288 000,-<\/p>\n<p><span class=\"Apple-converted-space\">&nbsp;<\/span>Appartement avec toit terrasse avec 2 chambres et 2 salles de bain : \u00e0 partir de \u20ac297 000,-<\/p>\n<p><span class=\"Apple-converted-space\">&nbsp;<\/span>Appartement avec jardin avec 2 chambres et 2 salles de bain : \u00e0 partir de \u20ac212 000,-<\/p>\n<p><span class=\"Apple-converted-space\">&nbsp;<\/span>Appartement avec jardin avec 3 chambres et 2 salles de bain : \u00e0 partir de \u20ac298 000,-<\/p>\n<p>Compris:<\/p>\n<p>Tous les appareils de cuisine<\/p>\n<p>Climatisation pr\u00e9-installation<\/p>\n<p>Salle(s) de bain finie(s)<\/p>\n<p>Pompe \u00e0 chaleur a\u00e9rothermique<\/p>\n<p>Un d\u00e9barras<\/p>\n<p>Volets \u00e9lectriques dans les chambres<\/p>\n<p>Armoires encastr\u00e9es<\/p>\n<p>Piscine commune<\/p>\n<p>Place de parking dans garage<\/p>\n<p>Connexion t\u00e9l\u00e9phone\/donn\u00e9es<\/p>\n<p>Solarium<\/p>\n<p>Porte de s\u00e9curit\u00e9<\/p>\n<p>Radiateur s\u00e8che-serviettes<\/p>\n<p>Vid\u00e9ophonie<\/p>\n<p>Terrasse<\/p>\n<p>Zone cl\u00f4tur\u00e9e<\/p>\n<p>Distance cyclable jusqu&rsquo;\u00e0 la plage<\/p>\n<p>Ascenseur<\/p>\n","protected":false},"excerpt":{"rendered":"<p>C&rsquo;est un luxueux residence de 36 appartements, r\u00e9partis sur 4 blocs, avec 2 piscines communes, situ\u00e9 \u00e0 800 m\u00e8tres de<\/p>\n","protected":false},"featured_media":60874,"template":"","meta":{"_acf_changed":false,"ngg_post_thumbnail":0},"product_brand":[],"product_cat":[150,153],"product_tag":[],"class_list":{"0":"post-60918","1":"product","2":"type-product","3":"status-publish","4":"has-post-thumbnail","6":"product_cat-appartements-fr-fr-fr","7":"product_cat-nouvelles-constructions-fr-fr-fr","9":"first","10":"instock","11":"shipping-taxable","12":"purchasable","13":"product-type-simple"},"acf":[],"_links":{"self":[{"href":"https:\/\/casana.nl\/fr\/wp-json\/wp\/v2\/product\/60918","targetHints":{"allow":["GET"]}}],"collection":[{"href":"https:\/\/casana.nl\/fr\/wp-json\/wp\/v2\/product"}],"about":[{"href":"https:\/\/casana.nl\/fr\/wp-json\/wp\/v2\/types\/product"}],"wp:featuredmedia":[{"embeddable":true,"href":"https:\/\/casana.nl\/fr\/wp-json\/wp\/v2\/media\/60874"}],"wp:attachment":[{"href":"https:\/\/casana.nl\/fr\/wp-json\/wp\/v2\/media?parent=60918"}],"wp:term":[{"taxonomy":"product_brand","embeddable":true,"href":"https:\/\/casana.nl\/fr\/wp-json\/wp\/v2\/product_brand?post=60918"},{"taxonomy":"product_cat","embeddable":true,"href":"https:\/\/casana.nl\/fr\/wp-json\/wp\/v2\/product_cat?post=60918"},{"taxonomy":"product_tag","embeddable":true,"href":"https:\/\/casana.nl\/fr\/wp-json\/wp\/v2\/product_tag?post=60918"}],"curies":[{"name":"wp","href":"https:\/\/api.w.org\/{rel}","templated":true}]}}