{"id":59779,"date":"2024-12-03T09:33:44","date_gmt":"2024-12-03T08:35:39","guid":{"rendered":"https:\/\/casana.nl\/?post_type=product&#038;p=59779"},"modified":"2024-12-04T15:29:11","modified_gmt":"2024-12-04T14:29:11","slug":"villa-de-luxe-6-chambres-piscine-privee-en-bolnuevo-mazarron","status":"publish","type":"product","link":"https:\/\/casana.nl\/fr\/vente\/villa-de-luxe-6-chambres-piscine-privee-en-bolnuevo-mazarron\/","title":{"rendered":"Villa de luxe 6 chambres piscine priv\u00e9e en Bolnuevo Mazarr\u00f3n"},"content":{"rendered":"<p>Belle villa orient\u00e9e sud situ\u00e9e \u00e0 Bolnuevo pr\u00e8s de Mazarr\u00f3n, d&rsquo;une superficie de 724m\u00b2 et implant\u00e9e sur un terrain de 673m\u00b2 avec 6 chambres et 5 salles de bains.<\/p>\n<p>R\u00e9parti sur deux \u00e9tages, compos\u00e9 au rez-de-chauss\u00e9e d&rsquo;un salon spacieux et lumineux avec une grande terrasse d&rsquo;o\u00f9 vous avez une vue spectaculaire sur la mer M\u00e9diterran\u00e9e. Cuisine enti\u00e8rement \u00e9quip\u00e9e, buanderie, chambre principale avec grand dressing et salle de bain en suite, 2 chambres avec dressing et une chambre avec placard et salle de bain.<\/p>\n<p>Le sous-sol a \u00e9t\u00e9 am\u00e9nag\u00e9 en appartement compl\u00e8tement ind\u00e9pendant, avec un s\u00e9jour, cuisine avec buanderie, 2 chambres spacieuses avec 2 salles de bains. Le garage double est \u00e9galement situ\u00e9 \u00e0 cet \u00e9tage. Les deux \u00e9tages sont \u00e9galement accessibles par ascenseur.<\/p>\n<p>La belle piscine priv\u00e9e dispose d&rsquo;une belle cuisine d&rsquo;\u00e9t\u00e9 avec barbecue, 1 salle de bain compl\u00e8te et un parking pour plusieurs v\u00e9hicules.<\/p>\n<p>\u00c7a vaut vraiment le d\u00e9tour. Vendu enti\u00e8rement meubl\u00e9, y compris les \u00e9lectrom\u00e9nagers.<\/p>\n<p>Bolnuevo : Bolnuevo est \u00e0 l&rsquo;origine un petit village de p\u00eacheurs situ\u00e9 sur la Costa Calida, il appartient \u00e0 la commune de Mazarr\u00f3n. Ici vous trouverez encore les authentiques et c\u00e9l\u00e8bres restaurants de poissons situ\u00e9s sur la plage. \u00c0 c\u00f4t\u00e9 de Bolnuevo se trouve Puerto de Mazarr\u00f3n, o\u00f9 vous trouverez des restaurants, des bars, des banques et des magasins.<\/p>\n","protected":false},"excerpt":{"rendered":"<p>Belle villa orient\u00e9e sud situ\u00e9e \u00e0 Bolnuevo pr\u00e8s de Mazarr\u00f3n, d&rsquo;une superficie de 724m\u00b2 et implant\u00e9e sur un terrain de<\/p>\n","protected":false},"featured_media":60060,"template":"","meta":{"_acf_changed":false,"ngg_post_thumbnail":0},"product_brand":[],"product_cat":[154],"product_tag":[],"class_list":{"0":"post-59779","1":"product","2":"type-product","3":"status-publish","4":"has-post-thumbnail","6":"product_cat-villas-chalets-fr-fr-fr","8":"first","9":"instock","10":"shipping-taxable","11":"purchasable","12":"product-type-simple"},"acf":[],"_links":{"self":[{"href":"https:\/\/casana.nl\/fr\/wp-json\/wp\/v2\/product\/59779","targetHints":{"allow":["GET"]}}],"collection":[{"href":"https:\/\/casana.nl\/fr\/wp-json\/wp\/v2\/product"}],"about":[{"href":"https:\/\/casana.nl\/fr\/wp-json\/wp\/v2\/types\/product"}],"wp:featuredmedia":[{"embeddable":true,"href":"https:\/\/casana.nl\/fr\/wp-json\/wp\/v2\/media\/60060"}],"wp:attachment":[{"href":"https:\/\/casana.nl\/fr\/wp-json\/wp\/v2\/media?parent=59779"}],"wp:term":[{"taxonomy":"product_brand","embeddable":true,"href":"https:\/\/casana.nl\/fr\/wp-json\/wp\/v2\/product_brand?post=59779"},{"taxonomy":"product_cat","embeddable":true,"href":"https:\/\/casana.nl\/fr\/wp-json\/wp\/v2\/product_cat?post=59779"},{"taxonomy":"product_tag","embeddable":true,"href":"https:\/\/casana.nl\/fr\/wp-json\/wp\/v2\/product_tag?post=59779"}],"curies":[{"name":"wp","href":"https:\/\/api.w.org\/{rel}","templated":true}]}}