{"id":58954,"date":"2024-10-29T12:22:51","date_gmt":"2024-10-29T11:22:51","guid":{"rendered":"https:\/\/www.casana.nl\/?post_type=product&#038;p=58954"},"modified":"2026-01-07T11:03:18","modified_gmt":"2026-01-07T10:03:18","slug":"villa-de-luxe-type-olivo-3-chambres-en-los-altos-de-las-palas-fuente-de-alamo-murcia","status":"publish","type":"product","link":"https:\/\/casana.nl\/fr\/vente\/villa-de-luxe-type-olivo-3-chambres-en-los-altos-de-las-palas-fuente-de-alamo-murcia\/","title":{"rendered":"Villa de luxe type Olivo 3 chambres en Los Altos de Las Palas Fuente de Alamo Murcia"},"content":{"rendered":"<div class=\"wpb-content-wrapper\"><p>Villa de luxe de type Olivo dans l&rsquo;urbanisation Los Altos de Las Palas pr\u00e8s de Murcie<\/p>\n<p>Villa individuelle de type Olivo de style rustique espagnol pr\u00e8s du village de Las Palas, Murcie. Situ\u00e9 sur un terrain de 800 \u00e0 870 m2 et \u00e9quip\u00e9 de 3 chambres, 2 salles de bains et une cuisine avec des appareils modernes. Parking priv\u00e9 sur votre propre terrain avec espace pour une piscine priv\u00e9e. Le jardin poss\u00e8de une couverture de gravier ainsi que divers arbres, tels que ; pins et\/ou palmiers. La superficie totale construite est de 179 m2, dont 146 m2 de pure surface habitable. Lors de l&rsquo;achat de cette villa, vous recevrez un bon d&rsquo;achat pour meubles d&rsquo;une valeur de \u20ac2000,- de Casa\u00f1a, \u00e0 d\u00e9penser chez Meubles Reyamar \u00e0 Mazarr\u00f3n.<\/p>\n<p>Dans la vall\u00e9e de Mingrano, au pied des collines environnantes et juste \u00e0 l&rsquo;ext\u00e9rieur du village de Las Palas, vous trouverez la belle urbanisation Los Altos de Las Palas. L&rsquo;urbanisation se compose de 20 spacieuses villas individuelles et 38 villas jumel\u00e9es, est enti\u00e8rement cl\u00f4tur\u00e9e et \u00e9quip\u00e9e d&rsquo;un portail d&rsquo;entr\u00e9e s\u00e9curis\u00e9 qui peut \u00eatre ouvert \u00e0 distance par les r\u00e9sidents via une application. L&rsquo;urbanisation dispose \u00e9galement de 2 piscines communes magnifiquement am\u00e9nag\u00e9es, d&rsquo;\u00e9quipements de fitness ext\u00e9rieurs et d&rsquo;un terrain de p\u00e9tanque. Toutes les villas de l&rsquo;urbanisation sont construites dans un style rustique espagnol avec une qualit\u00e9 de construction \u00e9lev\u00e9e. Equip\u00e9 de murs ext\u00e9rieurs solides d&rsquo;une \u00e9paisseur de 30 cm, de cadres de fen\u00eatres en aluminium de haute qualit\u00e9 avec double vitrage, isolation du toit, climatisation centrale pr\u00e9par\u00e9e, chemin\u00e9e, syst\u00e8me d&rsquo;alarme et tuiles antid\u00e9rapantes sur toutes les terrasses ext\u00e9rieures.<\/p>\n<p>Prix a partir de \u20ac310.000,-<\/p>\n<p>Quartier : A quelques kilom\u00e8tres en voiture de toutes les commodit\u00e9s locales, notamment \u00e9coles, m\u00e9decins, banques, restaurants, bars et supermarch\u00e9s. A 10 minutes en voiture du magnifique parcours de golf de l&rsquo;Hacienda del Alamo et \u00e0 seulement 20 minutes de la ville portuaire historique de Carthag\u00e8ne ou des plages d&rsquo;Isla Plana et de Puerto de Mazarr\u00f3n.<\/p>\n<p>&nbsp;[\/vc_column_text][\/vc_column][\/vc_row]<\/p>\n<\/div>","protected":false},"excerpt":{"rendered":"<p>Villa de luxe de type Olivo dans l&rsquo;urbanisation Los Altos de Las Palas pr\u00e8s de Murcie Villa individuelle de type<\/p>\n","protected":false},"featured_media":66143,"template":"","meta":{"_acf_changed":false,"ngg_post_thumbnail":0},"product_brand":[],"product_cat":[154],"product_tag":[],"class_list":{"0":"post-58954","1":"product","2":"type-product","3":"status-publish","4":"has-post-thumbnail","6":"product_cat-villas-chalets-fr-fr-fr","8":"first","9":"instock","10":"shipping-taxable","11":"purchasable","12":"product-type-simple"},"acf":[],"_links":{"self":[{"href":"https:\/\/casana.nl\/fr\/wp-json\/wp\/v2\/product\/58954","targetHints":{"allow":["GET"]}}],"collection":[{"href":"https:\/\/casana.nl\/fr\/wp-json\/wp\/v2\/product"}],"about":[{"href":"https:\/\/casana.nl\/fr\/wp-json\/wp\/v2\/types\/product"}],"wp:featuredmedia":[{"embeddable":true,"href":"https:\/\/casana.nl\/fr\/wp-json\/wp\/v2\/media\/66143"}],"wp:attachment":[{"href":"https:\/\/casana.nl\/fr\/wp-json\/wp\/v2\/media?parent=58954"}],"wp:term":[{"taxonomy":"product_brand","embeddable":true,"href":"https:\/\/casana.nl\/fr\/wp-json\/wp\/v2\/product_brand?post=58954"},{"taxonomy":"product_cat","embeddable":true,"href":"https:\/\/casana.nl\/fr\/wp-json\/wp\/v2\/product_cat?post=58954"},{"taxonomy":"product_tag","embeddable":true,"href":"https:\/\/casana.nl\/fr\/wp-json\/wp\/v2\/product_tag?post=58954"}],"curies":[{"name":"wp","href":"https:\/\/api.w.org\/{rel}","templated":true}]}}