{"id":55301,"date":"2024-03-08T16:19:57","date_gmt":"2024-03-08T15:20:30","guid":{"rendered":"https:\/\/www.casana.nl\/?post_type=product&#038;p=55301"},"modified":"2024-03-08T16:20:30","modified_gmt":"2024-03-08T15:20:30","slug":"villa-4-chambres-piscine-privee-en-lenticosa-totana","status":"publish","type":"product","link":"https:\/\/casana.nl\/fr\/vente\/villa-4-chambres-piscine-privee-en-lenticosa-totana\/","title":{"rendered":"Villa 4 chambres piscine priv\u00e9e en Lenticosa Totana"},"content":{"rendered":"<p>Une belle villa de 308m2, 4 chambres et 3 salles de bains, grande piscine priv\u00e9e, est situ\u00e9e dans le prestigieux quartier de La Paloma, Totana, une zone de tranquillit\u00e9 et de belle nature. Cette belle villa est enti\u00e8rement cl\u00f4tur\u00e9e, implant\u00e9e sur un terrain de 10 000 m2 offrant une intimit\u00e9 absolue.<\/p>\n<p>La grande piscine priv\u00e9e est situ\u00e9e dans un beau jardin avec de belles terrasses. Il dispose de deux entr\u00e9es distinctes. Est \u00e9quip\u00e9 de syst\u00e8mes d&rsquo;alimentation en \u00e9lectricit\u00e9, d&rsquo;eau potable et d&rsquo;irrigation via la source. Chaque pi\u00e8ce dispose du chauffage via la chaudi\u00e8re. Il y a aussi un garage spacieux et un grand sous-sol \u00e0 c\u00f4t\u00e9 de la maison, derri\u00e8re la piscine, qui borde la cour. La maison est pr\u00eate \u00e0 emm\u00e9nager et peut \u00eatre occup\u00e9e imm\u00e9diatement. Vendu enti\u00e8rement meubl\u00e9 incluant les \u00e9lectrom\u00e9nagers int\u00e9gr\u00e9s. Ne manquez pas cette opportunit\u00e9 unique de devenir propri\u00e9taire de cette villa.<\/p>\n<p>Totana: est un joli village espagnol typique d&rsquo;environ 30 000 habitants. Le village avec ses agr\u00e9ables rues commer\u00e7antes, son march\u00e9, son parc de jeux pour enfants, ses jolies places avec bars et restaurants est situ\u00e9 juste \u00e0 c\u00f4t\u00e9 de la magnifique r\u00e9serve naturelle de la Sierra Espu\u00f1a.<\/p>\n<p>Alentours: En plus du magnifique environnement naturel, vous pouvez rejoindre la c\u00f4te espagnole en 30 minutes depuis Totana. Le long de la c\u00f4te, vous trouverez de belles plages de sable fin et de magnifiques baies. Si vous visitez cette belle r\u00e9gion, jetez un \u0153il aux plus grandes villes telles que Lorca, Murcie et Carthag\u00e8ne et promenez-vous dans l&rsquo;un des plus petits villages espagnols authentiques.<\/p>\n","protected":false},"excerpt":{"rendered":"<p>Une belle villa de 308m2, 4 chambres et 3 salles de bains, grande piscine priv\u00e9e, est situ\u00e9e dans le prestigieux<\/p>\n","protected":false},"featured_media":55170,"template":"","meta":{"_acf_changed":false,"ngg_post_thumbnail":0},"product_brand":[],"product_cat":[154],"product_tag":[],"class_list":{"0":"post-55301","1":"product","2":"type-product","3":"status-publish","4":"has-post-thumbnail","6":"product_cat-villas-chalets-fr-fr-fr","8":"first","9":"instock","10":"shipping-taxable","11":"purchasable","12":"product-type-simple"},"acf":[],"_links":{"self":[{"href":"https:\/\/casana.nl\/fr\/wp-json\/wp\/v2\/product\/55301","targetHints":{"allow":["GET"]}}],"collection":[{"href":"https:\/\/casana.nl\/fr\/wp-json\/wp\/v2\/product"}],"about":[{"href":"https:\/\/casana.nl\/fr\/wp-json\/wp\/v2\/types\/product"}],"wp:featuredmedia":[{"embeddable":true,"href":"https:\/\/casana.nl\/fr\/wp-json\/wp\/v2\/media\/55170"}],"wp:attachment":[{"href":"https:\/\/casana.nl\/fr\/wp-json\/wp\/v2\/media?parent=55301"}],"wp:term":[{"taxonomy":"product_brand","embeddable":true,"href":"https:\/\/casana.nl\/fr\/wp-json\/wp\/v2\/product_brand?post=55301"},{"taxonomy":"product_cat","embeddable":true,"href":"https:\/\/casana.nl\/fr\/wp-json\/wp\/v2\/product_cat?post=55301"},{"taxonomy":"product_tag","embeddable":true,"href":"https:\/\/casana.nl\/fr\/wp-json\/wp\/v2\/product_tag?post=55301"}],"curies":[{"name":"wp","href":"https:\/\/api.w.org\/{rel}","templated":true}]}}