{"id":52082,"date":"2023-10-11T15:53:42","date_gmt":"2023-10-11T13:53:42","guid":{"rendered":"https:\/\/www.casana.nl\/?post_type=product&#038;p=52082"},"modified":"2025-10-24T10:05:00","modified_gmt":"2025-10-24T08:05:00","slug":"villa-5-chambres-piscine-privee-en-leiva-mazarron","status":"publish","type":"product","link":"https:\/\/casana.nl\/fr\/vente\/villa-5-chambres-piscine-privee-en-leiva-mazarron\/","title":{"rendered":"Villa 5 chambres piscine privee en Leiva Mazarr\u00f3n"},"content":{"rendered":"<p>La villa de 350m2 sur une parcelle de presque 10.00m2 en Leiva Mazarr\u00f3n avec 5 chambres a coucher. L&rsquo;entree qui se fait par un portail coulissant \u00e9lectrique. L\u2019allee est bord\u00e9e de palmiers. La maison principale se compose d\u2019un hall d entree. Sur le c\u00f4t\u00e9 gauche se trouvent trois chambres dont 2 en-suites salles de bains et armoire int\u00e9gr\u00e9es tres spacieuses avec grande fen\u00eatre dont 1 qui donnent cote piscine et terrasse. 1 chambre spacieuse et 1 salle de douche et wc a part. La cuisine est tres spacieuse avec une porte donnant sur le c\u00f4t\u00e9 de la propri\u00e9t\u00e9 tres pratique pour rentrer les courses. Elle est compl\u00e8tement am\u00e9nag\u00e9e avec r\u00e9frig\u00e9rateur-cong\u00e9lateur am\u00e9ricain, un lave-vaisselle, un lave-linge, un four \u00e9lectrique incorpore et une plaque de cuisson \u00e0 gaz et un double \u00e9vier donnant sur les montagnes. La piece principale est tres agr\u00e9able avec une partie salle a manger et une partie salon avec chemin\u00e9e \u00e0 granul\u00e9s. Les portes vitr\u00e9es m\u00e8nent \u00e9galement \u00e0 la terrasse arri\u00e8re couverte donnant sur la piscine. Toutes les fen\u00eatres et portes-fen\u00eatres sont \u00e0 double vitrage et sont \u00e9quip\u00e9es de barres de s\u00e9curit\u00e9 en fer forg\u00e9, de moustiquaires et de volets roulants. Chaque pi\u00e8ce dispose d&rsquo;un ventilateur de plafond et d&rsquo;une unit\u00e9 de climatisation individuelle ainsi que d&rsquo;un syst\u00e8me de conduits dans les couloirs.&nbsp;<\/p>\n<p>Il ya \u00e9galement des panneaux solaires. La piscine de 10x5m a \u00e9t\u00e9 r\u00e9cemment r\u00e9nov\u00e9e. Il y a une fonction chauffage avec pompe a chaleur et une fonction jacuzzi et \u00e9galement un syst\u00e8me de nettoyage automatique. Un dome veranda coulissant est \u00e9galement install\u00e9. Il y a une douche solaire sur la terrasse en face de la piscine. A proximit\u00e9, il y a un vestiaire avec toilet et lavabo et 1 chambre pour les invites ou autres. il y a de l&rsquo;espace pour garer plusieurs voitures ainsi qu&rsquo;un garage double d\u00e9tach\u00e9 avec une porte basculante \u00e9lectrique dans ce garage a l etage il ya un appartement ind\u00e9pendant compos\u00e9 d&rsquo;une chambre double, d&rsquo;une cuisine et d&rsquo;une salle de douche et une terrasse spacieuse.<\/p>\n<p>Il y a un syst\u00e8me special qui a \u00e9tait installe sous toute la maison pour emp\u00eacher l&rsquo;humidit\u00e9 de s incorpore dans les murs.&nbsp;&nbsp;<\/p>\n<p>Le terrain qui entoure la propri\u00e9t\u00e9 est am\u00e9nag\u00e9 avec des plantations matures comprenant des arbres fruitiers tels que des pommiers, des orangers et des pamplemousses et mandariniers ainsi que de magnifiques palmiers et arbustes fleuries , tous b\u00e9n\u00e9ficiant de l&rsquo;irrigation. Il y a aussi un grand d\u00e9barras en brique de 13,5 m2. Le terrain offre un tres grand potentiel et peut \u00eatre d\u00e9velopp\u00e9 davantage avec des id\u00e9es telles que des \u00e9curies ou autres. (sous r\u00e9serve d&rsquo;autorisations).&nbsp;<\/p>\n","protected":false},"excerpt":{"rendered":"<p>La villa de 350m2 sur une parcelle de presque 10.00m2 en Leiva Mazarr\u00f3n avec 5 chambres a coucher. L&rsquo;entree qui<\/p>\n","protected":false},"featured_media":51987,"template":"","meta":{"_acf_changed":false,"ngg_post_thumbnail":0},"product_brand":[],"product_cat":[154],"product_tag":[],"class_list":{"0":"post-52082","1":"product","2":"type-product","3":"status-publish","4":"has-post-thumbnail","6":"product_cat-villas-chalets-fr-fr-fr","8":"first","9":"instock","10":"shipping-taxable","11":"purchasable","12":"product-type-simple"},"acf":[],"_links":{"self":[{"href":"https:\/\/casana.nl\/fr\/wp-json\/wp\/v2\/product\/52082","targetHints":{"allow":["GET"]}}],"collection":[{"href":"https:\/\/casana.nl\/fr\/wp-json\/wp\/v2\/product"}],"about":[{"href":"https:\/\/casana.nl\/fr\/wp-json\/wp\/v2\/types\/product"}],"wp:featuredmedia":[{"embeddable":true,"href":"https:\/\/casana.nl\/fr\/wp-json\/wp\/v2\/media\/51987"}],"wp:attachment":[{"href":"https:\/\/casana.nl\/fr\/wp-json\/wp\/v2\/media?parent=52082"}],"wp:term":[{"taxonomy":"product_brand","embeddable":true,"href":"https:\/\/casana.nl\/fr\/wp-json\/wp\/v2\/product_brand?post=52082"},{"taxonomy":"product_cat","embeddable":true,"href":"https:\/\/casana.nl\/fr\/wp-json\/wp\/v2\/product_cat?post=52082"},{"taxonomy":"product_tag","embeddable":true,"href":"https:\/\/casana.nl\/fr\/wp-json\/wp\/v2\/product_tag?post=52082"}],"curies":[{"name":"wp","href":"https:\/\/api.w.org\/{rel}","templated":true}]}}