{"id":49510,"date":"2023-04-10T15:28:17","date_gmt":"2023-04-10T14:28:17","guid":{"rendered":"https:\/\/www.casana.nl\/?post_type=product&#038;p=49510"},"modified":"2025-10-17T12:12:24","modified_gmt":"2025-10-17T10:12:24","slug":"nouvelle-construction-appartements-2-ou-3-chambres-en-condado-de-alhama-murcia","status":"publish","type":"product","link":"https:\/\/casana.nl\/fr\/vente\/nouvelle-construction-appartements-2-ou-3-chambres-en-condado-de-alhama-murcia\/","title":{"rendered":"Nouvelle construction appartements 2 ou 3 chambres en Condado de Alhama Murcia"},"content":{"rendered":"<p>Entour\u00e9 d&rsquo;espaces verts et \u00e0 proximit\u00e9 du terrain de golf, le b\u00e2timent se compose de 8 appartements avec une piscine commune et un parking. Les appartements sont construits avec un design confortable et contemporain. Des touches de style m\u00e9diterran\u00e9en et moderne donnent une atmosph\u00e8re relaxante, baign\u00e9e de lumi\u00e8re naturelle. L&rsquo;int\u00e9rieur des appartements est distribu\u00e9 selon un concept \u00e0 aire ouverte. Il dispose d&rsquo;une cuisine et d&rsquo;un salon enti\u00e8rement \u00e9quip\u00e9s, de 2 salles de bain compl\u00e8tes et de 2 ou 3 chambres.Tous les appartements disposent d&rsquo;une grande terrasse avec cuisine d&rsquo;\u00e9t\u00e9, pour profiter pleinement du beau temps. Certains appartements b\u00e9n\u00e9ficient \u00e9galement d&rsquo;un jardin ou d&rsquo;un solarium.<\/p>\n<p>Alhama Nature Resort se trouve dans le complexe Condado de Alhama, dans le sud-est de l&rsquo;Espagne. Proche des parcs naturels, des montagnes et des plages de la M\u00e9diterran\u00e9e.<\/p>\n<p>Prix a partir de \u20ac196.400,- prete en 2026<\/p>\n","protected":false},"excerpt":{"rendered":"<p>Entour\u00e9 d&rsquo;espaces verts et \u00e0 proximit\u00e9 du terrain de golf, le b\u00e2timent se compose de 8 appartements avec une piscine<\/p>\n","protected":false},"featured_media":49471,"template":"","meta":{"_acf_changed":false,"ngg_post_thumbnail":0},"product_brand":[],"product_cat":[150,153],"product_tag":[],"class_list":{"0":"post-49510","1":"product","2":"type-product","3":"status-publish","4":"has-post-thumbnail","6":"product_cat-appartements-fr-fr-fr","7":"product_cat-nouvelles-constructions-fr-fr-fr","9":"first","10":"instock","11":"shipping-taxable","12":"purchasable","13":"product-type-simple"},"acf":[],"_links":{"self":[{"href":"https:\/\/casana.nl\/fr\/wp-json\/wp\/v2\/product\/49510","targetHints":{"allow":["GET"]}}],"collection":[{"href":"https:\/\/casana.nl\/fr\/wp-json\/wp\/v2\/product"}],"about":[{"href":"https:\/\/casana.nl\/fr\/wp-json\/wp\/v2\/types\/product"}],"wp:featuredmedia":[{"embeddable":true,"href":"https:\/\/casana.nl\/fr\/wp-json\/wp\/v2\/media\/49471"}],"wp:attachment":[{"href":"https:\/\/casana.nl\/fr\/wp-json\/wp\/v2\/media?parent=49510"}],"wp:term":[{"taxonomy":"product_brand","embeddable":true,"href":"https:\/\/casana.nl\/fr\/wp-json\/wp\/v2\/product_brand?post=49510"},{"taxonomy":"product_cat","embeddable":true,"href":"https:\/\/casana.nl\/fr\/wp-json\/wp\/v2\/product_cat?post=49510"},{"taxonomy":"product_tag","embeddable":true,"href":"https:\/\/casana.nl\/fr\/wp-json\/wp\/v2\/product_tag?post=49510"}],"curies":[{"name":"wp","href":"https:\/\/api.w.org\/{rel}","templated":true}]}}