{"id":49449,"date":"2023-04-06T16:07:34","date_gmt":"2023-04-06T15:29:35","guid":{"rendered":"https:\/\/www.casana.nl\/?post_type=product&#038;p=49449"},"modified":"2025-02-17T13:38:47","modified_gmt":"2025-02-17T12:38:47","slug":"nouvelle-construction-villa-3-chambres-piscine-privee-en-condado-de-alhama-murcia","status":"publish","type":"product","link":"https:\/\/casana.nl\/fr\/vente\/nouvelle-construction-villa-3-chambres-piscine-privee-en-condado-de-alhama-murcia\/","title":{"rendered":"Nouvelle construction villa 3 chambres piscine priv\u00e9e en Condado de Alhama Murcia"},"content":{"rendered":"<p>Villa ind\u00e9pendante sur un terrain de 240m2 avec jardin, solarium et piscine priv\u00e9e. 3 chambres et 2 salles de bains, salon et cuisine enti\u00e8rement \u00e9quip\u00e9e. Le salon m\u00e8ne \u00e0 une terrasse au rez-de-chauss\u00e9e. Sur le toit se trouve un solarium avec une cuisine d&rsquo;\u00e9t\u00e9 pour profiter pleinement du beau temps.&nbsp;Entour\u00e9 d&rsquo;espaces verts et \u00e0 proximit\u00e9 du parcours de golf, le complexe Villas Atenea est compos\u00e9 de 11 villas ind\u00e9pendantes avec piscine priv\u00e9e et parking. Les villas Atenea sont construites avec un design confortable et contemporain. Des touches de style m\u00e9diterran\u00e9en et moderne donnent une atmosph\u00e8re relaxante, baign\u00e9e de lumi\u00e8re naturelle.<\/p>\n<p>Les \u00ab\u00a0Villas Atenea\u00a0\u00bb d&rsquo;Alhama Nature Resort se trouvent dans le complexe Condado de Alhama, dans le sud-est de l&rsquo;Espagne. Proche des parcs naturels, des montagnes et des plages de la M\u00e9diterran\u00e9e.<\/p>\n<p>Prix a partir de \u20ac318.500 prete en 2025.<\/p>\n","protected":false},"excerpt":{"rendered":"<p>Villa ind\u00e9pendante sur un terrain de 240m2 avec jardin, solarium et piscine priv\u00e9e. 3 chambres et 2 salles de bains,<\/p>\n","protected":false},"featured_media":49438,"template":"","meta":{"_acf_changed":false,"ngg_post_thumbnail":0},"product_brand":[],"product_cat":[153,154],"product_tag":[],"class_list":{"0":"post-49449","1":"product","2":"type-product","3":"status-publish","4":"has-post-thumbnail","6":"product_cat-nouvelles-constructions-fr-fr-fr","7":"product_cat-villas-chalets-fr-fr-fr","9":"first","10":"instock","11":"shipping-taxable","12":"purchasable","13":"product-type-simple"},"acf":[],"_links":{"self":[{"href":"https:\/\/casana.nl\/fr\/wp-json\/wp\/v2\/product\/49449","targetHints":{"allow":["GET"]}}],"collection":[{"href":"https:\/\/casana.nl\/fr\/wp-json\/wp\/v2\/product"}],"about":[{"href":"https:\/\/casana.nl\/fr\/wp-json\/wp\/v2\/types\/product"}],"wp:featuredmedia":[{"embeddable":true,"href":"https:\/\/casana.nl\/fr\/wp-json\/wp\/v2\/media\/49438"}],"wp:attachment":[{"href":"https:\/\/casana.nl\/fr\/wp-json\/wp\/v2\/media?parent=49449"}],"wp:term":[{"taxonomy":"product_brand","embeddable":true,"href":"https:\/\/casana.nl\/fr\/wp-json\/wp\/v2\/product_brand?post=49449"},{"taxonomy":"product_cat","embeddable":true,"href":"https:\/\/casana.nl\/fr\/wp-json\/wp\/v2\/product_cat?post=49449"},{"taxonomy":"product_tag","embeddable":true,"href":"https:\/\/casana.nl\/fr\/wp-json\/wp\/v2\/product_tag?post=49449"}],"curies":[{"name":"wp","href":"https:\/\/api.w.org\/{rel}","templated":true}]}}