{"id":43530,"date":"2021-12-30T11:24:50","date_gmt":"2021-12-30T10:25:38","guid":{"rendered":"https:\/\/www.casana.nl\/?post_type=product&#038;p=43530"},"modified":"2025-01-11T09:41:52","modified_gmt":"2025-01-11T08:41:52","slug":"nouvelle-construction-maisons-de-luxe-3-chambres-a-cote-du-golf-en-orihuela","status":"publish","type":"product","link":"https:\/\/casana.nl\/fr\/vente\/nouvelle-construction-maisons-de-luxe-3-chambres-a-cote-du-golf-en-orihuela\/","title":{"rendered":"Nouvelle construction maisons de luxe 3 chambres a cot\u00e9 du golf en Orihuela"},"content":{"rendered":"<p>Encore 3 villas disponibles!<\/p>\n<p>Villas de luxe ind\u00e9pendantes avec 3 chambres et trois salles de bains sur deux \u00e9tages pour une meilleure utilisation du terrain. Votre maison sur la Costa Blanca Sud \u00e0 c\u00f4t\u00e9 du terrain de golf et une grande vari\u00e9t\u00e9 de services.<\/p>\n<p>D&rsquo;une surface habitable de 109m2 et 31m2 de terrasses. Dans des parcelles allant de 221m2 \u00e0 331 m2 dans les coins. La piscine priv\u00e9e est une option.&nbsp;Parking pour la voiture \u00e0 l&rsquo;int\u00e9rieur de la parcelle.<\/p>\n<p>Prix \u00e0 partir de \u20ac349.000,-<\/p>\n<p>Vistabella Golf Resort m\u00e9lange le plaisir de maisons exclusives avec tous les services dont vous avez besoin au quotidien : supermarch\u00e9s, pharmacies, restaurants, \u00e9coles ou services m\u00e9dicaux qui rejoignent la proximit\u00e9 d&rsquo;Orihuela, Torrevieja et des a\u00e9roports d&rsquo;Alicante ou de San Javier, facilement accessibles. de l&rsquo;autoroute AP-7.<\/p>\n","protected":false},"excerpt":{"rendered":"<p>Encore 3 villas disponibles! Villas de luxe ind\u00e9pendantes avec 3 chambres et trois salles de bains sur deux \u00e9tages pour<\/p>\n","protected":false},"featured_media":43515,"template":"","meta":{"_acf_changed":false,"ngg_post_thumbnail":0},"product_brand":[],"product_cat":[153,154],"product_tag":[],"class_list":{"0":"post-43530","1":"product","2":"type-product","3":"status-publish","4":"has-post-thumbnail","6":"product_cat-nouvelles-constructions-fr-fr-fr","7":"product_cat-villas-chalets-fr-fr-fr","9":"first","10":"instock","11":"shipping-taxable","12":"purchasable","13":"product-type-simple"},"acf":[],"_links":{"self":[{"href":"https:\/\/casana.nl\/fr\/wp-json\/wp\/v2\/product\/43530","targetHints":{"allow":["GET"]}}],"collection":[{"href":"https:\/\/casana.nl\/fr\/wp-json\/wp\/v2\/product"}],"about":[{"href":"https:\/\/casana.nl\/fr\/wp-json\/wp\/v2\/types\/product"}],"wp:featuredmedia":[{"embeddable":true,"href":"https:\/\/casana.nl\/fr\/wp-json\/wp\/v2\/media\/43515"}],"wp:attachment":[{"href":"https:\/\/casana.nl\/fr\/wp-json\/wp\/v2\/media?parent=43530"}],"wp:term":[{"taxonomy":"product_brand","embeddable":true,"href":"https:\/\/casana.nl\/fr\/wp-json\/wp\/v2\/product_brand?post=43530"},{"taxonomy":"product_cat","embeddable":true,"href":"https:\/\/casana.nl\/fr\/wp-json\/wp\/v2\/product_cat?post=43530"},{"taxonomy":"product_tag","embeddable":true,"href":"https:\/\/casana.nl\/fr\/wp-json\/wp\/v2\/product_tag?post=43530"}],"curies":[{"name":"wp","href":"https:\/\/api.w.org\/{rel}","templated":true}]}}