{"id":42235,"date":"2021-10-06T10:31:44","date_gmt":"2021-10-06T09:33:08","guid":{"rendered":"https:\/\/www.casana.nl\/?post_type=product&#038;p=42235"},"modified":"2025-07-07T21:19:38","modified_gmt":"2025-07-07T19:19:38","slug":"finca-7-chambres-piscine-privee-en-lorca-murcia","status":"publish","type":"product","link":"https:\/\/casana.nl\/fr\/vente\/finca-7-chambres-piscine-privee-en-lorca-murcia\/","title":{"rendered":"Finca 7 chambres piscine priv\u00e9e en Lorca Murcia"},"content":{"rendered":"<p>Cette fabuleuse finca bien \u00e9tablie avec 7 chambres, 7 salles de bains est actuellement exploit\u00e9e en tant que chambre d&rsquo;h\u00f4tes. A \u00e9t\u00e9 totalement r\u00e9nov\u00e9 \u00e0 un niveau exceptionnellement \u00e9lev\u00e9. La propri\u00e9t\u00e9 est facilement accessible.<\/p>\n<p>Il y a une grande terrasse, une piscine priv\u00e9e de 12 x 5m et un beau jardin avec une vue magnifique.<\/p>\n<p>Lorca est situ\u00e9e au sud de la r\u00e9gion de Murcia, pr\u00e8s de la fronti\u00e8re avec l&rsquo;Andalousie. La ville avec 100 000 habitants et un climat agr\u00e9able, est situ\u00e9e des deux c\u00f4t\u00e9s du R\u00edo Guadalant\u00edn, dans une vall\u00e9e fertile. La c\u00f4te de la Costa Calida est \u00e0 environ 35 km de la ville, la capitale Murcia est \u00e0 70 km.<\/p>\n","protected":false},"excerpt":{"rendered":"<p>Cette fabuleuse finca bien \u00e9tablie avec 7 chambres, 7 salles de bains est actuellement exploit\u00e9e en tant que chambre d&rsquo;h\u00f4tes.<\/p>\n","protected":false},"featured_media":42164,"template":"","meta":{"_acf_changed":false,"ngg_post_thumbnail":0},"product_brand":[],"product_cat":[151],"product_tag":[],"class_list":{"0":"post-42235","1":"product","2":"type-product","3":"status-publish","4":"has-post-thumbnail","6":"product_cat-fincas-fr-fr-fr-fr","8":"first","9":"instock","10":"shipping-taxable","11":"purchasable","12":"product-type-simple"},"acf":[],"_links":{"self":[{"href":"https:\/\/casana.nl\/fr\/wp-json\/wp\/v2\/product\/42235","targetHints":{"allow":["GET"]}}],"collection":[{"href":"https:\/\/casana.nl\/fr\/wp-json\/wp\/v2\/product"}],"about":[{"href":"https:\/\/casana.nl\/fr\/wp-json\/wp\/v2\/types\/product"}],"wp:featuredmedia":[{"embeddable":true,"href":"https:\/\/casana.nl\/fr\/wp-json\/wp\/v2\/media\/42164"}],"wp:attachment":[{"href":"https:\/\/casana.nl\/fr\/wp-json\/wp\/v2\/media?parent=42235"}],"wp:term":[{"taxonomy":"product_brand","embeddable":true,"href":"https:\/\/casana.nl\/fr\/wp-json\/wp\/v2\/product_brand?post=42235"},{"taxonomy":"product_cat","embeddable":true,"href":"https:\/\/casana.nl\/fr\/wp-json\/wp\/v2\/product_cat?post=42235"},{"taxonomy":"product_tag","embeddable":true,"href":"https:\/\/casana.nl\/fr\/wp-json\/wp\/v2\/product_tag?post=42235"}],"curies":[{"name":"wp","href":"https:\/\/api.w.org\/{rel}","templated":true}]}}