{"id":5218,"date":"2015-01-23T15:17:32","date_gmt":"2015-01-23T14:17:32","guid":{"rendered":"http:\/\/casana.nl\/?page_id=5218"},"modified":"2022-10-19T09:35:43","modified_gmt":"2022-10-19T08:35:43","slug":"service","status":"publish","type":"page","link":"https:\/\/casana.nl\/fr\/service\/","title":{"rendered":"Service"},"content":{"rendered":"<div class=\"wpb-content-wrapper\"><p>[vc_row][vc_column offset=\u00a0\u00bbvc_col-lg-6 vc_col-md-6&Prime; mobile_bg_img_hidden=\u00a0\u00bbno\u00a0\u00bb tablet_bg_img_hidden=\u00a0\u00bbno\u00a0\u00bb woodmart_parallax=\u00a0\u00bb0&Prime; woodmart_sticky_column=\u00a0\u00bbfalse\u00a0\u00bb parallax_scroll=\u00a0\u00bbno\u00a0\u00bb mobile_reset_margin=\u00a0\u00bbno\u00a0\u00bb tablet_reset_margin=\u00a0\u00bbno\u00a0\u00bb]\n\t\t<div id=\"wd-6038cf624dbe5\" class=\"title-wrapper wd-wpb wd-set-mb reset-last-child  wd-rs-6038cf624dbe5 wd-title-color-default wd-title-style-default text-left  wd-underline-colored\">\n\t\t\t\n\t\t\t<div class=\"liner-continer\">\n\t\t\t\t<h4 class=\"woodmart-title-container title  wd-font-weight-500 wd-fontsize-l\" >Service<\/h4>\n\t\t\t\t\t\t\t<\/div>\n\t\t\t\n\t\t\t\n\t\t\t\n\t\t<\/div>\n\t\t\n\t\t[vc_column_text text_larger=\u00a0\u00bbno\u00a0\u00bb]<strong>Contrat de service Casa\u00f1a<\/strong><br \/>\nEn plus de servir d\u2019interm\u00e9diaire dans l\u2019achat, la vente et la location de votre maison en Espagne, Casa\u00f1a vous propose \u00e9galement un service suppl\u00e9mentaire o\u00f9 vous pouvez quitter votre maison sur le Mazarr\u00f3n Country Club en Espagne en toute confiance.<\/p>\n<p>Nous avons remarqu\u00e9 qu\u2019il y a un besoin de service suppl\u00e9mentaire, afin que vous puissiez profiter pleinement de votre maison et laisser vos cl\u00e9s avec nous en Espagne en toute confiance.<\/p>\n<p>Nous ne pouvons offrir ce service que pour les maisons du Mazarr\u00f3n Country Club.<\/p>\n<p>Plus d\u2019information? Veuillez nous contacter par <a href=\"https:\/\/casana.nl\/fr\/contact-3\/\">le formulaire de contact.<\/a><\/p>\n<p>&nbsp;<\/p>\n<p>&nbsp;[\/vc_column_text][\/vc_column][vc_column offset=\u00a0\u00bbvc_col-lg-6 vc_col-md-6&Prime; mobile_bg_img_hidden=\u00a0\u00bbno\u00a0\u00bb tablet_bg_img_hidden=\u00a0\u00bbno\u00a0\u00bb woodmart_parallax=\u00a0\u00bb0&Prime; woodmart_sticky_column=\u00a0\u00bbfalse\u00a0\u00bb parallax_scroll=\u00a0\u00bbno\u00a0\u00bb mobile_reset_margin=\u00a0\u00bbno\u00a0\u00bb tablet_reset_margin=\u00a0\u00bbno\u00a0\u00bb][vc_single_image image=\u00a0\u00bb36463&Prime; img_size=\u00a0\u00bblarge\u00a0\u00bb style=\u00a0\u00bbvc_box_border\u00a0\u00bb onclick=\u00a0\u00bblink_image\u00a0\u00bb parallax_scroll=\u00a0\u00bbno\u00a0\u00bb][\/vc_column][\/vc_row]<\/p>\n<\/div>","protected":false},"excerpt":{"rendered":"<p>[vc_row][vc_column offset=\u00a0\u00bbvc_col-lg-6 vc_col-md-6&Prime; mobile_bg_img_hidden=\u00a0\u00bbno\u00a0\u00bb tablet_bg_img_hidden=\u00a0\u00bbno\u00a0\u00bb woodmart_parallax=\u00a0\u00bb0&Prime; woodmart_sticky_column=\u00a0\u00bbfalse\u00a0\u00bb parallax_scroll=\u00a0\u00bbno\u00a0\u00bb mobile_reset_margin=\u00a0\u00bbno\u00a0\u00bb tablet_reset_margin=\u00a0\u00bbno\u00a0\u00bb][vc_column_text text_larger=\u00a0\u00bbno\u00a0\u00bb]Contrat de service Casa\u00f1a En plus de servir d\u2019interm\u00e9diaire dans<\/p>\n","protected":false},"author":7,"featured_media":0,"parent":0,"menu_order":0,"comment_status":"open","ping_status":"open","template":"","meta":{"_acf_changed":false,"ngg_post_thumbnail":0,"footnotes":""},"class_list":["post-5218","page","type-page","status-publish","hentry"],"acf":[],"_links":{"self":[{"href":"https:\/\/casana.nl\/fr\/wp-json\/wp\/v2\/pages\/5218","targetHints":{"allow":["GET"]}}],"collection":[{"href":"https:\/\/casana.nl\/fr\/wp-json\/wp\/v2\/pages"}],"about":[{"href":"https:\/\/casana.nl\/fr\/wp-json\/wp\/v2\/types\/page"}],"author":[{"embeddable":true,"href":"https:\/\/casana.nl\/fr\/wp-json\/wp\/v2\/users\/7"}],"replies":[{"embeddable":true,"href":"https:\/\/casana.nl\/fr\/wp-json\/wp\/v2\/comments?post=5218"}],"version-history":[{"count":6,"href":"https:\/\/casana.nl\/fr\/wp-json\/wp\/v2\/pages\/5218\/revisions"}],"predecessor-version":[{"id":47545,"href":"https:\/\/casana.nl\/fr\/wp-json\/wp\/v2\/pages\/5218\/revisions\/47545"}],"wp:attachment":[{"href":"https:\/\/casana.nl\/fr\/wp-json\/wp\/v2\/media?parent=5218"}],"curies":[{"name":"wp","href":"https:\/\/api.w.org\/{rel}","templated":true}]}}