{"id":5210,"date":"2015-01-23T15:15:14","date_gmt":"2015-01-23T14:15:14","guid":{"rendered":"http:\/\/casana.nl\/?page_id=5210"},"modified":"2021-11-17T09:51:36","modified_gmt":"2021-11-17T08:51:36","slug":"processus-de-location","status":"publish","type":"page","link":"https:\/\/casana.nl\/fr\/location\/processus-de-location\/","title":{"rendered":"Processus de location"},"content":{"rendered":"<div class=\"wpb-content-wrapper\"><p>[vc_row][vc_column offset=\u00a0\u00bbvc_col-lg-6 vc_col-md-6&Prime; mobile_bg_img_hidden=\u00a0\u00bbno\u00a0\u00bb tablet_bg_img_hidden=\u00a0\u00bbno\u00a0\u00bb woodmart_parallax=\u00a0\u00bb0&Prime; woodmart_sticky_column=\u00a0\u00bbfalse\u00a0\u00bb parallax_scroll=\u00a0\u00bbno\u00a0\u00bb mobile_reset_margin=\u00a0\u00bbno\u00a0\u00bb tablet_reset_margin=\u00a0\u00bbno\u00a0\u00bb][vc_single_image image=\u00a0\u00bb35848&Prime; img_size=\u00a0\u00bblarge\u00a0\u00bb style=\u00a0\u00bbvc_box_border\u00a0\u00bb onclick=\u00a0\u00bblink_image\u00a0\u00bb parallax_scroll=\u00a0\u00bbno\u00a0\u00bb]<div id=\"wd-6038d4b4c3c10\" class=\" wd-rs-6038d4b4c3c10  wd-button-wrapper text-left\"><a href=\"https:\/\/www.casana.nl\/fr\/location\/\" title=\"Verhuur\" class=\"btn btn-style-default btn-shape-semi-round btn-size-default btn-icon-pos-left\">Offre de location<span class=\"wd-btn-icon\"><span class=\"wd-icon fas fa-home\"><\/span><\/span><\/a><\/div>[vc_empty_space woodmart_hide_large=\u00a0\u00bb0&Prime; woodmart_hide_medium=\u00a0\u00bb0&Prime; woodmart_hide_small=\u00a0\u00bb0&Prime; woodmart_hide_extra_small=\u00a0\u00bb0&Prime;][\/vc_column][vc_column offset=\u00a0\u00bbvc_col-lg-6 vc_col-md-6&Prime; mobile_bg_img_hidden=\u00a0\u00bbno\u00a0\u00bb tablet_bg_img_hidden=\u00a0\u00bbno\u00a0\u00bb woodmart_parallax=\u00a0\u00bb0&Prime; woodmart_sticky_column=\u00a0\u00bbfalse\u00a0\u00bb parallax_scroll=\u00a0\u00bbno\u00a0\u00bb mobile_reset_margin=\u00a0\u00bbno\u00a0\u00bb tablet_reset_margin=\u00a0\u00bbno\u00a0\u00bb]\n\t\t<div id=\"wd-6038cd0b64bfa\" class=\"title-wrapper wd-wpb wd-set-mb reset-last-child  wd-rs-6038cd0b64bfa wd-title-color-default wd-title-style-default text-left  wd-underline-colored\">\n\t\t\t\n\t\t\t<div class=\"liner-continer\">\n\t\t\t\t<h4 class=\"woodmart-title-container title  wd-font-weight-500 wd-fontsize-l\" >Processus de location<\/h4>\n\t\t\t\t\t\t\t<\/div>\n\t\t\t\n\t\t\t\n\t\t\t\n\t\t<\/div>\n\t\t\n\t\t[vc_column_text text_larger=\u00a0\u00bbno\u00a0\u00bb]Vous pouvez trouver nos offres de location sur notre site web.<\/p>\n<p>Si vous avez trouv\u00e9 une propri\u00e9t\u00e9 qui vous convient, vous pouvez tous simplement r\u00e9server par l\u2019interm\u00e9diaire du site.&nbsp;En plus des frais que vous payez pour la location, vous devez \u00e9galement payer une seule fois des frais de nettoyage final, administration, serviettes et draps de lit et une caution, pour votre animal de compagnie, une chaise ou un lit d\u2019enfant.<\/p>\n<p>Apr\u00e8s votre r\u00e9servation, vous devez verser 20% du montant total pour confirmer votre r\u00e9servation.&nbsp;Les 80% restants devront \u00eatre pay\u00e9s, dans les 30 jours pr\u00e9c\u00e9dant votre&nbsp; arriv\u00e9e.<\/p>\n<p>Pour votre arriv\u00e9e, nous aimerions bien savoir \u00e0 quelle heure \u00e0 peu pr\u00e8s vous pensez arriver chez nous.&nbsp;Vous serez alors accueillis \u00e0 la villa et des explications vous seront fournies&nbsp; \u00e0 son sujet.&nbsp;Le jour de votre arriv\u00e9e, vous pourrez faire un rendez-vous pour votre d\u00e9part (avant 10h00 du matin pour faire le nettoyage final et l&rsquo;actuelle de notre nouvelles locataires).&nbsp;La propri\u00e9t\u00e9 sera ensuite contr\u00f4l\u00e9e et votre caution vous sera rembours\u00e9e par Casana.<\/p>\n<p>Sur le site web au niveau de \u2018Politique de documents\u2019, vous trouverez des informations compl\u00e9mentaires.<\/p>\n<p>Si vous avez des questions, vous pourrez nous contacter par l\u2019interm\u00e9diaire du&nbsp; formulaire de contact.[\/vc_column_text][\/vc_column][\/vc_row]<\/p>\n<\/div>","protected":false},"excerpt":{"rendered":"<p>[vc_row][vc_column offset=\u00a0\u00bbvc_col-lg-6 vc_col-md-6&Prime; mobile_bg_img_hidden=\u00a0\u00bbno\u00a0\u00bb tablet_bg_img_hidden=\u00a0\u00bbno\u00a0\u00bb woodmart_parallax=\u00a0\u00bb0&Prime; woodmart_sticky_column=\u00a0\u00bbfalse\u00a0\u00bb parallax_scroll=\u00a0\u00bbno\u00a0\u00bb mobile_reset_margin=\u00a0\u00bbno\u00a0\u00bb tablet_reset_margin=\u00a0\u00bbno\u00a0\u00bb][vc_single_image image=\u00a0\u00bb35848&Prime; img_size=\u00a0\u00bblarge\u00a0\u00bb style=\u00a0\u00bbvc_box_border\u00a0\u00bb onclick=\u00a0\u00bblink_image\u00a0\u00bb parallax_scroll=\u00a0\u00bbno\u00a0\u00bb][vc_empty_space woodmart_hide_large=\u00a0\u00bb0&Prime; woodmart_hide_medium=\u00a0\u00bb0&Prime; woodmart_hide_small=\u00a0\u00bb0&Prime; woodmart_hide_extra_small=\u00a0\u00bb0&Prime;][\/vc_column][vc_column offset=\u00a0\u00bbvc_col-lg-6<\/p>\n","protected":false},"author":7,"featured_media":0,"parent":5204,"menu_order":0,"comment_status":"closed","ping_status":"open","template":"","meta":{"_acf_changed":false,"ngg_post_thumbnail":0,"footnotes":""},"class_list":["post-5210","page","type-page","status-publish","hentry"],"acf":[],"_links":{"self":[{"href":"https:\/\/casana.nl\/fr\/wp-json\/wp\/v2\/pages\/5210","targetHints":{"allow":["GET"]}}],"collection":[{"href":"https:\/\/casana.nl\/fr\/wp-json\/wp\/v2\/pages"}],"about":[{"href":"https:\/\/casana.nl\/fr\/wp-json\/wp\/v2\/types\/page"}],"author":[{"embeddable":true,"href":"https:\/\/casana.nl\/fr\/wp-json\/wp\/v2\/users\/7"}],"replies":[{"embeddable":true,"href":"https:\/\/casana.nl\/fr\/wp-json\/wp\/v2\/comments?post=5210"}],"version-history":[{"count":9,"href":"https:\/\/casana.nl\/fr\/wp-json\/wp\/v2\/pages\/5210\/revisions"}],"predecessor-version":[{"id":43032,"href":"https:\/\/casana.nl\/fr\/wp-json\/wp\/v2\/pages\/5210\/revisions\/43032"}],"up":[{"embeddable":true,"href":"https:\/\/casana.nl\/fr\/wp-json\/wp\/v2\/pages\/5204"}],"wp:attachment":[{"href":"https:\/\/casana.nl\/fr\/wp-json\/wp\/v2\/media?parent=5210"}],"curies":[{"name":"wp","href":"https:\/\/api.w.org\/{rel}","templated":true}]}}