{"id":5206,"date":"2015-01-23T15:14:05","date_gmt":"2015-01-23T14:14:05","guid":{"rendered":"http:\/\/casana.nl\/?page_id=5206"},"modified":"2023-08-28T14:37:17","modified_gmt":"2023-08-28T12:37:17","slug":"location-de-voiture","status":"publish","type":"page","link":"https:\/\/casana.nl\/fr\/location\/location-de-voiture\/","title":{"rendered":"Location de voiture"},"content":{"rendered":"<div class=\"wpb-content-wrapper\"><p>[vc_row][vc_column offset=\u00a0\u00bbvc_col-lg-6 vc_col-md-6&Prime; mobile_bg_img_hidden=\u00a0\u00bbno\u00a0\u00bb tablet_bg_img_hidden=\u00a0\u00bbno\u00a0\u00bb woodmart_parallax=\u00a0\u00bb0&Prime; woodmart_sticky_column=\u00a0\u00bbfalse\u00a0\u00bb parallax_scroll=\u00a0\u00bbno\u00a0\u00bb mobile_reset_margin=\u00a0\u00bbno\u00a0\u00bb tablet_reset_margin=\u00a0\u00bbno\u00a0\u00bb][vc_single_image image=\u00a0\u00bb38722&Prime; img_size=\u00a0\u00bblarge\u00a0\u00bb style=\u00a0\u00bbvc_box_border\u00a0\u00bb parallax_scroll=\u00a0\u00bbno\u00a0\u00bb][\/vc_column][vc_column offset=\u00a0\u00bbvc_col-lg-6 vc_col-md-6&Prime; mobile_bg_img_hidden=\u00a0\u00bbno\u00a0\u00bb tablet_bg_img_hidden=\u00a0\u00bbno\u00a0\u00bb woodmart_parallax=\u00a0\u00bb0&Prime; woodmart_sticky_column=\u00a0\u00bbfalse\u00a0\u00bb parallax_scroll=\u00a0\u00bbno\u00a0\u00bb mobile_reset_margin=\u00a0\u00bbno\u00a0\u00bb tablet_reset_margin=\u00a0\u00bbno\u00a0\u00bb]\n\t\t<div id=\"wd-6038cd9744cd8\" class=\"title-wrapper wd-wpb wd-set-mb reset-last-child  wd-rs-6038cd9744cd8 wd-title-color-default wd-title-style-default text-left  wd-underline-colored\">\n\t\t\t\n\t\t\t<div class=\"liner-continer\">\n\t\t\t\t<h2 class=\"woodmart-title-container title  wd-font-weight-500 wd-fontsize-l\" >Location de voiture<\/h2>\n\t\t\t\t\t\t\t<\/div>\n\t\t\t\n\t\t\t\n\t\t\t\n\t\t<\/div>\n\t\t\n\t\t[vc_column_text text_larger=\u00a0\u00bbno\u00a0\u00bb]<strong>S\u00fbr, fiable et 100% n\u00e9gligemment en louant une voiture \u00e0 travers de Casa\u00f1a.<\/strong><\/p>\n<p>Chez Casa\u00f1a, vous r\u00e9servez une voiture de location \u00e0 travers notre partenaire Sunny Cars, avec la formule unique de location tout compris. Vous \u00eates assur\u00e9 des meilleures voitures et il n\u2019y a pas de co\u00fbts cach\u00e9s. En bref: location de voiture s\u00fbre, famili\u00e8re et 100% insouciante!<br \/>\nVeuillez noter que le conducteur principal doit toujours \u00eatre en possession d\u2019une carte de cr\u00e9dit. Il s\u2019agit du d\u00e9p\u00f4t de garantie \u00e9mis sur l\u2019emplacement.<\/p>\n<p>&nbsp;[\/vc_column_text][vc_raw_html]JTNDc2Mtd2lkZ2V0JTIwYWZmaWxpYXRla2V5JTNEJTIyMjUyNTQ4NyUyMiUyMGRvbWFpbiUzRCUyMm5sJTIyJTIwbGFuZyUzRCUyMmZyJTIyJTNFJTNDJTJGc2Mtd2lkZ2V0JTNF[\/vc_raw_html][\/vc_column][\/vc_row]<\/p>\n<\/div>","protected":false},"excerpt":{"rendered":"<p>[vc_row][vc_column offset=\u00a0\u00bbvc_col-lg-6 vc_col-md-6&Prime; mobile_bg_img_hidden=\u00a0\u00bbno\u00a0\u00bb tablet_bg_img_hidden=\u00a0\u00bbno\u00a0\u00bb woodmart_parallax=\u00a0\u00bb0&Prime; woodmart_sticky_column=\u00a0\u00bbfalse\u00a0\u00bb parallax_scroll=\u00a0\u00bbno\u00a0\u00bb mobile_reset_margin=\u00a0\u00bbno\u00a0\u00bb tablet_reset_margin=\u00a0\u00bbno\u00a0\u00bb][vc_single_image image=\u00a0\u00bb38722&Prime; img_size=\u00a0\u00bblarge\u00a0\u00bb style=\u00a0\u00bbvc_box_border\u00a0\u00bb parallax_scroll=\u00a0\u00bbno\u00a0\u00bb][\/vc_column][vc_column offset=\u00a0\u00bbvc_col-lg-6 vc_col-md-6&Prime; mobile_bg_img_hidden=\u00a0\u00bbno\u00a0\u00bb tablet_bg_img_hidden=\u00a0\u00bbno\u00a0\u00bb woodmart_parallax=\u00a0\u00bb0&Prime; woodmart_sticky_column=\u00a0\u00bbfalse\u00a0\u00bb<\/p>\n","protected":false},"author":7,"featured_media":0,"parent":5204,"menu_order":0,"comment_status":"closed","ping_status":"open","template":"","meta":{"_acf_changed":false,"ngg_post_thumbnail":0,"footnotes":""},"class_list":["post-5206","page","type-page","status-publish","hentry"],"acf":[],"_links":{"self":[{"href":"https:\/\/casana.nl\/fr\/wp-json\/wp\/v2\/pages\/5206","targetHints":{"allow":["GET"]}}],"collection":[{"href":"https:\/\/casana.nl\/fr\/wp-json\/wp\/v2\/pages"}],"about":[{"href":"https:\/\/casana.nl\/fr\/wp-json\/wp\/v2\/types\/page"}],"author":[{"embeddable":true,"href":"https:\/\/casana.nl\/fr\/wp-json\/wp\/v2\/users\/7"}],"replies":[{"embeddable":true,"href":"https:\/\/casana.nl\/fr\/wp-json\/wp\/v2\/comments?post=5206"}],"version-history":[{"count":17,"href":"https:\/\/casana.nl\/fr\/wp-json\/wp\/v2\/pages\/5206\/revisions"}],"predecessor-version":[{"id":51209,"href":"https:\/\/casana.nl\/fr\/wp-json\/wp\/v2\/pages\/5206\/revisions\/51209"}],"up":[{"embeddable":true,"href":"https:\/\/casana.nl\/fr\/wp-json\/wp\/v2\/pages\/5204"}],"wp:attachment":[{"href":"https:\/\/casana.nl\/fr\/wp-json\/wp\/v2\/media?parent=5206"}],"curies":[{"name":"wp","href":"https:\/\/api.w.org\/{rel}","templated":true}]}}