{"id":51805,"date":"2023-10-06T13:38:20","date_gmt":"2023-10-06T11:38:20","guid":{"rendered":"https:\/\/www.casana.nl\/?page_id=51805"},"modified":"2025-11-24T09:19:29","modified_gmt":"2025-11-24T08:19:29","slug":"numero-de-nie","status":"publish","type":"page","link":"https:\/\/casana.nl\/fr\/numero-de-nie\/","title":{"rendered":"Num\u00e9ro de NIE"},"content":{"rendered":"<div class=\"wpb-content-wrapper\"><p>[vc_row][vc_column][vc_column_text css=\u00a0\u00bb\u00a0\u00bb text_larger=\u00a0\u00bbno\u00a0\u00bb woodmart_inline=\u00a0\u00bbno\u00a0\u00bb]<\/p>\n<h2>Qu&rsquo;est-ce qu&rsquo;un num\u00e9ro NIE Espagnol ?<\/h2>\n<p>Un num\u00e9ro NIE en Espagne est un num\u00e9ro d\u2019identification des \u00e9trangers et signifie N\u00famero de Identificaci\u00f3n de Extranjeros. Les r\u00e9sidents et les non-r\u00e9sidents fiscaux doivent disposer de ce num\u00e9ro. Ce num\u00e9ro est et reste votre num\u00e9ro d\u2019identification personnel en Espagne.<\/p>\n<h2>Pourquoi j&rsquo;ai besoin d&rsquo;un num\u00e9ro de NIE Espagnol ?<\/h2>\n<p>Si vous souhaitez rester en Espagne pendant plus de trois mois, vous devez demander un num\u00e9ro de NIE Espagnol. Ceci est votre preuve que vous r\u00e9sidez l\u00e9galement en Espagne.<\/p>\n<p>Sans num\u00e9ro de NIE, vous ne pouvez pas faire grand-chose en Espagne, car vous en avez besoin, entre autres :<\/p>\n<ul>\n<li>D\u00e9poser une d\u00e9claration de revenus<\/li>\n<li>Inscription de la municipalit\u00e9<\/li>\n<li>Actes notari\u00e9s tels que achat\/vente\/testament\/h\u00e9ritage et procuration<\/li>\n<li>Acheter\/vendre une maison<\/li>\n<li>Acheter\/vendre une voiture\/une moto<\/li>\n<li>Location de maison longue dur\u00e9e<\/li>\n<li>Travailler<\/li>\n<li>Faire un contrat d&rsquo;assurance<\/li>\n<li>Ouvrir un compte bancaire<\/li>\n<li>\u00c9tudier dans une universit\u00e9 Espagnole<\/li>\n<\/ul>\n<p>Vous pouvez faire une demande de num\u00e9ro NIE par l&rsquo;interm\u00e9diaire de votre cabinet d&rsquo;avocats.<\/p>\n<p>&nbsp;<\/p>\n<p>&nbsp;<\/p>\n<p>&nbsp;<\/p>\n<p>&nbsp;[\/vc_column_text][\/vc_column][\/vc_row]<\/p>\n<\/div>","protected":false},"excerpt":{"rendered":"<p>[vc_row][vc_column][vc_column_text css=\u00a0\u00bb\u00a0\u00bb text_larger=\u00a0\u00bbno\u00a0\u00bb woodmart_inline=\u00a0\u00bbno\u00a0\u00bb] Qu&rsquo;est-ce qu&rsquo;un num\u00e9ro NIE Espagnol ? Un num\u00e9ro NIE en Espagne est un num\u00e9ro d\u2019identification des<\/p>\n","protected":false},"author":17,"featured_media":0,"parent":0,"menu_order":0,"comment_status":"closed","ping_status":"closed","template":"","meta":{"_acf_changed":false,"ngg_post_thumbnail":0,"footnotes":""},"class_list":["post-51805","page","type-page","status-publish","hentry"],"acf":[],"_links":{"self":[{"href":"https:\/\/casana.nl\/fr\/wp-json\/wp\/v2\/pages\/51805","targetHints":{"allow":["GET"]}}],"collection":[{"href":"https:\/\/casana.nl\/fr\/wp-json\/wp\/v2\/pages"}],"about":[{"href":"https:\/\/casana.nl\/fr\/wp-json\/wp\/v2\/types\/page"}],"author":[{"embeddable":true,"href":"https:\/\/casana.nl\/fr\/wp-json\/wp\/v2\/users\/17"}],"replies":[{"embeddable":true,"href":"https:\/\/casana.nl\/fr\/wp-json\/wp\/v2\/comments?post=51805"}],"version-history":[{"count":8,"href":"https:\/\/casana.nl\/fr\/wp-json\/wp\/v2\/pages\/51805\/revisions"}],"predecessor-version":[{"id":65999,"href":"https:\/\/casana.nl\/fr\/wp-json\/wp\/v2\/pages\/51805\/revisions\/65999"}],"wp:attachment":[{"href":"https:\/\/casana.nl\/fr\/wp-json\/wp\/v2\/media?parent=51805"}],"curies":[{"name":"wp","href":"https:\/\/api.w.org\/{rel}","templated":true}]}}