{"id":38511,"date":"2021-03-03T16:40:59","date_gmt":"2021-03-03T15:40:59","guid":{"rendered":"https:\/\/casana.skyberatedev.nl\/sleutelbeheer\/"},"modified":"2022-10-19T09:19:08","modified_gmt":"2022-10-19T08:19:08","slug":"gestion-des-cles","status":"publish","type":"page","link":"https:\/\/casana.nl\/fr\/gestion-des-cles\/","title":{"rendered":"Gestion des cl\u00e9s"},"content":{"rendered":"<div class=\"wpb-content-wrapper\"><p>[vc_row][vc_column width=\u00a0\u00bb1\/2&Prime;][vc_single_image image=\u00a0\u00bb40578&Prime; parallax_scroll=\u00a0\u00bbno\u00a0\u00bb][\/vc_column][vc_column width=\u00a0\u00bb1\/2&Prime;][vc_column_text text_larger=\u00a0\u00bbno\u00a0\u00bb]<\/p>\n<h2><strong>Contrat de service Casa\u00f1a<\/strong><\/h2>\n<div>\n<p><span lang=\"ES\">Contrat de service Casa\u00f1a<\/span><\/p>\n<\/div>\n<div>\n<p><span lang=\"ES\">En plus de servir d\u2019interm\u00e9diaire dans l\u2019achat, la vente et la location de votre maison sur le Mazarr\u00f3n Country Club&nbsp;en Espagne, Casa\u00f1a vous propose \u00e9galement un service suppl\u00e9mentaire o\u00f9 vous pouvez quitter votre maison en Espagne en toute confiance et nous nous occupons de surveiller votre maison avec un suivie mensuel.&nbsp;<\/span>Nous avons remarqu\u00e9 qu\u2019il y a un besoin de service suppl\u00e9mentaire, afin que vous puissiez profiter pleinement de votre maison et laisser vos cl\u00e9s de votre maison sur le Mazarron Country Club&nbsp;avec nous en toute confiance.<\/p>\n<p>Nous ne pouvons offrir ce service que pour les maisons du Mazarr\u00f3n Country Club<\/p>\n<\/div>\n<div>\n<p>Plus d\u2019information? Veuillez nous contacter par le formulaire de contact&nbsp;<\/p>\n<\/div>\n<p>&nbsp;[\/vc_column_text][\/vc_column][\/vc_row]<\/p>\n<\/div>","protected":false},"excerpt":{"rendered":"<p>[vc_row][vc_column width=\u00a0\u00bb1\/2&Prime;][vc_single_image image=\u00a0\u00bb40578&Prime; parallax_scroll=\u00a0\u00bbno\u00a0\u00bb][\/vc_column][vc_column width=\u00a0\u00bb1\/2&Prime;][vc_column_text text_larger=\u00a0\u00bbno\u00a0\u00bb] Contrat de service Casa\u00f1a Contrat de service Casa\u00f1a En plus de servir d\u2019interm\u00e9diaire dans<\/p>\n","protected":false},"author":11,"featured_media":0,"parent":0,"menu_order":0,"comment_status":"closed","ping_status":"closed","template":"","meta":{"_acf_changed":false,"ngg_post_thumbnail":0,"footnotes":""},"class_list":["post-38511","page","type-page","status-publish","hentry"],"acf":[],"_links":{"self":[{"href":"https:\/\/casana.nl\/fr\/wp-json\/wp\/v2\/pages\/38511","targetHints":{"allow":["GET"]}}],"collection":[{"href":"https:\/\/casana.nl\/fr\/wp-json\/wp\/v2\/pages"}],"about":[{"href":"https:\/\/casana.nl\/fr\/wp-json\/wp\/v2\/types\/page"}],"author":[{"embeddable":true,"href":"https:\/\/casana.nl\/fr\/wp-json\/wp\/v2\/users\/11"}],"replies":[{"embeddable":true,"href":"https:\/\/casana.nl\/fr\/wp-json\/wp\/v2\/comments?post=38511"}],"version-history":[{"count":10,"href":"https:\/\/casana.nl\/fr\/wp-json\/wp\/v2\/pages\/38511\/revisions"}],"predecessor-version":[{"id":47536,"href":"https:\/\/casana.nl\/fr\/wp-json\/wp\/v2\/pages\/38511\/revisions\/47536"}],"wp:attachment":[{"href":"https:\/\/casana.nl\/fr\/wp-json\/wp\/v2\/media?parent=38511"}],"curies":[{"name":"wp","href":"https:\/\/api.w.org\/{rel}","templated":true}]}}