{"id":38084,"date":"2021-02-26T12:18:06","date_gmt":"2021-02-26T11:18:06","guid":{"rendered":"https:\/\/casana.skyberatedev.nl\/?page_id=38084"},"modified":"2023-06-26T09:48:32","modified_gmt":"2023-06-26T07:48:32","slug":"mazarron-country-club","status":"publish","type":"page","link":"https:\/\/casana.nl\/fr\/environnement\/mazarron-country-club\/","title":{"rendered":"Mazarron Country Club"},"content":{"rendered":"<div class=\"wpb-content-wrapper\"><p>[vc_row][vc_column]\n\t\t<div id=\"wd-6038d894e4938\" class=\"title-wrapper wd-wpb wd-set-mb reset-last-child  wd-rs-6038d894e4938 wd-title-color-default wd-title-style-default text-left  wd-underline-colored\">\n\t\t\t\n\t\t\t<div class=\"liner-continer\">\n\t\t\t\t<h4 class=\"woodmart-title-container title  wd-font-weight-500 wd-fontsize-xl\" >Mazarron Country Club<\/h4>\n\t\t\t\t\t\t\t<\/div>\n\t\t\t\n\t\t\t\n\t\t\t\n\t\t<\/div>\n\t\t\n\t\t[vc_column_text text_larger=\u00a0\u00bbno\u00a0\u00bb]Toutes nos maisons de locations se trouvent sur le resort Mazarr\u00f3n Country Club avec un restaurant et une supermarche.<\/p>\n<p>Sur ce site vous trouverez diff\u00e9rentes types de maisons qui sont pour la plupart dot\u00e9es d\u2019une piscine priv\u00e9e. Le complexe est parfaitement situ\u00e9 pour diff\u00e9rents types de voyages et d&rsquo;excursions dans la r\u00e9gion et dispose de nombreux \u00e9quipements. Si vous souhaitez jouer au golf, vous pouvez vous rendre au parcours de golf 18 trous de Camposol qui se trouve \u00e0 seulement cinq minutes en voiture.[\/vc_column_text][\/vc_column][\/vc_row][vc_row][vc_column width=\u00a0\u00bb1\/2&Prime;][vc_column_text text_larger=\u00a0\u00bbno\u00a0\u00bb]L\u2019emplacement du Club Mazarr\u00f3n Coutry est tr\u00e8s b\u00e9n\u00e9fique pour se rendre dans la r\u00e9gion.<br \/>\nA Campasol, \u00e0 5 minutes du site il y a un terrain de golf de 18 trous. Pendant la saison estivale la grande piscine commune ouvre ses portes. La piscine fait le bonheur des enfants, qui se retrouvent l\u00e0 pour jouer ensemble et pour les tout-petits il y a la pataugeoire.<\/p>\n<p>Au centre ville de Mazarr\u00f3n vous trouverez les commerces pour vos courses quotidiennes et r\u00e9guli\u00e8rement il y a un march\u00e9 \u00e0 Mazarr\u00f3n, comme dans tous les villages et les villes voisines.<br \/>\nSi vous continuez quelques minutes en voiture vous arriverez \u00e0 la station baln\u00e9aire de Puerto de Mazarr\u00f3n. Cette station offre tout ce que vous attendez d\u2019une station baln\u00e9aire. La station baln\u00e9aire de Puerto de Mazarr\u00f3n est charmante et vous n\u2019y trouverez pratiquement pas de tours r\u00e9sidentielles sur cette c\u00f4te.[\/vc_column_text]\n\t\t<div id=\"wd-6038d8a7d06cd\" class=\"title-wrapper wd-wpb wd-set-mb reset-last-child  wd-rs-6038d8a7d06cd wd-title-color-default wd-title-style-default text-left  wd-underline-colored\">\n\t\t\t\n\t\t\t<div class=\"liner-continer\">\n\t\t\t\t<h4 class=\"woodmart-title-container title  wd-font-weight-500 wd-fontsize-l\" >L\u2019accessibilit\u00e9 du Country Club de Mazarr\u00f3n<\/h4>\n\t\t\t\t\t\t\t<\/div>\n\t\t\t\n\t\t\t\n\t\t\t\n\t\t<\/div>\n\t\t\n\t\t[vc_column_text text_larger=\u00a0\u00bbno\u00a0\u00bb]L\u2019accessibilit\u00e9 du Country Club de Mazarr\u00f3n est exceptionnellement bonne. Le complexe est situ\u00e9 juste en dehors de la ville de Mazarr\u00f3n, \u00e0 5 minutes en voiture du centre ville. Si vous faites le voyage par avion votre destination sera l\u2019a\u00e9roport d\u2019Alicante ou de Murcie. D\u2019Alicante vous \u00eates arriv\u00e9 \u00e0 destination dans une heure et quart et de Murcie en seulement 15 minutes.[\/vc_column_text][\/vc_column][vc_column width=\u00a0\u00bb1\/2&Prime;][vc_single_image image=\u00a0\u00bb37111&Prime; img_size=\u00a0\u00bblarge\u00a0\u00bb alignment=\u00a0\u00bbcenter\u00a0\u00bb parallax_scroll=\u00a0\u00bbno\u00a0\u00bb]<div id=\"wd-6037a4ea19ba1\" class=\" wd-rs-6037a4ea19ba1  wd-button-wrapper text-center\"><a href=\"https:\/\/www.casana.nl\/en\/surroundings\/mazarron\/\" title=\"\" class=\"btn btn-style-default btn-shape-rectangle btn-size-default btn-icon-pos-left\">omgeving mazzaron<span class=\"wd-btn-icon\"><span class=\"wd-icon fas fa-search\"><\/span><\/span><\/a><\/div>[\/vc_column][\/vc_row][vc_row][vc_column][vc_single_image image=\u00a0\u00bb50238&Prime; img_size=\u00a0\u00bbfull\u00a0\u00bb parallax_scroll=\u00a0\u00bbno\u00a0\u00bb][\/vc_column][\/vc_row]<\/p>\n<\/div>","protected":false},"excerpt":{"rendered":"<p>[vc_row][vc_column][vc_column_text text_larger=\u00a0\u00bbno\u00a0\u00bb]Toutes nos maisons de locations se trouvent sur le resort Mazarr\u00f3n Country Club avec un restaurant et une supermarche.<\/p>\n","protected":false},"author":11,"featured_media":0,"parent":38076,"menu_order":0,"comment_status":"closed","ping_status":"closed","template":"","meta":{"_acf_changed":false,"ngg_post_thumbnail":0,"footnotes":""},"class_list":["post-38084","page","type-page","status-publish","hentry"],"acf":[],"_links":{"self":[{"href":"https:\/\/casana.nl\/fr\/wp-json\/wp\/v2\/pages\/38084","targetHints":{"allow":["GET"]}}],"collection":[{"href":"https:\/\/casana.nl\/fr\/wp-json\/wp\/v2\/pages"}],"about":[{"href":"https:\/\/casana.nl\/fr\/wp-json\/wp\/v2\/types\/page"}],"author":[{"embeddable":true,"href":"https:\/\/casana.nl\/fr\/wp-json\/wp\/v2\/users\/11"}],"replies":[{"embeddable":true,"href":"https:\/\/casana.nl\/fr\/wp-json\/wp\/v2\/comments?post=38084"}],"version-history":[{"count":7,"href":"https:\/\/casana.nl\/fr\/wp-json\/wp\/v2\/pages\/38084\/revisions"}],"predecessor-version":[{"id":50255,"href":"https:\/\/casana.nl\/fr\/wp-json\/wp\/v2\/pages\/38084\/revisions\/50255"}],"up":[{"embeddable":true,"href":"https:\/\/casana.nl\/fr\/wp-json\/wp\/v2\/pages\/38076"}],"wp:attachment":[{"href":"https:\/\/casana.nl\/fr\/wp-json\/wp\/v2\/media?parent=38084"}],"curies":[{"name":"wp","href":"https:\/\/api.w.org\/{rel}","templated":true}]}}