{"id":38082,"date":"2021-02-26T12:15:37","date_gmt":"2021-02-26T11:15:37","guid":{"rendered":"https:\/\/casana.skyberatedev.nl\/?page_id=38082"},"modified":"2021-03-17T13:49:33","modified_gmt":"2021-03-17T12:49:33","slug":"totana","status":"publish","type":"page","link":"https:\/\/casana.nl\/fr\/environnement\/totana\/","title":{"rendered":"Totana"},"content":{"rendered":"<div class=\"wpb-content-wrapper\"><p>[vc_row full_width=\u00a0\u00bbstretch_row_content\u00a0\u00bb content_placement=\u00a0\u00bbmiddle\u00a0\u00bb css=\u00a0\u00bb.vc_custom_1532435533693{padding-right: 15px !important;padding-left: 15px !important;}\u00a0\u00bb][vc_column scroll_x=\u00a0\u00bb0&Prime; scroll_y=\u00a0\u00bb20&Prime; scroll_z=\u00a0\u00bb0&Prime; parallax_scroll=\u00a0\u00bbyes\u00a0\u00bb css=\u00a0\u00bb.vc_custom_1612520920260{margin-right: 80px !important;padding-top: 40px !important;padding-bottom: 25px !important;background-color: #f1ecdd !important;}\u00a0\u00bb offset=\u00a0\u00bbvc_col-lg-6 vc_col-md-6&Prime; el_class=\u00a0\u00bbreset-margin\u00a0\u00bb mobile_bg_img_hidden=\u00a0\u00bbno\u00a0\u00bb tablet_bg_img_hidden=\u00a0\u00bbno\u00a0\u00bb woodmart_parallax=\u00a0\u00bb0&Prime; woodmart_sticky_column=\u00a0\u00bbfalse\u00a0\u00bb mobile_reset_margin=\u00a0\u00bbno\u00a0\u00bb tablet_reset_margin=\u00a0\u00bbno\u00a0\u00bb][vc_single_image image=\u00a0\u00bb38932&Prime; img_size=\u00a0\u00bb750&#215;500&Prime; alignment=\u00a0\u00bbright\u00a0\u00bb scroll_x=\u00a0\u00bb0&Prime; scroll_y=\u00a0\u00bb-30&Prime; scroll_z=\u00a0\u00bb0&Prime; parallax_scroll=\u00a0\u00bbyes\u00a0\u00bb css=\u00a0\u00bb.vc_custom_1615985353020{margin-right: -120px !important;margin-bottom: -30px !important;}\u00a0\u00bb el_class=\u00a0\u00bbreset-element-margin\u00a0\u00bb][vc_empty_space height=\u00a0\u00bb30px\u00a0\u00bb woodmart_hide_large=\u00a0\u00bb1&Prime;][\/vc_column][vc_column scroll_x=\u00a0\u00bb0&Prime; scroll_y=\u00a0\u00bb20&Prime; scroll_z=\u00a0\u00bb0&Prime; parallax_scroll=\u00a0\u00bbyes\u00a0\u00bb css=\u00a0\u00bb.vc_custom_1532436127608{margin-left: 65px !important;padding-top: 4vh !important;padding-bottom: 4vh !important;}\u00a0\u00bb offset=\u00a0\u00bbvc_col-lg-5 vc_col-md-6&Prime; el_class=\u00a0\u00bbreset-margin\u00a0\u00bb]\t\t\t<div id=\"wd-6038d81928d2f\" class=\"wd-text-block-wrapper wd-wpb wd-rs-6038d81928d2f color-scheme-dark text-left \">\n\t\t\t\t<div class=\"woodmart-title-container woodmart-text-block reset-last-child font-primary wd-font-weight-400 \">\n\t\t\t\t\tOffre\t\t\t\t<\/div>\n\n\t\t\t\t\t\t\t<\/div>\n\t\t\t\t\t<div id=\"wd-6038d81ed522c\" class=\"wd-text-block-wrapper wd-wpb wd-rs-6038d81ed522c color-scheme- text-left \">\n\t\t\t\t<div class=\"woodmart-title-container woodmart-text-block reset-last-child font-text wd-font-weight-400 \">\n\t\t\t\t\tSur notre site web vous trouverez \u00e9galement de belles maisons, variant de confortables maisons de ferme espagnoles jusqu\u2019aux villas de luxe et de parcelles \u00e0 proximit\u00e9 de Totana.<br \/>\nLes maisons dans et autour de la zone verte ont g\u00e9n\u00e9ralement une taille minimale de parcelle de 2.500m2.<br \/>\nNous aimerons vous conduire \u00e0 travers la r\u00e9gion, \u00e0 la recherche d\u2019une propri\u00e9t\u00e9 \u00e0 bas prix ou la r\u00e9novation de votre maison de r\u00eave.\t\t\t\t<\/div>\n\n\t\t\t\t\t\t\t<\/div>\n\t\t[\/vc_column][\/vc_row][vc_row full_width=\u00a0\u00bbstretch_row_content\u00a0\u00bb content_placement=\u00a0\u00bbmiddle\u00a0\u00bb row_reverse_mobile=\u00a0\u00bb1&Prime; row_reverse_tablet=\u00a0\u00bb1&Prime; css=\u00a0\u00bb.vc_custom_1532435536839{padding-right: 15px !important;padding-left: 15px !important;}\u00a0\u00bb][vc_column scroll_x=\u00a0\u00bb0&Prime; scroll_y=\u00a0\u00bb20&Prime; scroll_z=\u00a0\u00bb0&Prime; woodmart_text_align=\u00a0\u00bbright\u00a0\u00bb parallax_scroll=\u00a0\u00bbyes\u00a0\u00bb css=\u00a0\u00bb.vc_custom_1532434568101{margin-right: 65px !important;padding-top: 4vh !important;padding-bottom: 4vh !important;}\u00a0\u00bb offset=\u00a0\u00bbvc_col-lg-offset-1 vc_col-lg-5 vc_col-md-6&Prime; el_class=\u00a0\u00bbreset-margin\u00a0\u00bb]\t\t\t<div id=\"wd-6038d82472d5c\" class=\"wd-text-block-wrapper wd-wpb wd-rs-6038d82472d5c color-scheme-dark text-right wd-width-enabled \" style=\"--wd-max-width: 90%;\">\n\t\t\t\t<div class=\"woodmart-title-container woodmart-text-block reset-last-child font-primary wd-font-weight-400 \">\n\t\t\t\t\tParcelles\t\t\t\t<\/div>\n\n\t\t\t\t\t\t\t<\/div>\n\t\t\t\t\t<div id=\"wd-6038d82a7396e\" class=\"wd-text-block-wrapper wd-wpb wd-rs-6038d82a7396e color-scheme- text-right \">\n\t\t\t\t<div class=\"woodmart-title-container woodmart-text-block reset-last-child font-text wd-font-weight-400 \">\n\t\t\t\t\tEn outre de maisons existantes, nous vous offrons \u00e9galement de nombreuses parcelles, o\u00f9 vous pourrez laisser construire votre maison.<br \/>\nNous vous assistons dans processus.<br \/>\nApr\u00e8s de nombreuses ann\u00e9es de connaissances et d\u2019exp\u00e9rience dans ce domaine, nous collaborons avec des architectes et constructeurs locaux et professionnels.\t\t\t\t<\/div>\n\n\t\t\t\t\t\t\t<\/div>\n\t\t[\/vc_column][vc_column scroll_x=\u00a0\u00bb0&Prime; scroll_y=\u00a0\u00bb20&Prime; scroll_z=\u00a0\u00bb0&Prime; parallax_scroll=\u00a0\u00bbyes\u00a0\u00bb css=\u00a0\u00bb.vc_custom_1612520927955{margin-left: 80px !important;padding-top: 0px !important;background-color: #f1ecdd !important;}\u00a0\u00bb offset=\u00a0\u00bbvc_col-lg-6 vc_col-md-6&Prime; el_class=\u00a0\u00bbreset-margin\u00a0\u00bb woodmart_parallax=\u00a0\u00bb0&Prime; woodmart_sticky_column=\u00a0\u00bbfalse\u00a0\u00bb mobile_bg_img_hidden=\u00a0\u00bbno\u00a0\u00bb tablet_bg_img_hidden=\u00a0\u00bbno\u00a0\u00bb mobile_reset_margin=\u00a0\u00bbno\u00a0\u00bb tablet_reset_margin=\u00a0\u00bbno\u00a0\u00bb][vc_single_image image=\u00a0\u00bb38920&Prime; img_size=\u00a0\u00bb750&#215;500&Prime; scroll_x=\u00a0\u00bb0&Prime; scroll_y=\u00a0\u00bb-30&Prime; scroll_z=\u00a0\u00bb0&Prime; parallax_scroll=\u00a0\u00bbyes\u00a0\u00bb css=\u00a0\u00bb.vc_custom_1615985361369{margin-bottom: -30px !important;margin-left: -120px !important;padding-top: 40px !important;padding-bottom: 25px !important;}\u00a0\u00bb el_class=\u00a0\u00bbreset-element-margin\u00a0\u00bb][vc_empty_space height=\u00a0\u00bb30px\u00a0\u00bb woodmart_hide_large=\u00a0\u00bb1&Prime;][\/vc_column][\/vc_row][vc_row full_width=\u00a0\u00bbstretch_row_content\u00a0\u00bb content_placement=\u00a0\u00bbmiddle\u00a0\u00bb css=\u00a0\u00bb.vc_custom_1532435553384{margin-bottom: 4vh !important;padding-right: 15px !important;padding-left: 15px !important;}\u00a0\u00bb][vc_column css=\u00a0\u00bb.vc_custom_1612520936333{margin-right: 80px !important;padding-top: 0px !important;background-color: #f1ecdd !important;}\u00a0\u00bb offset=\u00a0\u00bbvc_col-lg-6 vc_col-md-6&Prime; el_class=\u00a0\u00bbreset-margin\u00a0\u00bb mobile_bg_img_hidden=\u00a0\u00bbno\u00a0\u00bb tablet_bg_img_hidden=\u00a0\u00bbno\u00a0\u00bb woodmart_parallax=\u00a0\u00bb0&Prime; woodmart_sticky_column=\u00a0\u00bbfalse\u00a0\u00bb parallax_scroll=\u00a0\u00bbno\u00a0\u00bb mobile_reset_margin=\u00a0\u00bbno\u00a0\u00bb tablet_reset_margin=\u00a0\u00bbno\u00a0\u00bb][vc_single_image image=\u00a0\u00bb38928&Prime; img_size=\u00a0\u00bb750&#215;500&Prime; alignment=\u00a0\u00bbright\u00a0\u00bb scroll_x=\u00a0\u00bb0&Prime; scroll_y=\u00a0\u00bb-30&Prime; scroll_z=\u00a0\u00bb0&Prime; parallax_scroll=\u00a0\u00bbyes\u00a0\u00bb css=\u00a0\u00bb.vc_custom_1615478330470{margin-right: -120px !important;margin-bottom: -30px !important;padding-top: 40px !important;padding-bottom: 25px !important;}\u00a0\u00bb el_class=\u00a0\u00bbreset-element-margin\u00a0\u00bb][vc_empty_space height=\u00a0\u00bb30px\u00a0\u00bb woodmart_hide_large=\u00a0\u00bb1&Prime;][\/vc_column][vc_column scroll_x=\u00a0\u00bb0&Prime; scroll_y=\u00a0\u00bb20&Prime; scroll_z=\u00a0\u00bb0&Prime; parallax_scroll=\u00a0\u00bbyes\u00a0\u00bb css=\u00a0\u00bb.vc_custom_1532436698832{margin-left: 65px !important;padding-top: 4vh !important;padding-bottom: 4vh !important;}\u00a0\u00bb offset=\u00a0\u00bbvc_col-lg-5 vc_col-md-6&Prime; el_class=\u00a0\u00bbreset-margin\u00a0\u00bb]\t\t\t<div id=\"wd-6038d82f6e19b\" class=\"wd-text-block-wrapper wd-wpb wd-rs-6038d82f6e19b color-scheme-dark text-left \">\n\t\t\t\t<div class=\"woodmart-title-container woodmart-text-block reset-last-child font-primary wd-font-weight-400 \">\n\t\t\t\t\tTotana\t\t\t\t<\/div>\n\n\t\t\t\t\t\t\t<\/div>\n\t\t\t\t\t<div id=\"wd-6038d83410bbe\" class=\"wd-text-block-wrapper wd-wpb wd-rs-6038d83410bbe color-scheme- text-left \">\n\t\t\t\t<div class=\"woodmart-title-container woodmart-text-block reset-last-child font-text wd-font-weight-400 \">\n\t\t\t\t\tTotana est un v\u00e9ritable village espagnol typique o\u00f9 vous pouvez go\u00fbter encore la culture espagnole.<br \/>\nTotana se trouve au pied du parc naturel de la Sierra Espu\u00f1a et se trouve de 30 minutes en voiture de la c\u00f4te avec de nombreuses stations baln\u00e9aires, la Costa Calida.<br \/>\nLe village est surtout connu pour son ambiance qui r\u00e8gne dans le village, o\u00f9 vous trouverez de nombreuses f\u00eates traditionnelles espagnoles et vous pouvez vous promener agr\u00e9ablement sur le grand march\u00e9 tous les mercredis.<br \/>\nIl y a aussi de nombreuses rues de shopping agr\u00e9ables et vous pouvez visiter de nombreux endroits magnifiques pour un tapas espagnole et une boisson.\t\t\t\t<\/div>\n\n\t\t\t\t\t\t\t<\/div>\n\t\t[\/vc_column][\/vc_row][vc_row full_width=\u00a0\u00bbstretch_row_content\u00a0\u00bb content_placement=\u00a0\u00bbmiddle\u00a0\u00bb row_reverse_mobile=\u00a0\u00bb1&Prime; row_reverse_tablet=\u00a0\u00bb1&Prime; css=\u00a0\u00bb.vc_custom_1532435536839{padding-right: 15px !important;padding-left: 15px !important;}\u00a0\u00bb][vc_column scroll_x=\u00a0\u00bb0&Prime; scroll_y=\u00a0\u00bb20&Prime; scroll_z=\u00a0\u00bb0&Prime; woodmart_text_align=\u00a0\u00bbright\u00a0\u00bb parallax_scroll=\u00a0\u00bbyes\u00a0\u00bb css=\u00a0\u00bb.vc_custom_1532434568101{margin-right: 65px !important;padding-top: 4vh !important;padding-bottom: 4vh !important;}\u00a0\u00bb offset=\u00a0\u00bbvc_col-lg-offset-1 vc_col-lg-5 vc_col-md-6&Prime; el_class=\u00a0\u00bbreset-margin\u00a0\u00bb]\t\t\t<div id=\"wd-6038d83e80da6\" class=\"wd-text-block-wrapper wd-wpb wd-rs-6038d83e80da6 color-scheme-dark text-right wd-width-enabled \" style=\"--wd-max-width: 90%;\">\n\t\t\t\t<div class=\"woodmart-title-container woodmart-text-block reset-last-child font-primary wd-font-weight-400 \">\n\t\t\t\t\tSierra\t\t\t\t<\/div>\n\n\t\t\t\t\t\t\t<\/div>\n\t\t\t\t\t<div id=\"wd-6038d84739c61\" class=\"wd-text-block-wrapper wd-wpb wd-rs-6038d84739c61 color-scheme- text-right \">\n\t\t\t\t<div class=\"woodmart-title-container woodmart-text-block reset-last-child font-text wd-font-weight-400 \">\n\t\t\t\t\tSierra Espu\u00f1a est un grand parc national, o\u00f9 vous pourrez profiter du plein air dans le magnifique paysage.<br \/>\nEn voiture, \u00e0 v\u00e9lo ou \u00e0 pied: de beaux itin\u00e9raires traversent la r\u00e9gion et vous rencontrerez de nombreuses surprises<br \/>\nPar exemple, vous pouvez visiter des grottes, les sources de l\u2019eau, sur la route, vous vous retrouverez dans la flore et la faune la plus belle.<br \/>\nL\u2019office de tourisme dans le couvent de la Santa a des billets disponibles avec des routes qui traversent la Sierra Espu\u00f1a\t\t\t\t<\/div>\n\n\t\t\t\t\t\t\t<\/div>\n\t\t[\/vc_column][vc_column scroll_x=\u00a0\u00bb0&Prime; scroll_y=\u00a0\u00bb20&Prime; scroll_z=\u00a0\u00bb0&Prime; parallax_scroll=\u00a0\u00bbyes\u00a0\u00bb css=\u00a0\u00bb.vc_custom_1612520945209{margin-left: 80px !important;padding-top: 0px !important;background-color: #f1ecdd !important;}\u00a0\u00bb offset=\u00a0\u00bbvc_col-lg-6 vc_col-md-6&Prime; el_class=\u00a0\u00bbreset-margin\u00a0\u00bb woodmart_parallax=\u00a0\u00bb0&Prime; woodmart_sticky_column=\u00a0\u00bbfalse\u00a0\u00bb mobile_bg_img_hidden=\u00a0\u00bbno\u00a0\u00bb tablet_bg_img_hidden=\u00a0\u00bbno\u00a0\u00bb mobile_reset_margin=\u00a0\u00bbno\u00a0\u00bb tablet_reset_margin=\u00a0\u00bbno\u00a0\u00bb][vc_single_image image=\u00a0\u00bb38924&Prime; img_size=\u00a0\u00bb750&#215;500&Prime; scroll_x=\u00a0\u00bb0&Prime; scroll_y=\u00a0\u00bb-30&Prime; scroll_z=\u00a0\u00bb0&Prime; parallax_scroll=\u00a0\u00bbyes\u00a0\u00bb css=\u00a0\u00bb.vc_custom_1615478338789{margin-bottom: -30px !important;margin-left: -120px !important;padding-top: 40px !important;padding-bottom: 25px !important;}\u00a0\u00bb el_class=\u00a0\u00bbreset-element-margin\u00a0\u00bb][vc_empty_space height=\u00a0\u00bb30px\u00a0\u00bb woodmart_hide_large=\u00a0\u00bb1&Prime;][\/vc_column][\/vc_row][vc_row full_width=\u00a0\u00bbstretch_row_content\u00a0\u00bb content_placement=\u00a0\u00bbmiddle\u00a0\u00bb css=\u00a0\u00bb.vc_custom_1532435553384{margin-bottom: 4vh !important;padding-right: 15px !important;padding-left: 15px !important;}\u00a0\u00bb][vc_column css=\u00a0\u00bb.vc_custom_1612520953702{margin-right: 80px !important;padding-top: 0px !important;background-color: #f1ecdd !important;}\u00a0\u00bb offset=\u00a0\u00bbvc_col-lg-6 vc_col-md-6&Prime; el_class=\u00a0\u00bbreset-margin\u00a0\u00bb mobile_bg_img_hidden=\u00a0\u00bbno\u00a0\u00bb tablet_bg_img_hidden=\u00a0\u00bbno\u00a0\u00bb woodmart_parallax=\u00a0\u00bb0&Prime; woodmart_sticky_column=\u00a0\u00bbfalse\u00a0\u00bb parallax_scroll=\u00a0\u00bbno\u00a0\u00bb mobile_reset_margin=\u00a0\u00bbno\u00a0\u00bb tablet_reset_margin=\u00a0\u00bbno\u00a0\u00bb][vc_single_image image=\u00a0\u00bb38936&Prime; img_size=\u00a0\u00bb750&#215;500&Prime; alignment=\u00a0\u00bbright\u00a0\u00bb scroll_x=\u00a0\u00bb0&Prime; scroll_y=\u00a0\u00bb-30&Prime; scroll_z=\u00a0\u00bb0&Prime; parallax_scroll=\u00a0\u00bbyes\u00a0\u00bb css=\u00a0\u00bb.vc_custom_1615985371545{margin-right: -120px !important;margin-bottom: -30px !important;padding-top: 40px !important;padding-bottom: 25px !important;}\u00a0\u00bb el_class=\u00a0\u00bbreset-element-margin\u00a0\u00bb][vc_empty_space height=\u00a0\u00bb30px\u00a0\u00bb woodmart_hide_large=\u00a0\u00bb1&Prime;][\/vc_column][vc_column scroll_x=\u00a0\u00bb0&Prime; scroll_y=\u00a0\u00bb20&Prime; scroll_z=\u00a0\u00bb0&Prime; parallax_scroll=\u00a0\u00bbyes\u00a0\u00bb css=\u00a0\u00bb.vc_custom_1532436698832{margin-left: 65px !important;padding-top: 4vh !important;padding-bottom: 4vh !important;}\u00a0\u00bb offset=\u00a0\u00bbvc_col-lg-5 vc_col-md-6&Prime; el_class=\u00a0\u00bbreset-margin\u00a0\u00bb]\t\t\t<div id=\"wd-6038d84c51af2\" class=\"wd-text-block-wrapper wd-wpb wd-rs-6038d84c51af2 color-scheme-dark text-left \">\n\t\t\t\t<div class=\"woodmart-title-container woodmart-text-block reset-last-child font-primary wd-font-weight-400 \">\n\t\t\t\t\tEndroits dans la r\u00e9gion\t\t\t\t<\/div>\n\n\t\t\t\t\t\t\t<\/div>\n\t\t\t\t\t<div id=\"wd-6038d85242727\" class=\"wd-text-block-wrapper wd-wpb wd-rs-6038d85242727 color-scheme- text-left \">\n\t\t\t\t<div class=\"woodmart-title-container woodmart-text-block reset-last-child font-text wd-font-weight-400 \">\n\t\t\t\t\tDans la r\u00e9gion vous trouverez de diff\u00e9rentes villes et villages espagnoles.<br \/>\nStrat\u00e9giquement plac\u00e9 de la Vall\u00e9e de la Guadalent\u00edn nous trouvons Aledo, riche en traditions c\u00e9ramiques et poteries. Encore aujourd\u2019hui vous y ferez l\u2019exp\u00e9rience des arts anciens et l\u2019utilisation des ressources naturelles locales.<br \/>\nLa ville de Lorca se trouve entre la M\u00e9diterran\u00e9e et les contreforts de la B\u00e9tique. Cette vaste r\u00e9gion s\u2019\u00e9tend sur 39 km2 et 1675.2 d\u00e9putations qui inclut une grande partie de sud-ouest de Murcie inclut, \u00e0 c\u00f4t\u00e9 de l\u2019Andalousie.<br \/>\nOutre la belle histoire de la ville, il y a \u00e9galement un paradis du shopping et un grand centre commercial.\t\t\t\t<\/div>\n\n\t\t\t\t\t\t\t<\/div>\n\t\t[\/vc_column][\/vc_row]<\/p>\n<\/div>","protected":false},"excerpt":{"rendered":"<p>[vc_row full_width=\u00a0\u00bbstretch_row_content\u00a0\u00bb content_placement=\u00a0\u00bbmiddle\u00a0\u00bb css=\u00a0\u00bb.vc_custom_1532435533693{padding-right: 15px !important;padding-left: 15px !important;}\u00a0\u00bb][vc_column scroll_x=\u00a0\u00bb0&Prime; scroll_y=\u00a0\u00bb20&Prime; scroll_z=\u00a0\u00bb0&Prime; parallax_scroll=\u00a0\u00bbyes\u00a0\u00bb css=\u00a0\u00bb.vc_custom_1612520920260{margin-right: 80px !important;padding-top: 40px !important;padding-bottom: 25px !important;background-color: #f1ecdd<\/p>\n","protected":false},"author":11,"featured_media":0,"parent":38076,"menu_order":0,"comment_status":"closed","ping_status":"closed","template":"","meta":{"_acf_changed":false,"ngg_post_thumbnail":0,"footnotes":""},"class_list":["post-38082","page","type-page","status-publish","hentry"],"acf":[],"_links":{"self":[{"href":"https:\/\/casana.nl\/fr\/wp-json\/wp\/v2\/pages\/38082","targetHints":{"allow":["GET"]}}],"collection":[{"href":"https:\/\/casana.nl\/fr\/wp-json\/wp\/v2\/pages"}],"about":[{"href":"https:\/\/casana.nl\/fr\/wp-json\/wp\/v2\/types\/page"}],"author":[{"embeddable":true,"href":"https:\/\/casana.nl\/fr\/wp-json\/wp\/v2\/users\/11"}],"replies":[{"embeddable":true,"href":"https:\/\/casana.nl\/fr\/wp-json\/wp\/v2\/comments?post=38082"}],"version-history":[{"count":4,"href":"https:\/\/casana.nl\/fr\/wp-json\/wp\/v2\/pages\/38082\/revisions"}],"predecessor-version":[{"id":39602,"href":"https:\/\/casana.nl\/fr\/wp-json\/wp\/v2\/pages\/38082\/revisions\/39602"}],"up":[{"embeddable":true,"href":"https:\/\/casana.nl\/fr\/wp-json\/wp\/v2\/pages\/38076"}],"wp:attachment":[{"href":"https:\/\/casana.nl\/fr\/wp-json\/wp\/v2\/media?parent=38082"}],"curies":[{"name":"wp","href":"https:\/\/api.w.org\/{rel}","templated":true}]}}