{"id":69659,"date":"2026-04-20T12:45:24","date_gmt":"2026-04-20T10:45:24","guid":{"rendered":"https:\/\/casana.nl\/?post_type=product&#038;p=69659"},"modified":"2026-04-23T10:20:51","modified_gmt":"2026-04-23T08:20:51","slug":"villa-4-dormitorios-piscina-privada-en-totana-2","status":"publish","type":"product","link":"https:\/\/casana.nl\/es\/venta\/villa-4-dormitorios-piscina-privada-en-totana-2\/","title":{"rendered":"Villa 4 dormitorios piscina privada en Totana"},"content":{"rendered":"<p>Situada en la prestigiosa zona de Carivete, cerca de Totana, esta hermosa y excepcionalmente espaciosa villa combina a la perfecci\u00f3n confort, privacidad y belleza natural. Con una superficie habitable de nada menos que 218m\u00b2, esta propiedad ofrece todo lo que pueda desear, ya sea para residencia permanente o como lujosa casa de vacaciones.<\/p>\n<p>La villa cuenta con cuatro amplias habitaciones y tres elegantes ba\u00f1os, ofreciendo espacio suficiente para la familia y los invitados. En su interior, encontrar\u00e1 un ambiente acogedor y bien cuidado, con ventiladores de techo y una chimenea, ideal tanto para los c\u00e1lidos veranos como para las suaves noches de invierno. La propiedad se vende parcialmente amueblada, incluyendo todos los electrodom\u00e9sticos integrados. La impresionante parcela de 7.680m\u00b2 est\u00e1 parcialmente vallada y garantiza la m\u00e1xima privacidad y tranquilidad. Aqu\u00ed podr\u00e1 disfrutar de un jard\u00edn maduro y bellamente dise\u00f1ado, con vegetaci\u00f3n mediterr\u00e1nea, flores coloridas y \u00e1rboles majestuosos que crean una atm\u00f3sfera id\u00edlica. Las amplias terrazas ofrecen numerosas oportunidades para relajarse y disfrutar del aire libre. La joya de esta villa es su gran piscina privada, equipada con chorros de hidromasaje y ducha exterior, perfecta para refrescarse en los d\u00edas calurosos. Adem\u00e1s, la zona exterior cuenta con una acogedora cocina al aire libre, una p\u00e9rgola y una amplia terraza. Comodidades pr\u00e1cticas como cochera completa la oferta, mientras que el precioso balc\u00f3n ofrece unas vistas impresionantes del entorno.<\/p>\n<p>Esta casa lista para entrar a vivir combina lujo, amplitud y una ubicaci\u00f3n privilegiada en una zona conocida por su tranquilidad, su impresionante naturaleza y su rica historia, cerca de La Bastida, un singular asentamiento de la Edad de Bronce. Una oportunidad \u00fanica para convertirse en propietario de una villa exclusiva en una ubicaci\u00f3n inmejorable; una visita le convencer\u00e1.<\/p>\n<p>Totana: Un pueblo espa\u00f1ol t\u00edpico y con mucho encanto, con aproximadamente 30.000 habitantes. El pueblo, con sus acogedoras calles comerciales, mercado, parque infantil y plazas con bares y restaurantes, se encuentra junto a la hermosa reserva natural de Sierra Espu\u00f1a. Adem\u00e1s de su precioso entorno natural, desde Totana se puede llegar a la costa espa\u00f1ola en tan solo 30 minutos. A lo largo de la costa, encontrar\u00e1s hermosas playas de arena y calas impresionantes. Si visitas esta bella regi\u00f3n, no dejes de conocer ciudades importantes como Lorca, Murcia y Cartagena, y date un paseo por alguno de los aut\u00e9nticos pueblos espa\u00f1oles.<\/p>\n","protected":false},"excerpt":{"rendered":"<p>Situada en la prestigiosa zona de Carivete, cerca de Totana, esta hermosa y excepcionalmente espaciosa villa combina a la perfecci\u00f3n<\/p>\n","protected":false},"featured_media":69651,"template":"","meta":{"_acf_changed":false,"ngg_post_thumbnail":0},"product_brand":[],"product_cat":[157,160],"product_tag":[],"class_list":{"0":"post-69659","1":"product","2":"type-product","3":"status-publish","4":"has-post-thumbnail","6":"product_cat-fincas-es-es-es","7":"product_cat-villas-chalets-es-es-es","9":"first","10":"instock","11":"shipping-taxable","12":"purchasable","13":"product-type-simple"},"acf":[],"_links":{"self":[{"href":"https:\/\/casana.nl\/es\/wp-json\/wp\/v2\/product\/69659","targetHints":{"allow":["GET"]}}],"collection":[{"href":"https:\/\/casana.nl\/es\/wp-json\/wp\/v2\/product"}],"about":[{"href":"https:\/\/casana.nl\/es\/wp-json\/wp\/v2\/types\/product"}],"wp:featuredmedia":[{"embeddable":true,"href":"https:\/\/casana.nl\/es\/wp-json\/wp\/v2\/media\/69651"}],"wp:attachment":[{"href":"https:\/\/casana.nl\/es\/wp-json\/wp\/v2\/media?parent=69659"}],"wp:term":[{"taxonomy":"product_brand","embeddable":true,"href":"https:\/\/casana.nl\/es\/wp-json\/wp\/v2\/product_brand?post=69659"},{"taxonomy":"product_cat","embeddable":true,"href":"https:\/\/casana.nl\/es\/wp-json\/wp\/v2\/product_cat?post=69659"},{"taxonomy":"product_tag","embeddable":true,"href":"https:\/\/casana.nl\/es\/wp-json\/wp\/v2\/product_tag?post=69659"}],"curies":[{"name":"wp","href":"https:\/\/api.w.org\/{rel}","templated":true}]}}