{"id":69448,"date":"2026-04-16T15:16:39","date_gmt":"2026-04-16T13:16:39","guid":{"rendered":"https:\/\/casana.nl\/?post_type=product&#038;p=69448"},"modified":"2026-04-28T10:34:35","modified_gmt":"2026-04-28T08:34:35","slug":"villa-4-dormitorios-piscina-privada-en-totana","status":"publish","type":"product","link":"https:\/\/casana.nl\/es\/venta\/villa-4-dormitorios-piscina-privada-en-totana\/","title":{"rendered":"Villa 4 dormitorios piscina privada en Totana"},"content":{"rendered":"<p>Esta impresionante villa en venta en Totana representa una oportunidad \u00fanica para quienes buscan espacio, tranquilidad y calidad de vida en un entorno natural privilegiado. Con una parcela de 5.347m\u00b2, el terreno junto a la casa se cultivan hortalizas y frutas de cosecha propia. La superficie construida de 409m\u00b2, la propiedad ofrece amplitud y confort en cada rinc\u00f3n. Se distribuye en tres plantas y cuenta con cuatro dormitorios, tres ba\u00f1os completos, una amplia cocina totalmente equipada, un luminoso comedor y acogedoras zonas de estar. En el exterior, la casa dispone de un jard\u00edn privado con \u00e1rboles de diversas especies, una piscina privada, una soleada terraza y un patio, ideal para disfrutar del clima mediterr\u00e1neo durante todo el a\u00f1o. Entre sus caracter\u00edsticas destacan los paneles solares, un sistema de riego con agua potable y transferencia, y un salva escaleras para personas con movilidad reducida, que garantizan comodidad, eficiencia y accesibilidad. La propiedad se encuentra en una zona tranquila, en un estado de conservaci\u00f3n excepcional, perfecta para vivir todo el a\u00f1o o como segunda residencia en un entorno de paz y exclusividad. Una villa con car\u00e1cter, lista para disfrutar desde el primer d\u00eda. &nbsp;A poca distancia a pie del pueblo de Totana y en pleno coraz\u00f3n de las fincas espa\u00f1olas. F\u00e1cil acceso y cerca de Alhama de Murcia y la conexi\u00f3n con Murcia centro ciudad.<\/p>\n<p>El pueblo de Totana se sit\u00faa a los pies del Parque Natural de Sierra Espu\u00f1a. Cuenta con varias tiendas, incluyendo un supermercado, algunos bares y un ayuntamiento. El pueblo es conocido por sus fiestas regionales. Se encuentra a 40 km de la ciudad de Murcia y a tan solo 30 minutos de Mazarr\u00f3n, con sus excelentes playas.<\/p>\n","protected":false},"excerpt":{"rendered":"<p>Esta impresionante villa en venta en Totana representa una oportunidad \u00fanica para quienes buscan espacio, tranquilidad y calidad de vida<\/p>\n","protected":false},"featured_media":69271,"template":"","meta":{"_acf_changed":false,"ngg_post_thumbnail":0},"product_brand":[],"product_cat":[157,160],"product_tag":[],"class_list":{"0":"post-69448","1":"product","2":"type-product","3":"status-publish","4":"has-post-thumbnail","6":"product_cat-fincas-es-es-es","7":"product_cat-villas-chalets-es-es-es","9":"first","10":"instock","11":"shipping-taxable","12":"purchasable","13":"product-type-simple"},"acf":[],"_links":{"self":[{"href":"https:\/\/casana.nl\/es\/wp-json\/wp\/v2\/product\/69448","targetHints":{"allow":["GET"]}}],"collection":[{"href":"https:\/\/casana.nl\/es\/wp-json\/wp\/v2\/product"}],"about":[{"href":"https:\/\/casana.nl\/es\/wp-json\/wp\/v2\/types\/product"}],"wp:featuredmedia":[{"embeddable":true,"href":"https:\/\/casana.nl\/es\/wp-json\/wp\/v2\/media\/69271"}],"wp:attachment":[{"href":"https:\/\/casana.nl\/es\/wp-json\/wp\/v2\/media?parent=69448"}],"wp:term":[{"taxonomy":"product_brand","embeddable":true,"href":"https:\/\/casana.nl\/es\/wp-json\/wp\/v2\/product_brand?post=69448"},{"taxonomy":"product_cat","embeddable":true,"href":"https:\/\/casana.nl\/es\/wp-json\/wp\/v2\/product_cat?post=69448"},{"taxonomy":"product_tag","embeddable":true,"href":"https:\/\/casana.nl\/es\/wp-json\/wp\/v2\/product_tag?post=69448"}],"curies":[{"name":"wp","href":"https:\/\/api.w.org\/{rel}","templated":true}]}}