{"id":69259,"date":"2026-04-22T12:51:01","date_gmt":"2026-04-22T10:51:01","guid":{"rendered":"https:\/\/casana.nl\/?post_type=product&#038;p=69259"},"modified":"2026-04-22T12:52:07","modified_gmt":"2026-04-22T10:52:07","slug":"obra-nueva-villas-3-dormitorios-residencial-las-cicas-piscina-prvada-en-el-mazarron-country-club","status":"publish","type":"product","link":"https:\/\/casana.nl\/es\/venta\/obra-nueva-villas-3-dormitorios-residencial-las-cicas-piscina-prvada-en-el-mazarron-country-club\/","title":{"rendered":"Obra nueva villas 3 dormitorios Residencial Las Cicas piscina prvada en el Mazarron Country Club"},"content":{"rendered":"<p>Descubra estas tres hermosas y modernas viviendas de obra nueva ubicadas en el prestigioso Mazarr\u00f3n Country Club, en la atractiva Residencial Las Cicas. 3 dormitorios y 2 ba\u00f1os. Estas viviendas combinan un dise\u00f1o elegante con funcionalidad, distribuidas en tres amplias plantas que ofrecen una experiencia de vida c\u00f3moda y lujosa.<\/p>\n<p>Cada vivienda cuenta con amplios y luminosos espacios dise\u00f1ados para aprovechar al m\u00e1ximo la luz natural, creando un ambiente c\u00e1lido y acogedor. La arquitectura moderna se complementa con generosas terrazas, un sol\u00e1rium privado y una piscina privada, ideales para relajarse y disfrutar del sol espa\u00f1ol. Residencial Las Cicas ofrece no solo una hermosa vivienda, sino tambi\u00e9n un estilo de vida \u00fanico. Aqu\u00ed, la vida moderna se combina a la perfecci\u00f3n con la relajaci\u00f3n, el lujo y un soleado ambiente mediterr\u00e1neo.<\/p>\n<p>Precio desde \u20ac325.000,- entrega de llaves 2027<\/p>\n<p><b>Mazarr\u00f3n Country Club: <\/b>Ubicado en el centro del complejo, encontrar\u00e1 hermosas piscinas al aire libre, supermercado y un restaurante espa\u00f1ol. A cinco minutos en coche se encuentra en el campo de golf de Camposol.<\/p>\n<p><b>Alrededores: <\/b>Se puede llegar al centro de Mazarr\u00f3n en 5 minutos y en diez minutos se puede disfrutar de la playa de Bolnuevo o Puerto de Mazarr\u00f3n. Si conduce a lo largo de la costa, se encontrar\u00e1 con las bah\u00edas m\u00e1s hermosas con peque\u00f1as playas para nadar y tomar el sol. Para tener una buena impresi\u00f3n de la zona, conviene visitar especialmente Sierra Espu\u00f1a, esta hermosa reserva natural se encuentra a unos 20 minutos en coche.<\/p>\n","protected":false},"excerpt":{"rendered":"<p>Descubra estas tres hermosas y modernas viviendas de obra nueva ubicadas en el prestigioso Mazarr\u00f3n Country Club, en la atractiva<\/p>\n","protected":false},"featured_media":69222,"template":"","meta":{"_acf_changed":false,"ngg_post_thumbnail":0},"product_brand":[],"product_cat":[159,160,161],"product_tag":[],"class_list":{"0":"post-69259","1":"product","2":"type-product","3":"status-publish","4":"has-post-thumbnail","6":"product_cat-nueva-construccion-es-es-es","7":"product_cat-villas-chalets-es-es-es","8":"product_cat-villas-mazarron-country-club-es-es-es","10":"first","11":"instock","12":"shipping-taxable","13":"purchasable","14":"product-type-simple"},"acf":[],"_links":{"self":[{"href":"https:\/\/casana.nl\/es\/wp-json\/wp\/v2\/product\/69259","targetHints":{"allow":["GET"]}}],"collection":[{"href":"https:\/\/casana.nl\/es\/wp-json\/wp\/v2\/product"}],"about":[{"href":"https:\/\/casana.nl\/es\/wp-json\/wp\/v2\/types\/product"}],"wp:featuredmedia":[{"embeddable":true,"href":"https:\/\/casana.nl\/es\/wp-json\/wp\/v2\/media\/69222"}],"wp:attachment":[{"href":"https:\/\/casana.nl\/es\/wp-json\/wp\/v2\/media?parent=69259"}],"wp:term":[{"taxonomy":"product_brand","embeddable":true,"href":"https:\/\/casana.nl\/es\/wp-json\/wp\/v2\/product_brand?post=69259"},{"taxonomy":"product_cat","embeddable":true,"href":"https:\/\/casana.nl\/es\/wp-json\/wp\/v2\/product_cat?post=69259"},{"taxonomy":"product_tag","embeddable":true,"href":"https:\/\/casana.nl\/es\/wp-json\/wp\/v2\/product_tag?post=69259"}],"curies":[{"name":"wp","href":"https:\/\/api.w.org\/{rel}","templated":true}]}}