{"id":69209,"date":"2026-04-01T11:32:09","date_gmt":"2026-04-01T09:32:09","guid":{"rendered":"https:\/\/casana.nl\/?post_type=product&#038;p=69209"},"modified":"2026-04-01T11:42:40","modified_gmt":"2026-04-01T09:42:40","slug":"villa-tipo-capricho-2-dormitorios-jacuzzi-en-el-mazarron-country-club","status":"publish","type":"product","link":"https:\/\/casana.nl\/es\/venta\/villa-tipo-capricho-2-dormitorios-jacuzzi-en-el-mazarron-country-club\/","title":{"rendered":"Villa tipo Capricho 2 dormitorios jacuzzi en el Mazarr\u00f3n Country Club"},"content":{"rendered":"<p>Esta hermosa villa tipo Capricho, completamente renovada, es la opci\u00f3n ideal para quienes buscan comodidad, estilo y sostenibilidad en un oasis de tranquilidad, sin renunciar al lujo. Con dos amplias habitaciones, 2 ba\u00f1os y un precioso jard\u00edn bien cuidado, es el lugar perfecto para disfrutar del aire libre y del clima mediterr\u00e1neo.<\/p>\n<p>Al entrar, le da la bienvenida un interior luminoso y espacioso. La moderna cocina, a estrenar, est\u00e1 equipada con electrodom\u00e9sticos integrados de \u00faltima generaci\u00f3n. La casa tambi\u00e9n cuenta con aire acondicionado para un confort \u00f3ptimo en cualquier \u00e9poca del a\u00f1o y una estufa de pellets ecol\u00f3gica que garantiza un ambiente acogedor y de bajo consumo energ\u00e9tico durante los meses de invierno. La villa dispone de dos encantadoras habitaciones donde podr\u00e1 disfrutar de paz y privacidad. Los ba\u00f1os muy elegante y funcional.<\/p>\n<p>Ad\u00e9ntrese en el jard\u00edn y descubra un oasis de vegetaci\u00f3n y tranquilidad. El jard\u00edn no solo es hermoso, sino que tambi\u00e9n ofrece un amplio espacio para relajarse y disfrutar del jacuzzi. Disfrute del sol en la soleada terraza, con la opci\u00f3n de crear una piscina privada. El aparcamiento no ser\u00e1 un problema, ya que la villa cuenta con una plaza de aparcamiento privada y garaje. Adem\u00e1s, el sistema de filtraci\u00f3n de agua garantiza que el agua de su hogar sea siempre de la m\u00e1s alta calidad, mientras que el sistema solar para agua caliente ofrece una forma sostenible y econ\u00f3mica de reducir su consumo energ\u00e9tico.<\/p>\n<p>Tanto si busca una casa de vacaciones como una residencia permanente, este es el lugar donde puede hacer realidad la vida de sus sue\u00f1os. No pierda esta oportunidad y cont\u00e1ctenos pronto para obtener m\u00e1s informaci\u00f3n o concertar una visita.<\/p>\n<p><b>Mazarr\u00f3n Country Club: <\/b>Ubicado en el centro del complejo, encontrar\u00e1 hermosas piscinas al aire libre, supermercado y un restaurante espa\u00f1ol. A cinco minutos en coche se encuentra en el campo de golf de Camposol.<\/p>\n<p><b>Alrededores: <\/b>Se puede llegar al centro de Mazarr\u00f3n en 5 minutos y en diez minutos se puede disfrutar de la playa de Bolnuevo o Puerto de Mazarr\u00f3n. Si conduce a lo largo de la costa, se encontrar\u00e1 con las bah\u00edas m\u00e1s hermosas con peque\u00f1as playas para nadar y tomar el sol. Para tener una buena impresi\u00f3n de la zona, conviene visitar especialmente Sierra Espu\u00f1a, esta hermosa reserva natural se encuentra a unos 20 minutos en coche.<\/p>\n","protected":false},"excerpt":{"rendered":"<p>Esta hermosa villa tipo Capricho, completamente renovada, es la opci\u00f3n ideal para quienes buscan comodidad, estilo y sostenibilidad en un<\/p>\n","protected":false},"featured_media":69197,"template":"","meta":{"_acf_changed":false,"ngg_post_thumbnail":0},"product_brand":[],"product_cat":[160,161],"product_tag":[],"class_list":{"0":"post-69209","1":"product","2":"type-product","3":"status-publish","4":"has-post-thumbnail","6":"product_cat-villas-chalets-es-es-es","7":"product_cat-villas-mazarron-country-club-es-es-es","9":"first","10":"instock","11":"shipping-taxable","12":"purchasable","13":"product-type-simple"},"acf":[],"_links":{"self":[{"href":"https:\/\/casana.nl\/es\/wp-json\/wp\/v2\/product\/69209","targetHints":{"allow":["GET"]}}],"collection":[{"href":"https:\/\/casana.nl\/es\/wp-json\/wp\/v2\/product"}],"about":[{"href":"https:\/\/casana.nl\/es\/wp-json\/wp\/v2\/types\/product"}],"wp:featuredmedia":[{"embeddable":true,"href":"https:\/\/casana.nl\/es\/wp-json\/wp\/v2\/media\/69197"}],"wp:attachment":[{"href":"https:\/\/casana.nl\/es\/wp-json\/wp\/v2\/media?parent=69209"}],"wp:term":[{"taxonomy":"product_brand","embeddable":true,"href":"https:\/\/casana.nl\/es\/wp-json\/wp\/v2\/product_brand?post=69209"},{"taxonomy":"product_cat","embeddable":true,"href":"https:\/\/casana.nl\/es\/wp-json\/wp\/v2\/product_cat?post=69209"},{"taxonomy":"product_tag","embeddable":true,"href":"https:\/\/casana.nl\/es\/wp-json\/wp\/v2\/product_tag?post=69209"}],"curies":[{"name":"wp","href":"https:\/\/api.w.org\/{rel}","templated":true}]}}