{"id":69056,"date":"2026-03-31T13:41:51","date_gmt":"2026-03-31T11:41:51","guid":{"rendered":"https:\/\/casana.nl\/?post_type=product&#038;p=69056"},"modified":"2026-04-09T11:51:51","modified_gmt":"2026-04-09T09:51:51","slug":"villa-tipo-capricho-2-dormitorios-piscina-privada-en-el-mazarron-country-club-7","status":"publish","type":"product","link":"https:\/\/casana.nl\/es\/venta\/villa-tipo-capricho-2-dormitorios-piscina-privada-en-el-mazarron-country-club-7\/","title":{"rendered":"Villa tipo Capricho 2 dormitorios piscina privada en el Mazarr\u00f3n Country Club"},"content":{"rendered":"<p>Descubra esta villa tipo Capricho, ubicada en el popular complejo Mazarr\u00f3n Country Club. Esta acogedora casa cuenta con 2 dormitorios, 1 ba\u00f1o y piscina privada, lo que la convierte en la opci\u00f3n perfecta para quienes buscan paz, comodidad y la aut\u00e9ntica vida campestre espa\u00f1ola.<\/p>\n<p>La villa est\u00e1 equipada con aire acondicionado y una acogedora eco-pellet chimenea, lo que le permitir\u00e1 disfrutar de un agradable clima interior durante todo el a\u00f1o. La espaciosa cocina, equipada con electrodom\u00e9sticos integrados. Situada en una generosa parcela de 300m\u00b2, esta propiedad ofrece hermosas vistas despejadas al frente, lo que le permitir\u00e1 disfrutar plenamente de la privacidad y la naturaleza circundante. En el jard\u00edn, encontrar\u00e1 una piscina privada, ideal para refrescarse durante los calurosos d\u00edas de verano. La soleada terraza invita a relajarse, mientras que el cuidado jard\u00edn crea un ambiente verde y sereno.<\/p>\n<p>Esta villa se vende amueblada, incluyendo electrodom\u00e9sticos, y cuenta adem\u00e1s con un amplio garaje. En resumen, una preciosa casa en una ubicaci\u00f3n tranquila y muy solicitada, ideal como residencia permanente, casa de vacaciones o inversi\u00f3n.<\/p>\n<p>Mazarr\u00f3n Country Club:Situado en el centro del complejo, encontrar\u00e1 preciosas piscinas exteriores, un supermercado Spar y un restaurante espa\u00f1ol. A tan solo cinco minutos en coche, se encuentra el campo de golf Camposol.<\/p>\n<p>Alrededores: El centro de Mazarr\u00f3n est\u00e1 a 5 minutos, y a diez minutos podr\u00e1 disfrutar de las playas de Bolnuevo o Puerto de Mazarr\u00f3n. Si recorre la costa en coche, descubrir\u00e1 preciosas calas con peque\u00f1as playas para ba\u00f1arse y tomar el sol. Para hacerse una idea de los alrededores, le recomendamos visitar la Sierra Espu\u00f1a; esta hermosa reserva natural se encuentra a unos 20 minutos en coche.<\/p>\n","protected":false},"excerpt":{"rendered":"<p>Descubra esta villa tipo Capricho, ubicada en el popular complejo Mazarr\u00f3n Country Club. Esta acogedora casa cuenta con 2 dormitorios,<\/p>\n","protected":false},"featured_media":68968,"template":"","meta":{"_acf_changed":false,"ngg_post_thumbnail":0},"product_brand":[],"product_cat":[160,161],"product_tag":[],"class_list":{"0":"post-69056","1":"product","2":"type-product","3":"status-publish","4":"has-post-thumbnail","6":"product_cat-villas-chalets-es-es-es","7":"product_cat-villas-mazarron-country-club-es-es-es","9":"first","10":"instock","11":"shipping-taxable","12":"purchasable","13":"product-type-simple"},"acf":[],"_links":{"self":[{"href":"https:\/\/casana.nl\/es\/wp-json\/wp\/v2\/product\/69056","targetHints":{"allow":["GET"]}}],"collection":[{"href":"https:\/\/casana.nl\/es\/wp-json\/wp\/v2\/product"}],"about":[{"href":"https:\/\/casana.nl\/es\/wp-json\/wp\/v2\/types\/product"}],"wp:featuredmedia":[{"embeddable":true,"href":"https:\/\/casana.nl\/es\/wp-json\/wp\/v2\/media\/68968"}],"wp:attachment":[{"href":"https:\/\/casana.nl\/es\/wp-json\/wp\/v2\/media?parent=69056"}],"wp:term":[{"taxonomy":"product_brand","embeddable":true,"href":"https:\/\/casana.nl\/es\/wp-json\/wp\/v2\/product_brand?post=69056"},{"taxonomy":"product_cat","embeddable":true,"href":"https:\/\/casana.nl\/es\/wp-json\/wp\/v2\/product_cat?post=69056"},{"taxonomy":"product_tag","embeddable":true,"href":"https:\/\/casana.nl\/es\/wp-json\/wp\/v2\/product_tag?post=69056"}],"curies":[{"name":"wp","href":"https:\/\/api.w.org\/{rel}","templated":true}]}}