{"id":68638,"date":"2026-03-23T13:56:49","date_gmt":"2026-03-23T12:56:49","guid":{"rendered":"https:\/\/casana.nl\/?post_type=product&#038;p=68638"},"modified":"2026-03-24T18:12:11","modified_gmt":"2026-03-24T17:12:11","slug":"casa-de-playa-2-dormitorios-cerca-de-lorca-en-puntas-de-calnegre","status":"publish","type":"product","link":"https:\/\/casana.nl\/es\/venta\/casa-de-playa-2-dormitorios-cerca-de-lorca-en-puntas-de-calnegre\/","title":{"rendered":"Casa de playa 2 dormitorios cerca de Lorca en Puntas de Calnegre"},"content":{"rendered":"<p>Casa de pescadores \u00fanica junto al mar en Puntas de Calnegre. Sue\u00f1as con vivir en la playa? Esta casa de pescadores de 73m\u00b2 completamente renovada, ubicada en el encantador pueblo costero de Puntas de Calnegre, te ofrece una oportunidad verdaderamente \u00fanica. Gracias a su excepcional ubicaci\u00f3n junto al mar, podr\u00e1s disfrutar de amaneceres impresionantes y atardeceres espectaculares cada d\u00eda. El acogedor sal\u00f3n ofrece una hermosa vista al mar Mediterr\u00e1neo y es el lugar perfecto para relajarse. La cocina est\u00e1 totalmente equipada, ideal tanto para el uso diario como para cenas acogedoras.La casa cuenta con dos c\u00f3modas habitaciones y un ba\u00f1o impecable, lo que hace que todo el espacio sea pr\u00e1ctico y agradable. Uno de los mayores atractivos es la terraza: cerrada por ambos lados, te permite disfrutar del sol y la vida al aire libre protegido de las inclemencias del tiempo durante todo el a\u00f1o. A trav\u00e9s de una puerta privada, accedes directamente a la playa, convirtiendo el mar literalmente en tu patio trasero.<\/p>\n<p>Un lugar \u00fanico para quienes buscan paz, naturaleza y una experiencia de vida junto al mar inigualable. Puntas de Calnegre: Las playas y calas de Puntas de Calnegre son un lugar m\u00e1gico, uno de esos rincones menos conocidos de la Costa C\u00e1lida. Playas y calas v\u00edrgenes. Una hermosa zona para practicar senderismo. Un paseo en coche por la costa tambi\u00e9n merece la pena. Descubre esta preciosa regi\u00f3n y visita ciudades m\u00e1s grandes como Murcia y Cartagena. Pero no solo las grandes ciudades merecen una visita; date un paseo por las peque\u00f1as calles de los aut\u00e9nticos pueblos espa\u00f1oles.<\/p>\n<p>Mira este video de la casa de playa:<\/p>\n<p><iframe loading=\"lazy\" title=\"Spanish house, beach Puntas de Calnegre, Playas de Lorca #puntasdecalnegre #costacalidabeachhouse\" width=\"422\" height=\"750\" src=\"https:\/\/www.youtube.com\/embed\/5fx_JOsg798?feature=oembed\" frameborder=\"0\" allow=\"accelerometer; autoplay; clipboard-write; encrypted-media; gyroscope; picture-in-picture; web-share\" referrerpolicy=\"strict-origin-when-cross-origin\" allowfullscreen><\/iframe><\/p>\n","protected":false},"excerpt":{"rendered":"<p>Casa de pescadores \u00fanica junto al mar en Puntas de Calnegre. Sue\u00f1as con vivir en la playa? Esta casa de<\/p>\n","protected":false},"featured_media":68580,"template":"","meta":{"_acf_changed":false,"ngg_post_thumbnail":0},"product_brand":[],"product_cat":[160],"product_tag":[],"class_list":{"0":"post-68638","1":"product","2":"type-product","3":"status-publish","4":"has-post-thumbnail","6":"product_cat-villas-chalets-es-es-es","8":"first","9":"instock","10":"shipping-taxable","11":"purchasable","12":"product-type-simple"},"acf":[],"_links":{"self":[{"href":"https:\/\/casana.nl\/es\/wp-json\/wp\/v2\/product\/68638","targetHints":{"allow":["GET"]}}],"collection":[{"href":"https:\/\/casana.nl\/es\/wp-json\/wp\/v2\/product"}],"about":[{"href":"https:\/\/casana.nl\/es\/wp-json\/wp\/v2\/types\/product"}],"wp:featuredmedia":[{"embeddable":true,"href":"https:\/\/casana.nl\/es\/wp-json\/wp\/v2\/media\/68580"}],"wp:attachment":[{"href":"https:\/\/casana.nl\/es\/wp-json\/wp\/v2\/media?parent=68638"}],"wp:term":[{"taxonomy":"product_brand","embeddable":true,"href":"https:\/\/casana.nl\/es\/wp-json\/wp\/v2\/product_brand?post=68638"},{"taxonomy":"product_cat","embeddable":true,"href":"https:\/\/casana.nl\/es\/wp-json\/wp\/v2\/product_cat?post=68638"},{"taxonomy":"product_tag","embeddable":true,"href":"https:\/\/casana.nl\/es\/wp-json\/wp\/v2\/product_tag?post=68638"}],"curies":[{"name":"wp","href":"https:\/\/api.w.org\/{rel}","templated":true}]}}