{"id":68319,"date":"2026-03-17T13:55:53","date_gmt":"2026-03-17T12:55:53","guid":{"rendered":"https:\/\/casana.nl\/?post_type=product&#038;p=68319"},"modified":"2026-03-25T08:50:58","modified_gmt":"2026-03-25T07:50:58","slug":"villa-tipo-capricho-2-dormitorios-piscina-privada-en-el-mazarron-country-club-6","status":"publish","type":"product","link":"https:\/\/casana.nl\/es\/venta\/villa-tipo-capricho-2-dormitorios-piscina-privada-en-el-mazarron-country-club-6\/","title":{"rendered":"Villa tipo Capricho 2 dormitorios piscina privada en el Mazarr\u00f3n Country Club"},"content":{"rendered":"<p>Descubra esta encantadora villa en Capricho, dentro del prestigioso Mazarr\u00f3n Country Club, un hogar ideal para quienes buscan paz, confort y el aut\u00e9ntico estilo de vida rural espa\u00f1ol.<\/p>\n<p>Esta acogedora villa de 2 dormitorios y 1 ba\u00f1o ofrece una perfecta combinaci\u00f3n de vida interior y exterior. La propiedad cuenta con un interior luminoso y confortable, y se ubica en una parcela de 399m2, una hermosa vista despejada en la parte delantera de la casa, lo que le permitir\u00e1 disfrutar plenamente de la privacidad y la naturaleza. En el exterior, encontrar\u00e1 una piscina privada, ideal para refrescarse durante los c\u00e1lidos d\u00edas de verano espa\u00f1oles. La soleada terraza invita a la relajaci\u00f3n, mientras que el cuidado jard\u00edn crea un ambiente agradable y verde. Para veladas acogedoras con familiares y amigos, hay una p\u00e9rgola con barbacoa, perfecta para largas cenas al aire libre y para disfrutar del clima mediterr\u00e1neo.<\/p>\n<p>En resumen, una hermosa casa en una ubicaci\u00f3n tranquila y muy solicitada, ideal como residencia permanente, casa de vacaciones o inversi\u00f3n.<\/p>\n<p>Se vende parcialmente amueblada incluido electrodom\u00e9sticos<\/p>\n<p><b>Mazarr\u00f3n Country Club: <\/b>Ubicado en el centro del complejo, encontrar\u00e1 hermosas piscinas al aire libre, supermercado y un restaurante espa\u00f1ol. A cinco minutos en coche se encuentra en el campo de golf de Camposol.<\/p>\n<p><b>Alrededores: <\/b>Se puede llegar al centro de Mazarr\u00f3n en 5 minutos y en diez minutos se puede disfrutar de la playa de Bolnuevo o Puerto de Mazarr\u00f3n. Si conduce a lo largo de la costa, se encontrar\u00e1 con las bah\u00edas m\u00e1s hermosas con peque\u00f1as playas para nadar y tomar el sol. Para tener una buena impresi\u00f3n de la zona, conviene visitar especialmente Sierra Espu\u00f1a, esta hermosa reserva natural se encuentra a unos 20 minutos en coche.<\/p>\n<p>&nbsp;<\/p>\n","protected":false},"excerpt":{"rendered":"<p>Descubra esta encantadora villa en Capricho, dentro del prestigioso Mazarr\u00f3n Country Club, un hogar ideal para quienes buscan paz, confort<\/p>\n","protected":false},"featured_media":68176,"template":"","meta":{"_acf_changed":false,"ngg_post_thumbnail":0},"product_brand":[],"product_cat":[160,161],"product_tag":[],"class_list":{"0":"post-68319","1":"product","2":"type-product","3":"status-publish","4":"has-post-thumbnail","6":"product_cat-villas-chalets-es-es-es","7":"product_cat-villas-mazarron-country-club-es-es-es","9":"first","10":"instock","11":"shipping-taxable","12":"purchasable","13":"product-type-simple"},"acf":[],"_links":{"self":[{"href":"https:\/\/casana.nl\/es\/wp-json\/wp\/v2\/product\/68319","targetHints":{"allow":["GET"]}}],"collection":[{"href":"https:\/\/casana.nl\/es\/wp-json\/wp\/v2\/product"}],"about":[{"href":"https:\/\/casana.nl\/es\/wp-json\/wp\/v2\/types\/product"}],"wp:featuredmedia":[{"embeddable":true,"href":"https:\/\/casana.nl\/es\/wp-json\/wp\/v2\/media\/68176"}],"wp:attachment":[{"href":"https:\/\/casana.nl\/es\/wp-json\/wp\/v2\/media?parent=68319"}],"wp:term":[{"taxonomy":"product_brand","embeddable":true,"href":"https:\/\/casana.nl\/es\/wp-json\/wp\/v2\/product_brand?post=68319"},{"taxonomy":"product_cat","embeddable":true,"href":"https:\/\/casana.nl\/es\/wp-json\/wp\/v2\/product_cat?post=68319"},{"taxonomy":"product_tag","embeddable":true,"href":"https:\/\/casana.nl\/es\/wp-json\/wp\/v2\/product_tag?post=68319"}],"curies":[{"name":"wp","href":"https:\/\/api.w.org\/{rel}","templated":true}]}}