{"id":68042,"date":"2026-03-12T10:20:01","date_gmt":"2026-03-12T09:20:01","guid":{"rendered":"https:\/\/casana.nl\/?post_type=product&#038;p=68042"},"modified":"2026-03-12T10:21:14","modified_gmt":"2026-03-12T09:21:14","slug":"obra-nueva-villas-adosados-4-dormitorios-piscina-privada-en-aguilas","status":"publish","type":"product","link":"https:\/\/casana.nl\/es\/venta\/obra-nueva-villas-adosados-4-dormitorios-piscina-privada-en-aguilas\/","title":{"rendered":"Obra nueva villas adosados 4 dormitorios piscina privada en Aguilas"},"content":{"rendered":"<p>Residencial Amaz\u00f3nico es un exclusivo proyecto de viviendas modernas en \u00c1guilas, ubicado en la urbanizaci\u00f3n Los Jardines, una de las zonas m\u00e1s tranquilas y codiciadas de \u00c1guilas. Este proyecto ofrece villas pareadas contempor\u00e1neas de 4 dormitorios y 3 ba\u00f1os.<\/p>\n<p>Las viviendas tienen una superficie habitable de aproximadamente 188 m\u00b2.<\/p>\n<p>La planta baja cuenta con un espectacular sal\u00f3n-comedor di\u00e1fano con amplios ventanales que ofrecen acceso directo al jard\u00edn privado de 66 m\u00b2 con piscina privada. Las plantas superiores ofrecen cuatro dormitorios amplios y luminosos. Las viviendas tambi\u00e9n incluyen tres ba\u00f1os completos con acabados lujosos, modernos y funcionales.<\/p>\n<p>Cada vivienda tambi\u00e9n cuenta con una amplia y funcional cocina, jard\u00edn privado, piscina privada y plaza de aparcamiento, ofreciendo un estilo de vida exclusivo en una zona residencial segura. Residencial Amaz\u00f3nico ofrece una oportunidad \u00fanica para adquirir una vivienda a estrenar en \u00c1guilas, con un dise\u00f1o moderno, piscina privada y amplias zonas exteriores en una de las mejores zonas residenciales de la Costa C\u00e1lida.<\/p>\n<p>Precio desde: \u20ac399.000,-<\/p>\n<p>\u00c1guilas, Murcia, ofrece numerosas zonas verdes, colegios, supermercados, centros de salud y todos los servicios a pocos minutos, adem\u00e1s de un excelente acceso al centro de la ciudad y a las principales carreteras.<\/p>\n","protected":false},"excerpt":{"rendered":"<p>Residencial Amaz\u00f3nico es un exclusivo proyecto de viviendas modernas en \u00c1guilas, ubicado en la urbanizaci\u00f3n Los Jardines, una de las<\/p>\n","protected":false},"featured_media":68009,"template":"","meta":{"_acf_changed":false,"ngg_post_thumbnail":0},"product_brand":[],"product_cat":[159,160],"product_tag":[],"class_list":{"0":"post-68042","1":"product","2":"type-product","3":"status-publish","4":"has-post-thumbnail","6":"product_cat-nueva-construccion-es-es-es","7":"product_cat-villas-chalets-es-es-es","9":"first","10":"instock","11":"shipping-taxable","12":"purchasable","13":"product-type-simple"},"acf":[],"_links":{"self":[{"href":"https:\/\/casana.nl\/es\/wp-json\/wp\/v2\/product\/68042","targetHints":{"allow":["GET"]}}],"collection":[{"href":"https:\/\/casana.nl\/es\/wp-json\/wp\/v2\/product"}],"about":[{"href":"https:\/\/casana.nl\/es\/wp-json\/wp\/v2\/types\/product"}],"wp:featuredmedia":[{"embeddable":true,"href":"https:\/\/casana.nl\/es\/wp-json\/wp\/v2\/media\/68009"}],"wp:attachment":[{"href":"https:\/\/casana.nl\/es\/wp-json\/wp\/v2\/media?parent=68042"}],"wp:term":[{"taxonomy":"product_brand","embeddable":true,"href":"https:\/\/casana.nl\/es\/wp-json\/wp\/v2\/product_brand?post=68042"},{"taxonomy":"product_cat","embeddable":true,"href":"https:\/\/casana.nl\/es\/wp-json\/wp\/v2\/product_cat?post=68042"},{"taxonomy":"product_tag","embeddable":true,"href":"https:\/\/casana.nl\/es\/wp-json\/wp\/v2\/product_tag?post=68042"}],"curies":[{"name":"wp","href":"https:\/\/api.w.org\/{rel}","templated":true}]}}