{"id":67977,"date":"2026-03-06T09:21:34","date_gmt":"2026-03-06T08:21:34","guid":{"rendered":"https:\/\/casana.nl\/?post_type=product&#038;p=67977"},"modified":"2026-04-14T08:45:59","modified_gmt":"2026-04-14T06:45:59","slug":"villa-tipo-paraiso-3-dormitorios-piscina-privada-en-el-mazarron-country-club-2","status":"publish","type":"product","link":"https:\/\/casana.nl\/es\/venta\/villa-tipo-paraiso-3-dormitorios-piscina-privada-en-el-mazarron-country-club-2\/","title":{"rendered":"Villa tipo Paraiso 3 dormitorios piscina privada en el Mazarr\u00f3n Country Club"},"content":{"rendered":"<p>En el popular Mazarr\u00f3n Country Club, presentamos esta impresionante y cuidada villa Para\u00edso, situada en una amplia parcela con total privacidad. La propiedad cuenta con 3 dormitorios y 2 ba\u00f1os y combina a la perfecci\u00f3n comodidad, espacio y encanto mediterr\u00e1neo.<\/p>\n<p>La entrada conduce al luminoso y espacioso sal\u00f3n-comedor, con una acogedora chimenea y aire acondicionado fr\u00edo\/calor integrado para un confort \u00f3ptimo en cualquier estaci\u00f3n. Lo que distingue a esta propiedad son las terrazas que la rodean y el precioso jard\u00edn con una gran piscina privada, el lugar perfecto para relajarse o entretenerse. La cocina est\u00e1 totalmente equipada con electrodom\u00e9sticos modernos y ofrece todas las comodidades para el d\u00eda a d\u00eda. En la planta baja, hay dos c\u00f3modos dormitorios con armarios empotrados y un ba\u00f1o completo. Las escaleras del sal\u00f3n conducen a la primera planta, donde encontrar\u00e1 un espacioso dormitorio principal, tambi\u00e9n equipado con armarios empotrados, ba\u00f1o en suite y acceso a un amplio balc\u00f3n con fant\u00e1sticas vistas a los alrededores y al complejo. Junto a la villa hay una amplia plaza de aparcamiento\/carport.<\/p>\n<p>Esta villa se vende amueblada, con electrodom\u00e9sticos incluidos. Una casa lista para entrar a vivir, perfecta como residencia permanente, casa de vacaciones o inversi\u00f3n. Sin duda, merece la pena visitarla: le sorprender\u00e1 el espacio, la comodidad y la ubicaci\u00f3n de esta hermosa villa.<\/p>\n<p><b>Mazarr\u00f3n Country Club: <\/b>Ubicado en el centro del complejo, encontrar\u00e1 hermosas piscinas al aire libre, supermercado y un restaurante espa\u00f1ol. A cinco minutos en coche se encuentra en el campo de golf de Camposol.<\/p>\n<p><b>Alrededores: <\/b>Se puede llegar al centro de Mazarr\u00f3n en 5 minutos y en diez minutos se puede disfrutar de la playa de Bolnuevo o Puerto de Mazarr\u00f3n. Si conduce a lo largo de la costa, se encontrar\u00e1 con las bah\u00edas m\u00e1s hermosas con peque\u00f1as playas para nadar y tomar el sol. Para tener una buena impresi\u00f3n de la zona, conviene visitar especialmente Sierra Espu\u00f1a, esta hermosa reserva natural se encuentra a unos 20 minutos en coche.<\/p>\n","protected":false},"excerpt":{"rendered":"<p>En el popular Mazarr\u00f3n Country Club, presentamos esta impresionante y cuidada villa Para\u00edso, situada en una amplia parcela con total<\/p>\n","protected":false},"featured_media":68085,"template":"","meta":{"_acf_changed":false,"ngg_post_thumbnail":0},"product_brand":[],"product_cat":[160,161],"product_tag":[],"class_list":{"0":"post-67977","1":"product","2":"type-product","3":"status-publish","4":"has-post-thumbnail","6":"product_cat-villas-chalets-es-es-es","7":"product_cat-villas-mazarron-country-club-es-es-es","9":"first","10":"instock","11":"shipping-taxable","12":"product-type-simple"},"acf":[],"_links":{"self":[{"href":"https:\/\/casana.nl\/es\/wp-json\/wp\/v2\/product\/67977","targetHints":{"allow":["GET"]}}],"collection":[{"href":"https:\/\/casana.nl\/es\/wp-json\/wp\/v2\/product"}],"about":[{"href":"https:\/\/casana.nl\/es\/wp-json\/wp\/v2\/types\/product"}],"wp:featuredmedia":[{"embeddable":true,"href":"https:\/\/casana.nl\/es\/wp-json\/wp\/v2\/media\/68085"}],"wp:attachment":[{"href":"https:\/\/casana.nl\/es\/wp-json\/wp\/v2\/media?parent=67977"}],"wp:term":[{"taxonomy":"product_brand","embeddable":true,"href":"https:\/\/casana.nl\/es\/wp-json\/wp\/v2\/product_brand?post=67977"},{"taxonomy":"product_cat","embeddable":true,"href":"https:\/\/casana.nl\/es\/wp-json\/wp\/v2\/product_cat?post=67977"},{"taxonomy":"product_tag","embeddable":true,"href":"https:\/\/casana.nl\/es\/wp-json\/wp\/v2\/product_tag?post=67977"}],"curies":[{"name":"wp","href":"https:\/\/api.w.org\/{rel}","templated":true}]}}