{"id":66948,"date":"2026-01-28T09:55:28","date_gmt":"2026-01-28T08:55:28","guid":{"rendered":"https:\/\/casana.nl\/?post_type=product&#038;p=66948"},"modified":"2026-03-17T10:42:06","modified_gmt":"2026-03-17T09:42:06","slug":"villa-tipo-capricho-2-dormitorios-piscina-privada-en-el-mazarron-country-club-4","status":"publish","type":"product","link":"https:\/\/casana.nl\/es\/venta\/villa-tipo-capricho-2-dormitorios-piscina-privada-en-el-mazarron-country-club-4\/","title":{"rendered":"Villa tipo Capricho 2 dormitorios piscina privada en el Mazarron Country Club"},"content":{"rendered":"<p>Esta villa Capricho, impecablemente mantenida, cuenta con 2 dormitorios, 1 sala de torre, 2 ba\u00f1os y piscina privada. Situado en una espaciosa parcela (orientada al sur) de 580m2 en el borde del hermoso Mazarr\u00f3n Country Club.<\/p>\n<p>La entrada principal da paso a la cocina-sal\u00f3n de planta abierta, con un caracter\u00edstico comedor circular y una chimenea ecol\u00f3gica de pellets. La cocina, totalmente equipada, da a la terraza cubierta\/invernadero con vistas al jard\u00edn y a la piscina privada. La piscina privada est\u00e1 vallada con una atractiva valla y c\u00e9sped artificial, ideal para la seguridad de los ni\u00f1os peque\u00f1os. Desde el sal\u00f3n se accede a dos dormitorios con armarios empotrados y un ba\u00f1o. Toda la villa est\u00e1 equipada con aire acondicionado y ventiladores de techo.<\/p>\n<p>En el exterior, hay una cocina exterior cubierta y totalmente equipada con barbacoa. Una escalera fija en un lateral de la villa conduce a la azotea con impresionantes vistas. El dormitorio de la torre se utiliza actualmente como dormitorio adicional. La cochera tiene una puerta de entrada autom\u00e1tica. El hermoso jard\u00edn cuenta con sistema de riego.<\/p>\n<p>La villa se vende parcialmente amueblada, con electrodom\u00e9sticos incluidos. Merece la pena visitarla.<\/p>\n<p><b>Mazarr\u00f3n Country Club: <\/b>Ubicado en el centro del complejo, encontrar\u00e1 hermosas piscinas al aire libre, supermercado y un restaurante espa\u00f1ol. A cinco minutos en coche se encuentra en el campo de golf de Camposol.<\/p>\n<p><b>Alrededores: <\/b>Se puede llegar al centro de Mazarr\u00f3n en 5 minutos y en diez minutos se puede disfrutar de la playa de Bolnuevo o Puerto de Mazarr\u00f3n. Si conduce a lo largo de la costa, se encontrar\u00e1 con las bah\u00edas m\u00e1s hermosas con peque\u00f1as playas para nadar y tomar el sol. Para tener una buena impresi\u00f3n de la zona, conviene visitar especialmente Sierra Espu\u00f1a, esta hermosa reserva natural se encuentra a unos 20 minutos en coche.<\/p>\n","protected":false},"excerpt":{"rendered":"<p>Esta villa Capricho, impecablemente mantenida, cuenta con 2 dormitorios, 1 sala de torre, 2 ba\u00f1os y piscina privada. Situado en<\/p>\n","protected":false},"featured_media":66850,"template":"","meta":{"_acf_changed":false,"ngg_post_thumbnail":0},"product_brand":[],"product_cat":[160,161],"product_tag":[],"class_list":{"0":"post-66948","1":"product","2":"type-product","3":"status-publish","4":"has-post-thumbnail","6":"product_cat-villas-chalets-es-es-es","7":"product_cat-villas-mazarron-country-club-es-es-es","9":"first","10":"instock","11":"shipping-taxable","12":"product-type-simple"},"acf":[],"_links":{"self":[{"href":"https:\/\/casana.nl\/es\/wp-json\/wp\/v2\/product\/66948","targetHints":{"allow":["GET"]}}],"collection":[{"href":"https:\/\/casana.nl\/es\/wp-json\/wp\/v2\/product"}],"about":[{"href":"https:\/\/casana.nl\/es\/wp-json\/wp\/v2\/types\/product"}],"wp:featuredmedia":[{"embeddable":true,"href":"https:\/\/casana.nl\/es\/wp-json\/wp\/v2\/media\/66850"}],"wp:attachment":[{"href":"https:\/\/casana.nl\/es\/wp-json\/wp\/v2\/media?parent=66948"}],"wp:term":[{"taxonomy":"product_brand","embeddable":true,"href":"https:\/\/casana.nl\/es\/wp-json\/wp\/v2\/product_brand?post=66948"},{"taxonomy":"product_cat","embeddable":true,"href":"https:\/\/casana.nl\/es\/wp-json\/wp\/v2\/product_cat?post=66948"},{"taxonomy":"product_tag","embeddable":true,"href":"https:\/\/casana.nl\/es\/wp-json\/wp\/v2\/product_tag?post=66948"}],"curies":[{"name":"wp","href":"https:\/\/api.w.org\/{rel}","templated":true}]}}