{"id":66661,"date":"2026-01-16T11:01:43","date_gmt":"2026-01-16T10:01:43","guid":{"rendered":"https:\/\/casana.nl\/?post_type=product&#038;p=66661"},"modified":"2026-03-03T10:07:47","modified_gmt":"2026-03-03T09:07:47","slug":"villa-tipo-lotus-3-dormitorios-piscina-privada-en-fuente-alamo-de-murcia-los-altos-de-las-palas","status":"publish","type":"product","link":"https:\/\/casana.nl\/es\/venta\/villa-tipo-lotus-3-dormitorios-piscina-privada-en-fuente-alamo-de-murcia-los-altos-de-las-palas\/","title":{"rendered":"Villa tipo Lotus 3 dormitorios piscina privada en Fuente Alamo de Murcia, Los Altos de Las Palas"},"content":{"rendered":"<p>Esta villa &nbsp;tipo Lotus, excelentemente mantenida, se encuentra en el popular Los Altos de Las Palas y cuenta con 3 amplios dormitorios, 2 ba\u00f1os modernos y piscina privada. La propiedad forma parte de un complejo\/urbanizaci\u00f3n recientemente renovado, perfectamente integrado en el entorno.<\/p>\n<p>La villa est\u00e1 dise\u00f1ada pensando en la comodidad y la calidad, y cumple con los m\u00e1s altos est\u00e1ndares. El amplio y luminoso sal\u00f3n-comedor, equipado con aire acondicionado y una acogedora chimenea, ofrece una hermosa vista a la piscina privada y al hermoso jard\u00edn con terraza cubierta. A la izquierda de la terraza cubierta se encuentra la caseta de bombas, y en la parte trasera hay un amplio trastero. La casa tambi\u00e9n cuenta con porches cubiertos, un pr\u00e1ctico lavadero exterior, armarios empotrados, un acogedor comedor y terrazas en la parte delantera.<\/p>\n<p>La villa fue construida originalmente en 2009 y ha sido completamente renovada. Hay aparcamiento disponible en la propiedad. La propiedad se vende completamente amueblada y equipada con electrodom\u00e9sticos de alta calidad, lista para entrar a vivir.<\/p>\n<p>Los Altos de Las Palas se encuentra a los pies de un impresionante paisaje monta\u00f1oso que separa el pueblo de la costa y est\u00e1 rodeado de aut\u00e9nticas casas de campo. Esta hermosa urbanizaci\u00f3n ofrece todas las comodidades necesarias y combina tranquilidad, espacio y naturaleza con las comodidades de la vida moderna. Gracias a su conveniente ubicaci\u00f3n, est\u00e1 r\u00e1pidamente conectado a la autopista y a poca distancia de las playas de Mazarr\u00f3n, las tiendas y restaurantes de Cartagena y el campo de golf Hacienda el \u00c1lamo. El complejo tambi\u00e9n cuenta con zonas comunes con zonas de relax y varias piscinas.<\/p>\n","protected":false},"excerpt":{"rendered":"<p>Esta villa &nbsp;tipo Lotus, excelentemente mantenida, se encuentra en el popular Los Altos de Las Palas y cuenta con 3<\/p>\n","protected":false},"featured_media":66649,"template":"","meta":{"_acf_changed":false,"ngg_post_thumbnail":0},"product_brand":[],"product_cat":[160],"product_tag":[],"class_list":{"0":"post-66661","1":"product","2":"type-product","3":"status-publish","4":"has-post-thumbnail","6":"product_cat-villas-chalets-es-es-es","8":"first","9":"instock","10":"shipping-taxable","11":"purchasable","12":"product-type-simple"},"acf":[],"_links":{"self":[{"href":"https:\/\/casana.nl\/es\/wp-json\/wp\/v2\/product\/66661","targetHints":{"allow":["GET"]}}],"collection":[{"href":"https:\/\/casana.nl\/es\/wp-json\/wp\/v2\/product"}],"about":[{"href":"https:\/\/casana.nl\/es\/wp-json\/wp\/v2\/types\/product"}],"wp:featuredmedia":[{"embeddable":true,"href":"https:\/\/casana.nl\/es\/wp-json\/wp\/v2\/media\/66649"}],"wp:attachment":[{"href":"https:\/\/casana.nl\/es\/wp-json\/wp\/v2\/media?parent=66661"}],"wp:term":[{"taxonomy":"product_brand","embeddable":true,"href":"https:\/\/casana.nl\/es\/wp-json\/wp\/v2\/product_brand?post=66661"},{"taxonomy":"product_cat","embeddable":true,"href":"https:\/\/casana.nl\/es\/wp-json\/wp\/v2\/product_cat?post=66661"},{"taxonomy":"product_tag","embeddable":true,"href":"https:\/\/casana.nl\/es\/wp-json\/wp\/v2\/product_tag?post=66661"}],"curies":[{"name":"wp","href":"https:\/\/api.w.org\/{rel}","templated":true}]}}