{"id":66543,"date":"2026-01-16T10:19:39","date_gmt":"2026-01-16T09:19:39","guid":{"rendered":"https:\/\/casana.nl\/?post_type=product&#038;p=66543"},"modified":"2026-01-16T11:29:57","modified_gmt":"2026-01-16T10:29:57","slug":"villa-tipo-paraiso-3-dormitorios-piscina-privada-en-el-mazarron-country-club","status":"publish","type":"product","link":"https:\/\/casana.nl\/es\/venta\/villa-tipo-paraiso-3-dormitorios-piscina-privada-en-el-mazarron-country-club\/","title":{"rendered":"Villa tipo Paraiso 3 dormitorios piscina privada en el Mazarr\u00f3n Country Club"},"content":{"rendered":"<p>Esta impresionante y muy bien cuidada villa tipo Para\u00edso, cuenta con 3 dormitorios y 2 ba\u00f1os en el Mazarr\u00f3n Country Club.<\/p>\n<p>La entrada conduce al amplio sal\u00f3n-comedor, con chimenea y aire acondicionado fr\u00edo\/calor integrado. El sal\u00f3n tiene vistas a la terraza, al hermoso jard\u00edn y a la gran piscina privada. La cocina est\u00e1 totalmente equipada con electrodom\u00e9sticos modernos. En la planta baja, hay 2 dormitorios con armarios empotrados y un lujoso ba\u00f1o. Las escaleras del sal\u00f3n conducen a la primera planta, que cuenta con un amplio dormitorio con armarios empotrados, un lujoso ba\u00f1o y un amplio balc\u00f3n con fant\u00e1sticas vistas a los alrededores del Country Club. Hay una amplia zona de aparcamiento junto a la casa.<\/p>\n<p>Esta villa se vende amueblada, con electrodom\u00e9sticos incluidos, \u00a1y merece la pena visitarla!<\/p>\n<p>Mazarr\u00f3n Country Club: Ubicado en el centro del complejo, encontrar\u00e1 hermosas piscinas al aire libre, un supermercado y un restaurante espa\u00f1ol. El campo de golf Camposol est\u00e1 a solo cinco minutos en coche. Alrededores: El centro de Mazarr\u00f3n est\u00e1 a solo cinco minutos, y en diez minutos podr\u00e1 disfrutar de la playa de Bolnuevo o del Puerto de Mazarr\u00f3n. Recorriendo la costa, encontrar\u00e1 hermosas calas con peque\u00f1as playas, perfectas para nadar y tomar el sol. Para disfrutar de los alrededores, no deje de visitar Sierra Espu\u00f1a; esta hermosa reserva natural est\u00e1 a unos 20 minutos en coche.<\/p>\n","protected":false},"excerpt":{"rendered":"<p>Esta impresionante y muy bien cuidada villa tipo Para\u00edso, cuenta con 3 dormitorios y 2 ba\u00f1os en el Mazarr\u00f3n Country<\/p>\n","protected":false},"featured_media":66459,"template":"","meta":{"_acf_changed":false,"ngg_post_thumbnail":0},"product_brand":[],"product_cat":[160,161],"product_tag":[],"class_list":{"0":"post-66543","1":"product","2":"type-product","3":"status-publish","4":"has-post-thumbnail","6":"product_cat-villas-chalets-es-es-es","7":"product_cat-villas-mazarron-country-club-es-es-es","9":"first","10":"instock","11":"shipping-taxable","12":"purchasable","13":"product-type-simple"},"acf":[],"_links":{"self":[{"href":"https:\/\/casana.nl\/es\/wp-json\/wp\/v2\/product\/66543","targetHints":{"allow":["GET"]}}],"collection":[{"href":"https:\/\/casana.nl\/es\/wp-json\/wp\/v2\/product"}],"about":[{"href":"https:\/\/casana.nl\/es\/wp-json\/wp\/v2\/types\/product"}],"wp:featuredmedia":[{"embeddable":true,"href":"https:\/\/casana.nl\/es\/wp-json\/wp\/v2\/media\/66459"}],"wp:attachment":[{"href":"https:\/\/casana.nl\/es\/wp-json\/wp\/v2\/media?parent=66543"}],"wp:term":[{"taxonomy":"product_brand","embeddable":true,"href":"https:\/\/casana.nl\/es\/wp-json\/wp\/v2\/product_brand?post=66543"},{"taxonomy":"product_cat","embeddable":true,"href":"https:\/\/casana.nl\/es\/wp-json\/wp\/v2\/product_cat?post=66543"},{"taxonomy":"product_tag","embeddable":true,"href":"https:\/\/casana.nl\/es\/wp-json\/wp\/v2\/product_tag?post=66543"}],"curies":[{"name":"wp","href":"https:\/\/api.w.org\/{rel}","templated":true}]}}