{"id":66368,"date":"2026-01-15T17:26:23","date_gmt":"2026-01-15T16:26:23","guid":{"rendered":"https:\/\/casana.nl\/?post_type=product&#038;p=66368"},"modified":"2026-01-15T17:27:42","modified_gmt":"2026-01-15T16:27:42","slug":"bungalow-2-dormitorios-en-el-mazarron-country-club-8","status":"publish","type":"product","link":"https:\/\/casana.nl\/es\/venta\/bungalow-2-dormitorios-en-el-mazarron-country-club-8\/","title":{"rendered":"Bungalow 2 dormitorios en el Mazarr\u00f3n Country Club"},"content":{"rendered":"<p>Precioso bungalow de dos dormitorios situado en una amplia parcela esquinera, en una calle tranquila y agradable con preciosas vistas. El jard\u00edn ofrece numerosos rincones encantadores para relajarse, tanto al sol como a la sombra. La casa cuenta con una cocina nueva totalmente equipada y aire acondicionado. El bungalow se siente espacioso gracias a la abundante luz natural. La casa se encuentra en excelentes condiciones y puede mudarse a este singular bungalow de inmediato. Merece la pena visitarlo.<\/p>\n<p>Se vende con muebles y electrodom\u00e9sticos incluidos.<\/p>\n<p>Mazarr\u00f3n Country Club: En el centro del complejo encontrar\u00e1 hermosas piscinas al aire libre con pistas de tenis y un restaurante. El campo de golf Camposol est\u00e1 a cinco minutos en coche.<\/p>\n<p>Ubicaci\u00f3n: El centro de Mazarr\u00f3n est\u00e1 a solo 5 minutos y la playa de Bolnuevo o Puerto de Mazarr\u00f3n se encuentra a diez minutos. Recorriendo la costa, encontrar\u00e1 hermosas calas con peque\u00f1as playas perfectas para nadar y tomar el sol. Para disfrutar de la zona, no dude en visitar Sierra Espu\u00f1a, esta hermosa reserva natural est\u00e1 a unos 20 minutos en coche.<\/p>\n","protected":false},"excerpt":{"rendered":"<p>Precioso bungalow de dos dormitorios situado en una amplia parcela esquinera, en una calle tranquila y agradable con preciosas vistas.<\/p>\n","protected":false},"featured_media":66275,"template":"","meta":{"_acf_changed":false,"ngg_post_thumbnail":0},"product_brand":[],"product_cat":[160,161],"product_tag":[],"class_list":{"0":"post-66368","1":"product","2":"type-product","3":"status-publish","4":"has-post-thumbnail","6":"product_cat-villas-chalets-es-es-es","7":"product_cat-villas-mazarron-country-club-es-es-es","9":"first","10":"instock","11":"shipping-taxable","12":"product-type-simple"},"acf":[],"_links":{"self":[{"href":"https:\/\/casana.nl\/es\/wp-json\/wp\/v2\/product\/66368","targetHints":{"allow":["GET"]}}],"collection":[{"href":"https:\/\/casana.nl\/es\/wp-json\/wp\/v2\/product"}],"about":[{"href":"https:\/\/casana.nl\/es\/wp-json\/wp\/v2\/types\/product"}],"wp:featuredmedia":[{"embeddable":true,"href":"https:\/\/casana.nl\/es\/wp-json\/wp\/v2\/media\/66275"}],"wp:attachment":[{"href":"https:\/\/casana.nl\/es\/wp-json\/wp\/v2\/media?parent=66368"}],"wp:term":[{"taxonomy":"product_brand","embeddable":true,"href":"https:\/\/casana.nl\/es\/wp-json\/wp\/v2\/product_brand?post=66368"},{"taxonomy":"product_cat","embeddable":true,"href":"https:\/\/casana.nl\/es\/wp-json\/wp\/v2\/product_cat?post=66368"},{"taxonomy":"product_tag","embeddable":true,"href":"https:\/\/casana.nl\/es\/wp-json\/wp\/v2\/product_tag?post=66368"}],"curies":[{"name":"wp","href":"https:\/\/api.w.org\/{rel}","templated":true}]}}