{"id":62086,"date":"2025-06-11T10:38:41","date_gmt":"2025-06-11T08:41:54","guid":{"rendered":"https:\/\/casana.nl\/?post_type=product&#038;p=62086"},"modified":"2025-06-11T10:41:55","modified_gmt":"2025-06-11T08:41:55","slug":"obra-nueva-villa-tipo-stella-3-dormitorios-piscina-privada-hacienda-del-alamo-golf-resort-murcia","status":"publish","type":"product","link":"https:\/\/casana.nl\/es\/venta\/obra-nueva-villa-tipo-stella-3-dormitorios-piscina-privada-hacienda-del-alamo-golf-resort-murcia\/","title":{"rendered":"Obra nueva villa tipo Stella 3 dormitorios piscina privada Hacienda del Alamo Golf Resort Murcia"},"content":{"rendered":"<p>Villa Stella \u2013 Omala Residences &#8211; Hacienda del \u00c1lamo Golf Resort<\/p>\n<p>Villa de dos plantas con 3 dormitorios, 2 ba\u00f1os y 1 aseo. Con una superficie construida de 146,45 m\u00b2 y una amplia terraza de 62,70 m\u00b2, esta villa con orientaci\u00f3n este ofrece comodidad, espacio y vistas inmejorables al campo de golf. Dise\u00f1o moderno y eficiente en un tranquilo entorno mediterr\u00e1neo. Hacienda del \u00c1lamo se est\u00e1 convirtiendo en uno de los resorts m\u00e1s valorados de la regi\u00f3n, ideal para residencias o inversiones de futuro. Muebles no incluidos.<\/p>\n<p>Descubre Omala Residences, una exclusiva colecci\u00f3n de villas de dise\u00f1o contempor\u00e1neo ubicadas en Hacienda del \u00c1lamo Golf Resort, Murcia. Cuatro modelos diferentes (Stella, Colia, Libella y Melissa) adaptados a diferentes estilos de vida, todos con acabados de alta calidad, parcelas privadas y acceso a un entorno privilegiado. Hacienda del \u00c1lamo se consolida como uno de los resorts m\u00e1s prometedores de la regi\u00f3n, ideal tanto para residencia permanente como para inversi\u00f3n de futuro.<\/p>\n<p>Precios desde \u20ac432.200,-<\/p>\n<p>Hacienda del \u00c1lamo Golf Resort cuenta con uno de los campos de golf m\u00e1s largos de Espa\u00f1a, enclavado en un hermoso paisaje y un tranquilo entorno natural. Disfrute de servicios de lujo, amplias villas y un estilo de vida relajado bajo el sol espa\u00f1ol. La zona es perfecta para practicar senderismo, ciclismo y excursiones de un d\u00eda a ciudades cercanas como Murcia, Cartagena, Lorca y la ciudad costera de Mazarr\u00f3n.<\/p>\n","protected":false},"excerpt":{"rendered":"<p>Villa Stella \u2013 Omala Residences &#8211; Hacienda del \u00c1lamo Golf Resort Villa de dos plantas con 3 dormitorios, 2 ba\u00f1os<\/p>\n","protected":false},"featured_media":62051,"template":"","meta":{"_acf_changed":false,"ngg_post_thumbnail":0},"product_brand":[],"product_cat":[159,160],"product_tag":[],"class_list":{"0":"post-62086","1":"product","2":"type-product","3":"status-publish","4":"has-post-thumbnail","6":"product_cat-nueva-construccion-es-es-es","7":"product_cat-villas-chalets-es-es-es","9":"first","10":"instock","11":"shipping-taxable","12":"purchasable","13":"product-type-simple"},"acf":[],"_links":{"self":[{"href":"https:\/\/casana.nl\/es\/wp-json\/wp\/v2\/product\/62086","targetHints":{"allow":["GET"]}}],"collection":[{"href":"https:\/\/casana.nl\/es\/wp-json\/wp\/v2\/product"}],"about":[{"href":"https:\/\/casana.nl\/es\/wp-json\/wp\/v2\/types\/product"}],"wp:featuredmedia":[{"embeddable":true,"href":"https:\/\/casana.nl\/es\/wp-json\/wp\/v2\/media\/62051"}],"wp:attachment":[{"href":"https:\/\/casana.nl\/es\/wp-json\/wp\/v2\/media?parent=62086"}],"wp:term":[{"taxonomy":"product_brand","embeddable":true,"href":"https:\/\/casana.nl\/es\/wp-json\/wp\/v2\/product_brand?post=62086"},{"taxonomy":"product_cat","embeddable":true,"href":"https:\/\/casana.nl\/es\/wp-json\/wp\/v2\/product_cat?post=62086"},{"taxonomy":"product_tag","embeddable":true,"href":"https:\/\/casana.nl\/es\/wp-json\/wp\/v2\/product_tag?post=62086"}],"curies":[{"name":"wp","href":"https:\/\/api.w.org\/{rel}","templated":true}]}}