{"id":48131,"date":"2022-12-20T11:18:00","date_gmt":"2022-12-20T10:18:43","guid":{"rendered":"https:\/\/www.casana.nl\/?post_type=product&#038;p=48131"},"modified":"2022-12-20T11:26:33","modified_gmt":"2022-12-20T10:26:33","slug":"villa-9-dormitorios-2-piscinas-privadas-vistas-al-mar-en-bolnuevo","status":"publish","type":"product","link":"https:\/\/casana.nl\/es\/venta\/villa-9-dormitorios-2-piscinas-privadas-vistas-al-mar-en-bolnuevo\/","title":{"rendered":"Villa 9 dormitorios 2 piscinas privadas con vistas al mar en Bolnuevo"},"content":{"rendered":"<p>Esta espectacular villa est\u00e1 situado en una zona tranquila de Bolnuevo. Sin duda alguna, tiene las mejores vistas que se pueden desear en esta zona de la costa. Podr\u00e1s ver desde la costa desde \u00c1guilas a la Azohia desde su gran terraza.&nbsp;Cerca hay algunos bares, restaurantes, farmacia y otros servicios y a menos de cinco minutos de la playa.&nbsp;Es una villa con dos casas. Tiene una entrada en com\u00fan por la que puedes acceder a ambas viviendas. Cada vivienda tiene aproximadamente 200m2. Tienes la opci\u00f3n de alquilar una vivienda o ambas.&nbsp;La villa consta de 9 habitaciones (algunos de ellos con vestidor incluido), 6 ba\u00f1os (dos de ellos con hidromasaje), 2 cocinas, 2 comedores, zona para aparcar el coche, calefacci\u00f3n central, Split de aire acondicionado, 2 piscinas, 2 trasteros. En el s\u00f3tano tiene un apartamento de 50 m2 provisto de cocina, dormitorio, ba\u00f1o, comedor y una bonita bodega.&nbsp;Las habitaciones y el comedor tienen vistas al mar y a la monta\u00f1a. &nbsp;Es una casa muy luminosa, bien decorada, en perfecto estado y con todas las comodidades para entrar a vivir. Completamente amueblada.&nbsp;&nbsp;Una preciosa casa a un excelente precio. \u00a1Una gran oportunidad!&nbsp;&nbsp;&nbsp;<\/p>\n<p>&nbsp;<\/p>\n","protected":false},"excerpt":{"rendered":"<p>Esta espectacular villa est\u00e1 situado en una zona tranquila de Bolnuevo. Sin duda alguna, tiene las mejores vistas que se<\/p>\n","protected":false},"featured_media":48032,"template":"","meta":{"_acf_changed":false,"ngg_post_thumbnail":0},"product_brand":[],"product_cat":[160],"product_tag":[],"class_list":{"0":"post-48131","1":"product","2":"type-product","3":"status-publish","4":"has-post-thumbnail","6":"product_cat-villas-chalets-es-es-es","8":"first","9":"instock","10":"shipping-taxable","11":"purchasable","12":"product-type-simple"},"acf":[],"_links":{"self":[{"href":"https:\/\/casana.nl\/es\/wp-json\/wp\/v2\/product\/48131","targetHints":{"allow":["GET"]}}],"collection":[{"href":"https:\/\/casana.nl\/es\/wp-json\/wp\/v2\/product"}],"about":[{"href":"https:\/\/casana.nl\/es\/wp-json\/wp\/v2\/types\/product"}],"wp:featuredmedia":[{"embeddable":true,"href":"https:\/\/casana.nl\/es\/wp-json\/wp\/v2\/media\/48032"}],"wp:attachment":[{"href":"https:\/\/casana.nl\/es\/wp-json\/wp\/v2\/media?parent=48131"}],"wp:term":[{"taxonomy":"product_brand","embeddable":true,"href":"https:\/\/casana.nl\/es\/wp-json\/wp\/v2\/product_brand?post=48131"},{"taxonomy":"product_cat","embeddable":true,"href":"https:\/\/casana.nl\/es\/wp-json\/wp\/v2\/product_cat?post=48131"},{"taxonomy":"product_tag","embeddable":true,"href":"https:\/\/casana.nl\/es\/wp-json\/wp\/v2\/product_tag?post=48131"}],"curies":[{"name":"wp","href":"https:\/\/api.w.org\/{rel}","templated":true}]}}