{"id":43395,"date":"2021-12-30T10:02:39","date_gmt":"2021-12-30T09:03:47","guid":{"rendered":"https:\/\/www.casana.nl\/?post_type=product&#038;p=43395"},"modified":"2024-01-23T12:42:20","modified_gmt":"2024-01-23T11:42:20","slug":"nueva-construccion-pisos-de-lujo-2-dormitorios-cerca-del-campo-de-golf-en-orihuela","status":"publish","type":"product","link":"https:\/\/casana.nl\/es\/venta\/nueva-construccion-pisos-de-lujo-2-dormitorios-cerca-del-campo-de-golf-en-orihuela\/","title":{"rendered":"Nueva construccion pisos de lujo 2 dormitorios cerca del campo de golf en Orihuela"},"content":{"rendered":"<p>Pisos de lujo de nueva construcci\u00f3n en Orihuela de dos dormitorios y dos ba\u00f1os.&nbsp;Acabados de primera calidad. Amplia zona comunitaria con piscina.<\/p>\n<p>80m2 de superficie construida, terrazas y jard\u00edn o sol\u00e1rium<\/p>\n<p>Precio desde: \u20ac209.900,-<\/p>\n<p>Vistabella Golf Resort mezcla el placer de las viviendas exclusivas con todos los servicios que necesitas en tu d\u00eda a d\u00eda: supermercados, farmacias, restaurantes, colegios o servicios m\u00e9dicos que unen la proximidad a Orihuela, Torrevieja y los aeropuertos de Alicante o San Javier, de f\u00e1cil acceso. de la autopista AP-7.<\/p>\n","protected":false},"excerpt":{"rendered":"<p>Pisos de lujo de nueva construcci\u00f3n en Orihuela de dos dormitorios y dos ba\u00f1os.&nbsp;Acabados de primera calidad. Amplia zona comunitaria<\/p>\n","protected":false},"featured_media":43328,"template":"","meta":{"_acf_changed":false,"ngg_post_thumbnail":0},"product_brand":[],"product_cat":[156,159],"product_tag":[],"class_list":{"0":"post-43395","1":"product","2":"type-product","3":"status-publish","4":"has-post-thumbnail","6":"product_cat-apartamentos-es-es-es","7":"product_cat-nueva-construccion-es-es-es","9":"first","10":"instock","11":"shipping-taxable","12":"purchasable","13":"product-type-simple"},"acf":[],"_links":{"self":[{"href":"https:\/\/casana.nl\/es\/wp-json\/wp\/v2\/product\/43395","targetHints":{"allow":["GET"]}}],"collection":[{"href":"https:\/\/casana.nl\/es\/wp-json\/wp\/v2\/product"}],"about":[{"href":"https:\/\/casana.nl\/es\/wp-json\/wp\/v2\/types\/product"}],"wp:featuredmedia":[{"embeddable":true,"href":"https:\/\/casana.nl\/es\/wp-json\/wp\/v2\/media\/43328"}],"wp:attachment":[{"href":"https:\/\/casana.nl\/es\/wp-json\/wp\/v2\/media?parent=43395"}],"wp:term":[{"taxonomy":"product_brand","embeddable":true,"href":"https:\/\/casana.nl\/es\/wp-json\/wp\/v2\/product_brand?post=43395"},{"taxonomy":"product_cat","embeddable":true,"href":"https:\/\/casana.nl\/es\/wp-json\/wp\/v2\/product_cat?post=43395"},{"taxonomy":"product_tag","embeddable":true,"href":"https:\/\/casana.nl\/es\/wp-json\/wp\/v2\/product_tag?post=43395"}],"curies":[{"name":"wp","href":"https:\/\/api.w.org\/{rel}","templated":true}]}}