{"id":34557,"date":"2020-04-20T10:14:10","date_gmt":"2020-04-19T11:45:52","guid":{"rendered":"https:\/\/www.casana.nl\/es\/?post_type=product&#038;p=34557"},"modified":"2025-04-25T13:55:33","modified_gmt":"2025-04-25T11:55:33","slug":"villa-de-lujo-nueva-construccion-tipo-horizon-3-dormitorios-piscina-privada-cerca-murcia-golfresort","status":"publish","type":"product","link":"https:\/\/casana.nl\/es\/venta\/villa-de-lujo-nueva-construccion-tipo-horizon-3-dormitorios-piscina-privada-cerca-murcia-golfresort\/","title":{"rendered":"Villa de Lujo nueva construccion tipo Horizon 3 dormitorios piscina privada cerca de Murcia golfresort"},"content":{"rendered":"<p>La villa de lujo est\u00e1 ubicada en Altaona Golf and Country Village, un resort con un agradable campo de golf de 18 holes donde la relajaci\u00f3n est\u00e1 garantizada. La primera de las villas de Altaona Golf and Country Village hace un esfuerzo en equilibrio el horizonte que le rodea. De puntillas sobre su primera planta esta villa se asoma al campo de golf, aproxim\u00e1ndose con su car\u00e1cter minimalista al mismo. La sensaci\u00f3n de libertad queda de manifiesto desde cualquiera de sus estancias, as\u00ed como desde los jardines de la misma.&nbsp;Horizon tiene una estructura creada estilo mirador que se alza por encima de la piscina y est\u00e1 orientada hacia los campos de golf. Sus interiores consiguen que el descanso se convierta en el momento m\u00e1s preciado del d\u00eda.&nbsp;<\/p>\n<p>Su terraza superior, flanqueada de bamb\u00fa consigue crear el lugar ideal para yacer a la sombra y proporciona intimidad a la zona de ba\u00f1o, la cual se encuentra rodeada por el verde del jard\u00edn.&nbsp;<\/p>\n<p>Caracter\u00edsticas: Planta baja: sal\u00f3n-comedor, cocina, 1 habitaci\u00f3n, 1 ba\u00f1o, aseos. Primera planta: 2 habitaciones, 2 ba\u00f1os.<\/p>\n<p>Precio desde \u20ac834.000,-<\/p>\n<p>Altaona Golf and Country Village: En el coraz\u00f3n de Altaona late el Parador, una plaza tradicional que se convierte en un punto de encuentro para el vecindario. Aqu\u00ed confluyen las tradiciones y la gastronom\u00eda y tambi\u00e9n es el lugar donde puedes realizar las compras de casa d\u00eda.&nbsp;Altaona se sit\u00faa a solo diez minutos en coche del centro de Murcia y de todo el encanto de esta acogedora ciudad. Adem\u00e1s, se sit\u00faa los pies del parque natural de la Sierra de Carrascoy y el valle que flanquean la ciudad de Murcia. Cerca del nuevo aeropuerto de Murcia y las playas de Mazarr\u00f3n.<\/p>\n","protected":false},"excerpt":{"rendered":"<p>La villa de lujo est\u00e1 ubicada en Altaona Golf and Country Village, un resort con un agradable campo de golf<\/p>\n","protected":false},"featured_media":34546,"template":"","meta":{"_acf_changed":false,"ngg_post_thumbnail":0},"product_brand":[],"product_cat":[159,160],"product_tag":[],"class_list":{"0":"post-34557","1":"product","2":"type-product","3":"status-publish","4":"has-post-thumbnail","6":"product_cat-nueva-construccion-es-es-es","7":"product_cat-villas-chalets-es-es-es","9":"first","10":"instock","11":"shipping-taxable","12":"purchasable","13":"product-type-simple"},"acf":[],"_links":{"self":[{"href":"https:\/\/casana.nl\/es\/wp-json\/wp\/v2\/product\/34557","targetHints":{"allow":["GET"]}}],"collection":[{"href":"https:\/\/casana.nl\/es\/wp-json\/wp\/v2\/product"}],"about":[{"href":"https:\/\/casana.nl\/es\/wp-json\/wp\/v2\/types\/product"}],"wp:featuredmedia":[{"embeddable":true,"href":"https:\/\/casana.nl\/es\/wp-json\/wp\/v2\/media\/34546"}],"wp:attachment":[{"href":"https:\/\/casana.nl\/es\/wp-json\/wp\/v2\/media?parent=34557"}],"wp:term":[{"taxonomy":"product_brand","embeddable":true,"href":"https:\/\/casana.nl\/es\/wp-json\/wp\/v2\/product_brand?post=34557"},{"taxonomy":"product_cat","embeddable":true,"href":"https:\/\/casana.nl\/es\/wp-json\/wp\/v2\/product_cat?post=34557"},{"taxonomy":"product_tag","embeddable":true,"href":"https:\/\/casana.nl\/es\/wp-json\/wp\/v2\/product_tag?post=34557"}],"curies":[{"name":"wp","href":"https:\/\/api.w.org\/{rel}","templated":true}]}}