{"id":28322,"date":"2019-01-29T12:08:38","date_gmt":"2019-01-29T11:08:38","guid":{"rendered":"https:\/\/www.casana.nl\/es\/?post_type=product&#038;p=28322"},"modified":"2019-01-29T13:58:04","modified_gmt":"2019-01-29T12:58:04","slug":"finca-4-dormitorios-lado-mazarron","status":"publish","type":"product","link":"https:\/\/casana.nl\/es\/venta\/finca-4-dormitorios-lado-mazarron\/","title":{"rendered":"Finca  con 4 dormitorios a lado de Mazarr\u00f3n"},"content":{"rendered":"<p>Este objeto especial no se puede mostrar de la manera correcta con la fotograf\u00eda.\u00a0\u00a1Debes visitar este hermoso lugar, saborear el ambiente, disfrutar del espacio, la privacidad y juzgarte!<\/p>\n<p>En las afueras de Mazarr\u00f3n, en una hermosa zona, encontrar\u00e1 esta casa especial.\u00a0Al entrar, despu\u00e9s de cerrar la hermosa puerta de entrada, inmediatamente se siente en un ambiente sereno.\u00a0La parcela est\u00e1 completamente cercada con cipreses, hay un gran estacionamiento con muchas plantaciones y graneros.\u00a0Antes de llegar a la sala de estar de la casa, ingresa a un porche cubierto que est\u00e1 decorado con plantas, una sala de relajaci\u00f3n con televisi\u00f3n y un comedor con hornos y una mesa de madera resistente con plato giratorio, para que pueda disfrutar de las bebidas con un grupo grande. y las comidas.\u00a0La sala de estar es una gran sala cuadrada dividida en una sala de estar, chimenea y una larga cocina con una gran mesa de granito.<\/p>\n<p>A trav\u00e9s del peque\u00f1o vest\u00edbulo, actualmente decorado con barriles de vino \/ racks y delicadeza espa\u00f1ola, se llega al rellano con 4 dormitorios y 2 ba\u00f1os.\u00a0Las paredes de toda la casa son tan gruesas que la casa mantiene perfectamente la temperatura tanto en verano como en invierno.\u00a0El granero m\u00e1s grande detr\u00e1s de la casa tiene 500m2 y tambi\u00e9n est\u00e1 equipado con una sala donde se han hecho las instalaciones para colocar una piscina, todo est\u00e1 preparado para esto.\u00a0En el borde de la parcela, ingresar\u00e1 a las plantaciones cubiertas a trav\u00e9s de vi\u00f1edos en primavera, donde podr\u00e1 cultivar verduras y frutas.<\/p>\n<p>Aqu\u00ed tambi\u00e9n hay una terraza creada con un peque\u00f1o invernadero al lado.\u00a0La casa est\u00e1 equipada con un gran tanque para el almacenamiento de agua propia, un frigor\u00edfico profesional y est\u00e1 equipada con electricidad propia de 220V y 380V.<\/p>\n<p>Totalmente amueblado con todo lujo, se ofrece este objeto.<\/p>\n","protected":false},"excerpt":{"rendered":"<p>Este objeto especial no se puede mostrar de la manera correcta con la fotograf\u00eda.\u00a0\u00a1Debes visitar este hermoso lugar, saborear el<\/p>\n","protected":false},"featured_media":28235,"template":"","meta":{"_acf_changed":false,"ngg_post_thumbnail":0},"product_brand":[],"product_cat":[157],"product_tag":[],"class_list":{"0":"post-28322","1":"product","2":"type-product","3":"status-publish","4":"has-post-thumbnail","6":"product_cat-fincas-es-es-es","8":"first","9":"instock","10":"shipping-taxable","11":"purchasable","12":"product-type-simple"},"acf":[],"_links":{"self":[{"href":"https:\/\/casana.nl\/es\/wp-json\/wp\/v2\/product\/28322","targetHints":{"allow":["GET"]}}],"collection":[{"href":"https:\/\/casana.nl\/es\/wp-json\/wp\/v2\/product"}],"about":[{"href":"https:\/\/casana.nl\/es\/wp-json\/wp\/v2\/types\/product"}],"wp:featuredmedia":[{"embeddable":true,"href":"https:\/\/casana.nl\/es\/wp-json\/wp\/v2\/media\/28235"}],"wp:attachment":[{"href":"https:\/\/casana.nl\/es\/wp-json\/wp\/v2\/media?parent=28322"}],"wp:term":[{"taxonomy":"product_brand","embeddable":true,"href":"https:\/\/casana.nl\/es\/wp-json\/wp\/v2\/product_brand?post=28322"},{"taxonomy":"product_cat","embeddable":true,"href":"https:\/\/casana.nl\/es\/wp-json\/wp\/v2\/product_cat?post=28322"},{"taxonomy":"product_tag","embeddable":true,"href":"https:\/\/casana.nl\/es\/wp-json\/wp\/v2\/product_tag?post=28322"}],"curies":[{"name":"wp","href":"https:\/\/api.w.org\/{rel}","templated":true}]}}