{"id":5269,"date":"2015-01-23T15:28:27","date_gmt":"2015-01-23T14:28:27","guid":{"rendered":"http:\/\/casana.nl\/?page_id=5269"},"modified":"2021-03-18T14:58:07","modified_gmt":"2021-03-18T13:58:07","slug":"proceso-de-ventas","status":"publish","type":"page","link":"https:\/\/casana.nl\/es\/proceso-de-ventas\/","title":{"rendered":"Proceso de ventas"},"content":{"rendered":"<div class=\"wpb-content-wrapper\"><p>[vc_row][vc_column offset=\u00bbvc_col-lg-6 vc_col-md-6&#8243; mobile_bg_img_hidden=\u00bbno\u00bb tablet_bg_img_hidden=\u00bbno\u00bb woodmart_parallax=\u00bb0&#8243; woodmart_sticky_column=\u00bbfalse\u00bb parallax_scroll=\u00bbno\u00bb mobile_reset_margin=\u00bbno\u00bb tablet_reset_margin=\u00bbno\u00bb]\n\t\t<div id=\"wd-60379233b21e4\" class=\"title-wrapper wd-wpb wd-set-mb reset-last-child  wd-rs-60379233b21e4 wd-title-color-default wd-title-style-default text-left  wd-underline-colored\">\n\t\t\t\n\t\t\t<div class=\"liner-continer\">\n\t\t\t\t<h2 class=\"woodmart-title-container title  wd-font-weight-500 wd-fontsize-l\" >Proceso de ventas<\/h2>\n\t\t\t\t\t\t\t<\/div>\n\t\t\t\n\t\t\t\n\t\t\t\n\t\t<\/div>\n\t\t\n\t\t[vc_column_text text_larger=\u00bbno\u00bb]\u00bfHas estado buscando una segunda casa o siempre ha sido tu sue\u00f1o?<\/p>\n<p>\u00bfQuiz\u00e1s quieras comenzar una vida completamente nueva y te gustar\u00eda emigrar?<br \/>\n\u00a1Entonces mu\u00e9vete ahora y aprovecha la crisis! Las villas m\u00e1s bellas ahora se venden a precios baj\u00edsimos<\/p>\n<p>Siempre trabajamos con abogados profesionales para asegurarnos de que todo funcione sin problemas para comprar de modo que no se enfrente a sorpresas inesperadas antes o despu\u00e9s la compraventa.&nbsp;Estos abogados tienen sus oficinas tanto en Espa\u00f1a como en Europa y est\u00e1n al corriente de todo lo que sucede en torno a la compraventa de una casa.<\/p>\n<p>&nbsp;[\/vc_column_text][vc_row_inner row_reverse_mobile=\u00bb0&#8243; row_reverse_tablet=\u00bb0&#8243;][vc_column_inner]<div id=\"wd-6049fc98bf838\" class=\" wd-rs-6049fc98bf838  wd-button-wrapper text-left\"><a href=\"https:\/\/www.casana.nl\/es\/en-venta\" title=\"\" class=\"btn btn-style-default btn-shape-semi-round btn-size-default btn-icon-pos-left\">Nuestra oferta<span class=\"wd-btn-icon\"><span class=\"wd-icon fas fa-home\"><\/span><\/span><\/a><\/div>[vc_empty_space woodmart_hide_large=\u00bb0&#8243; woodmart_hide_medium=\u00bb0&#8243; woodmart_hide_small=\u00bb0&#8243; woodmart_hide_extra_small=\u00bb0&#8243;][\/vc_column_inner][\/vc_row_inner][\/vc_column][vc_column offset=\u00bbvc_col-lg-6 vc_col-md-6&#8243; mobile_bg_img_hidden=\u00bbno\u00bb tablet_bg_img_hidden=\u00bbno\u00bb woodmart_parallax=\u00bb0&#8243; woodmart_sticky_column=\u00bbfalse\u00bb parallax_scroll=\u00bbno\u00bb mobile_reset_margin=\u00bbno\u00bb tablet_reset_margin=\u00bbno\u00bb][vc_single_image image=\u00bb36196&#8243; img_size=\u00bblarge\u00bb style=\u00bbvc_box_border\u00bb onclick=\u00bblink_image\u00bb parallax_scroll=\u00bbno\u00bb][\/vc_column][\/vc_row][vc_row][vc_column width=\u00bb1\/2&#8243;][vc_single_image image=\u00bb39294&#8243; img_size=\u00bbfull\u00bb parallax_scroll=\u00bbno\u00bb][\/vc_column][vc_column width=\u00bb1\/2&#8243;][vc_column_text text_larger=\u00bbno\u00bb]Entonces, si desea trabajar profesionalmente, cont\u00e1ctenos. Nos gustar\u00eda invitarle y presentarle esta regi\u00f3n particularmente hermosa.[\/vc_column_text][\/vc_column][\/vc_row]<\/p>\n<\/div>","protected":false},"excerpt":{"rendered":"<p>[vc_row][vc_column offset=\u00bbvc_col-lg-6 vc_col-md-6&#8243; mobile_bg_img_hidden=\u00bbno\u00bb tablet_bg_img_hidden=\u00bbno\u00bb woodmart_parallax=\u00bb0&#8243; woodmart_sticky_column=\u00bbfalse\u00bb parallax_scroll=\u00bbno\u00bb mobile_reset_margin=\u00bbno\u00bb tablet_reset_margin=\u00bbno\u00bb][vc_column_text text_larger=\u00bbno\u00bb]\u00bfHas estado buscando una segunda casa o siempre ha sido<\/p>\n","protected":false},"author":7,"featured_media":0,"parent":0,"menu_order":0,"comment_status":"closed","ping_status":"closed","template":"","meta":{"_acf_changed":false,"ngg_post_thumbnail":0,"footnotes":""},"class_list":["post-5269","page","type-page","status-publish","hentry"],"acf":[],"_links":{"self":[{"href":"https:\/\/casana.nl\/es\/wp-json\/wp\/v2\/pages\/5269","targetHints":{"allow":["GET"]}}],"collection":[{"href":"https:\/\/casana.nl\/es\/wp-json\/wp\/v2\/pages"}],"about":[{"href":"https:\/\/casana.nl\/es\/wp-json\/wp\/v2\/types\/page"}],"author":[{"embeddable":true,"href":"https:\/\/casana.nl\/es\/wp-json\/wp\/v2\/users\/7"}],"replies":[{"embeddable":true,"href":"https:\/\/casana.nl\/es\/wp-json\/wp\/v2\/comments?post=5269"}],"version-history":[{"count":9,"href":"https:\/\/casana.nl\/es\/wp-json\/wp\/v2\/pages\/5269\/revisions"}],"predecessor-version":[{"id":39914,"href":"https:\/\/casana.nl\/es\/wp-json\/wp\/v2\/pages\/5269\/revisions\/39914"}],"wp:attachment":[{"href":"https:\/\/casana.nl\/es\/wp-json\/wp\/v2\/media?parent=5269"}],"curies":[{"name":"wp","href":"https:\/\/api.w.org\/{rel}","templated":true}]}}